{"id":5170,"date":"2017-01-11T14:21:01","date_gmt":"2017-01-11T16:21:01","guid":{"rendered":"http:\/\/totallubri.com.br\/?post_type=product&#038;p=5170"},"modified":"2024-11-29T11:31:23","modified_gmt":"2024-11-29T14:31:23","slug":"aferidor-9004-lupus","status":"publish","type":"product","link":"https:\/\/totallubri.com.br\/?product=aferidor-9004-lupus","title":{"rendered":"Aferidor &#8211; 9004 &#8211; Lupus"},"content":{"rendered":"<div class=\"cont_produto\">\n<p align=\"left\">Em chapa de a\u00e7o pintada, com visor e escala<br \/>\nde gradua\u00e7\u00e3o, para bomba de combust\u00edvel,<br \/>\naprovado e aferido individualmente pelo INMETRO.<\/p>\n<p align=\"left\"><span style=\"font-family: HelveticaNeue-LightCond;\">Capacidade . <\/span><b><span style=\"font-family: HelveticaNeue-Bold;\">20 L<br \/>\n*OBS: Outras capacidades sob consulta.\u00a0<\/span><\/b><\/p>\n<p align=\"left\"><b><span style=\"font-family: HelveticaNeue-Bold;\"><br \/>\n<\/span><\/b><span style=\"font-family: HelveticaNeue-LightCond; font-size: xx-small;\"><span style=\"font-family: HelveticaNeue-LightCond; font-size: small;\">Peso: 7 kg . Medidas: (A) 680 mm x (L) 340 mm<\/span><\/span><\/p>\n<\/div>\n<div><\/div>\n","protected":false},"excerpt":{"rendered":"<p>Em chapa de a\u00e7o pintada, com visor e escala de gradua\u00e7\u00e3o, para bomba de combust\u00edvel, aprovado e aferido individualmente pelo INMETRO. Capacidade . 20 L *OBS: Outras capacidades sob consulta.\u00a0 Peso: 7 kg . Medidas: (A) 680 mm x (L) 340 mm<\/p>\n","protected":false},"featured_media":5171,"comment_status":"open","ping_status":"closed","template":"","meta":{"_exactmetrics_skip_tracking":false,"_exactmetrics_sitenote_active":false,"_exactmetrics_sitenote_note":"","_exactmetrics_sitenote_category":0},"product_brand":[],"product_cat":[107],"product_tag":[],"class_list":{"0":"post-5170","1":"product","2":"type-product","3":"status-publish","4":"has-post-thumbnail","6":"product_cat-equipamentos-para-troca-de-oleo","8":"first","9":"instock","10":"shipping-taxable","11":"product-type-simple"},"_links":{"self":[{"href":"https:\/\/totallubri.com.br\/index.php?rest_route=\/wp\/v2\/product\/5170","targetHints":{"allow":["GET"]}}],"collection":[{"href":"https:\/\/totallubri.com.br\/index.php?rest_route=\/wp\/v2\/product"}],"about":[{"href":"https:\/\/totallubri.com.br\/index.php?rest_route=\/wp\/v2\/types\/product"}],"replies":[{"embeddable":true,"href":"https:\/\/totallubri.com.br\/index.php?rest_route=%2Fwp%2Fv2%2Fcomments&post=5170"}],"wp:featuredmedia":[{"embeddable":true,"href":"https:\/\/totallubri.com.br\/index.php?rest_route=\/wp\/v2\/media\/5171"}],"wp:attachment":[{"href":"https:\/\/totallubri.com.br\/index.php?rest_route=%2Fwp%2Fv2%2Fmedia&parent=5170"}],"wp:term":[{"taxonomy":"product_brand","embeddable":true,"href":"https:\/\/totallubri.com.br\/index.php?rest_route=%2Fwp%2Fv2%2Fproduct_brand&post=5170"},{"taxonomy":"product_cat","embeddable":true,"href":"https:\/\/totallubri.com.br\/index.php?rest_route=%2Fwp%2Fv2%2Fproduct_cat&post=5170"},{"taxonomy":"product_tag","embeddable":true,"href":"https:\/\/totallubri.com.br\/index.php?rest_route=%2Fwp%2Fv2%2Fproduct_tag&post=5170"}],"curies":[{"name":"wp","href":"https:\/\/api.w.org\/{rel}","templated":true}]}}