{"id":5177,"date":"2017-01-11T14:28:30","date_gmt":"2017-01-11T16:28:30","guid":{"rendered":"http:\/\/totallubri.com.br\/?post_type=product&#038;p=5177"},"modified":"2024-12-01T12:54:18","modified_gmt":"2024-12-01T15:54:18","slug":"medidor-mecanico-a-prova-de-explosao-2125-piusi","status":"publish","type":"product","link":"https:\/\/totallubri.com.br\/?product=medidor-mecanico-a-prova-de-explosao-2125-piusi","title":{"rendered":"Medidor Mec\u00e2nico \u00e0 Prova de Explos\u00e3o &#8211; 2125 &#8211; Piusi"},"content":{"rendered":"<p align=\"left\">Em alum\u00ednio, para combust\u00edveis.<\/p>\n<p align=\"left\"><span style=\"font-family: HelveticaNeue-LightCond;\">D\u00edgitos . <\/span><b><span style=\"font-family: HelveticaNeue-Bold;\">03<br \/>\n<\/span><\/b><span style=\"font-family: HelveticaNeue-LightCond;\">Vaz\u00e3o livre . <\/span><b><span style=\"font-family: HelveticaNeue-Bold;\">20 a 120 L\/min<br \/>\n<\/span><\/b><span style=\"font-family: HelveticaNeue-LightCond;\">Press\u00e3o m\u00e1x. de opera\u00e7\u00e3o . <\/span><b><span style=\"font-family: HelveticaNeue-Bold;\">50 PSI<br \/>\n<\/span><\/b><span style=\"font-family: HelveticaNeue-LightCond;\">Entrada e sa\u00edda . <\/span><span style=\"font-family: HelveticaNeue-Light;\">\u00f8 <\/span><b><span style=\"font-family: HelveticaNeue-Bold;\">1\u201d BSP<br \/>\n<\/span><\/b><span style=\"font-family: HelveticaNeue-LightCond;\">Precis\u00e3o . <\/span><b><span style=\"font-family: HelveticaNeue-Bold;\">1%<br \/>\n<\/span><\/b><span style=\"font-family: HelveticaNeue-LightCond;\">Sistema de medi\u00e7\u00e3o<br \/>\n<\/span><b><span style=\"font-family: HelveticaNeue-Bold;\">discos oscilantes<br \/>\n<\/span><\/b><span style=\"font-family: HelveticaNeue-LightCond;\">Certifica\u00e7\u00e3o . <\/span><b><span style=\"font-family: HelveticaNeue-Bold;\">ATEX<br \/>\n<\/span><\/b><span style=\"font-family: HelveticaNeue-LightCond; font-size: xx-small;\"><span style=\"font-size: small;\">Peso: 2 kg<br \/>\n<\/span><span style=\"font-size: small;\">Medidas: (A) 150 mm x (L) 200 mm<\/span><\/span><\/p>\n","protected":false},"excerpt":{"rendered":"<p>Em alum\u00ednio, para combust\u00edveis. D\u00edgitos . 03 Vaz\u00e3o livre . 20 a 120 L\/min Press\u00e3o m\u00e1x. de opera\u00e7\u00e3o . 50 PSI Entrada e sa\u00edda . \u00f8 1\u201d BSP Precis\u00e3o . 1% Sistema de medi\u00e7\u00e3o discos oscilantes Certifica\u00e7\u00e3o . ATEX Peso: 2 kg Medidas: (A) 150 mm x (L) 200 mm<\/p>\n","protected":false},"featured_media":5178,"comment_status":"open","ping_status":"closed","template":"","meta":{"_exactmetrics_skip_tracking":false,"_exactmetrics_sitenote_active":false,"_exactmetrics_sitenote_note":"","_exactmetrics_sitenote_category":0},"product_brand":[],"product_cat":[109],"product_tag":[],"class_list":{"0":"post-5177","1":"product","2":"type-product","3":"status-publish","4":"has-post-thumbnail","6":"product_cat-medidor-mecanico","8":"first","9":"instock","10":"shipping-taxable","11":"product-type-simple"},"_links":{"self":[{"href":"https:\/\/totallubri.com.br\/index.php?rest_route=\/wp\/v2\/product\/5177","targetHints":{"allow":["GET"]}}],"collection":[{"href":"https:\/\/totallubri.com.br\/index.php?rest_route=\/wp\/v2\/product"}],"about":[{"href":"https:\/\/totallubri.com.br\/index.php?rest_route=\/wp\/v2\/types\/product"}],"replies":[{"embeddable":true,"href":"https:\/\/totallubri.com.br\/index.php?rest_route=%2Fwp%2Fv2%2Fcomments&post=5177"}],"wp:featuredmedia":[{"embeddable":true,"href":"https:\/\/totallubri.com.br\/index.php?rest_route=\/wp\/v2\/media\/5178"}],"wp:attachment":[{"href":"https:\/\/totallubri.com.br\/index.php?rest_route=%2Fwp%2Fv2%2Fmedia&parent=5177"}],"wp:term":[{"taxonomy":"product_brand","embeddable":true,"href":"https:\/\/totallubri.com.br\/index.php?rest_route=%2Fwp%2Fv2%2Fproduct_brand&post=5177"},{"taxonomy":"product_cat","embeddable":true,"href":"https:\/\/totallubri.com.br\/index.php?rest_route=%2Fwp%2Fv2%2Fproduct_cat&post=5177"},{"taxonomy":"product_tag","embeddable":true,"href":"https:\/\/totallubri.com.br\/index.php?rest_route=%2Fwp%2Fv2%2Fproduct_tag&post=5177"}],"curies":[{"name":"wp","href":"https:\/\/api.w.org\/{rel}","templated":true}]}}