{"id":5179,"date":"2017-01-11T14:30:07","date_gmt":"2017-01-11T16:30:07","guid":{"rendered":"http:\/\/totallubri.com.br\/?post_type=product&#038;p=5179"},"modified":"2024-12-04T11:03:07","modified_gmt":"2024-12-04T14:03:07","slug":"medidor-mecanico-2100p-k7-piusi","status":"publish","type":"product","link":"https:\/\/totallubri.com.br\/?product=medidor-mecanico-2100p-k7-piusi","title":{"rendered":"Medidor Mec\u00e2nico \u2013 2100P-K7 \u2013 Piusi"},"content":{"rendered":"<p align=\"left\">Em alum\u00ednio, com temperatura at\u00e9 70\u00ba, totalizador, usado por gravidade ou bomba, para \u00f3leo diesel.<\/p>\n<p align=\"left\"><span style=\"font-family: HelveticaNeue-LightCond;\">D\u00edgitos . <\/span><b><span style=\"font-family: HelveticaNeue-Bold;\">04<br \/>\n<\/span><\/b><span style=\"font-family: HelveticaNeue-LightCond;\">Vaz\u00e3o livre . <\/span><b><span style=\"font-family: HelveticaNeue-Bold;\">20 a 220 L\/min<br \/>\n<\/span><\/b><span style=\"font-family: HelveticaNeue-LightCond;\">Press\u00e3o m\u00e1x. de opera\u00e7\u00e3o . <\/span><b><span style=\"font-family: HelveticaNeue-Bold;\">140 PSI<br \/>\n<\/span><\/b><span style=\"font-family: HelveticaNeue-LightCond;\">Entrada e sa\u00edda . <\/span><span style=\"font-family: HelveticaNeue-Light;\">\u00f8 <\/span><b><span style=\"font-family: HelveticaNeue-Bold;\">1 1\/2\u201d BSP<br \/>\n<\/span><\/b><span style=\"font-family: HelveticaNeue-LightCond;\">Precis\u00e3o . <\/span><b><span style=\"font-family: HelveticaNeue-Bold;\">1%<br \/>\n<\/span><\/b><span style=\"font-family: HelveticaNeue-LightCond;\">Sistema de medi\u00e7\u00e3o<br \/>\n<\/span><b><span style=\"font-family: HelveticaNeue-Bold;\">engrenagens ovais<br \/>\n<\/span><\/b><span style=\"font-family: HelveticaNeue-LightCond; font-size: xx-small;\"><span style=\"font-size: small;\">Peso: 6 kg<br \/>\n<\/span><span style=\"font-size: small;\">Medidas: (A) 275 mm x (L) 240 mm x (C) 240 mm<\/span><\/span><\/p>\n","protected":false},"excerpt":{"rendered":"<p>Em alum\u00ednio, com temperatura at\u00e9 70\u00ba, totalizador, usado por gravidade ou bomba, para \u00f3leo diesel. D\u00edgitos . 04 Vaz\u00e3o livre . 20 a 220 L\/min Press\u00e3o m\u00e1x. de opera\u00e7\u00e3o . 140 PSI Entrada e sa\u00edda . \u00f8 1 1\/2\u201d BSP Precis\u00e3o . 1% Sistema de medi\u00e7\u00e3o engrenagens ovais Peso: 6 kg Medidas: (A) 275 mm [&hellip;]<\/p>\n","protected":false},"featured_media":5180,"comment_status":"open","ping_status":"closed","template":"","meta":{"_exactmetrics_skip_tracking":false,"_exactmetrics_sitenote_active":false,"_exactmetrics_sitenote_note":"","_exactmetrics_sitenote_category":0},"product_brand":[],"product_cat":[109],"product_tag":[],"class_list":{"0":"post-5179","1":"product","2":"type-product","3":"status-publish","4":"has-post-thumbnail","6":"product_cat-medidor-mecanico","8":"first","9":"instock","10":"shipping-taxable","11":"product-type-simple"},"_links":{"self":[{"href":"https:\/\/totallubri.com.br\/index.php?rest_route=\/wp\/v2\/product\/5179","targetHints":{"allow":["GET"]}}],"collection":[{"href":"https:\/\/totallubri.com.br\/index.php?rest_route=\/wp\/v2\/product"}],"about":[{"href":"https:\/\/totallubri.com.br\/index.php?rest_route=\/wp\/v2\/types\/product"}],"replies":[{"embeddable":true,"href":"https:\/\/totallubri.com.br\/index.php?rest_route=%2Fwp%2Fv2%2Fcomments&post=5179"}],"wp:featuredmedia":[{"embeddable":true,"href":"https:\/\/totallubri.com.br\/index.php?rest_route=\/wp\/v2\/media\/5180"}],"wp:attachment":[{"href":"https:\/\/totallubri.com.br\/index.php?rest_route=%2Fwp%2Fv2%2Fmedia&parent=5179"}],"wp:term":[{"taxonomy":"product_brand","embeddable":true,"href":"https:\/\/totallubri.com.br\/index.php?rest_route=%2Fwp%2Fv2%2Fproduct_brand&post=5179"},{"taxonomy":"product_cat","embeddable":true,"href":"https:\/\/totallubri.com.br\/index.php?rest_route=%2Fwp%2Fv2%2Fproduct_cat&post=5179"},{"taxonomy":"product_tag","embeddable":true,"href":"https:\/\/totallubri.com.br\/index.php?rest_route=%2Fwp%2Fv2%2Fproduct_tag&post=5179"}],"curies":[{"name":"wp","href":"https:\/\/api.w.org\/{rel}","templated":true}]}}