{"id":5182,"date":"2019-08-11T10:34:16","date_gmt":"2019-08-11T13:34:16","guid":{"rendered":"http:\/\/totallubri.com.br\/?post_type=product&#038;p=5182"},"modified":"2025-01-23T15:49:39","modified_gmt":"2025-01-23T18:49:39","slug":"medidor-registrador-2100-mpbs-lupus","status":"publish","type":"product","link":"https:\/\/totallubri.com.br\/?product=medidor-registrador-2100-mpbs-lupus","title":{"rendered":"Medidor Registrador 2100-MPBS \u2013 Lupus"},"content":{"rendered":"<p align=\"left\">Em alum\u00ednio, para combust\u00edveis.<\/p>\n<p align=\"left\"><span style=\"font-family: HelveticaNeue-LightCond;\">D\u00edgitos . <\/span><b><span style=\"font-family: HelveticaNeue-Bold;\">04<br \/>\n<\/span><\/b><span style=\"font-family: HelveticaNeue-LightCond;\">Vaz\u00e3o livre . <\/span><b><span style=\"font-family: HelveticaNeue-Bold;\">100 L\/min<br \/>\n<\/span><\/b><span style=\"font-family: HelveticaNeue-LightCond;\">Press\u00e3o m\u00e1x. de opera\u00e7\u00e3o . <\/span><b><span style=\"font-family: HelveticaNeue-Bold;\">45 PSI<br \/>\n<\/span><\/b><span style=\"font-family: HelveticaNeue-LightCond;\">Entrada e sa\u00edda <\/span><span style=\"font-family: HelveticaNeue-Light;\">\u00f8 <\/span><b><span style=\"font-family: HelveticaNeue-Bold;\">1\u201d <\/span><\/b><span style=\"font-family: HelveticaNeue-UltraLight;\">\/ <\/span><b><span style=\"font-family: HelveticaNeue-Bold;\">fl angeada a conex\u00e3o<br \/>\n<\/span><\/b><span style=\"font-family: HelveticaNeue-LightCond;\">Precis\u00e3o . <\/span><b><span style=\"font-family: HelveticaNeue-Bold;\">0,5%<br \/>\n<\/span><\/b><span style=\"font-family: HelveticaNeue-LightCond; font-size: xx-small;\"><span style=\"font-size: small;\">Peso: 14 kg<br \/>\n<\/span><span style=\"font-size: small;\">Medidas: (A) 500 mm x (L) 340 mm<\/span><\/span><\/p>\n","protected":false},"excerpt":{"rendered":"<p>Em alum\u00ednio, para combust\u00edveis. D\u00edgitos . 04 Vaz\u00e3o livre . 100 L\/min Press\u00e3o m\u00e1x. de opera\u00e7\u00e3o . 45 PSI Entrada e sa\u00edda \u00f8 1\u201d \/ fl angeada a conex\u00e3o Precis\u00e3o . 0,5% Peso: 14 kg Medidas: (A) 500 mm x (L) 340 mm<\/p>\n","protected":false},"featured_media":5183,"comment_status":"open","ping_status":"closed","template":"","meta":{"_exactmetrics_skip_tracking":false,"_exactmetrics_sitenote_active":false,"_exactmetrics_sitenote_note":"","_exactmetrics_sitenote_category":0},"product_brand":[],"product_cat":[92,109],"product_tag":[],"class_list":{"0":"post-5182","1":"product","2":"type-product","3":"status-publish","4":"has-post-thumbnail","6":"product_cat-combate-a-incendio","7":"product_cat-medidor-mecanico","9":"first","10":"instock","11":"featured","12":"shipping-taxable","13":"product-type-simple"},"_links":{"self":[{"href":"https:\/\/totallubri.com.br\/index.php?rest_route=\/wp\/v2\/product\/5182","targetHints":{"allow":["GET"]}}],"collection":[{"href":"https:\/\/totallubri.com.br\/index.php?rest_route=\/wp\/v2\/product"}],"about":[{"href":"https:\/\/totallubri.com.br\/index.php?rest_route=\/wp\/v2\/types\/product"}],"replies":[{"embeddable":true,"href":"https:\/\/totallubri.com.br\/index.php?rest_route=%2Fwp%2Fv2%2Fcomments&post=5182"}],"wp:featuredmedia":[{"embeddable":true,"href":"https:\/\/totallubri.com.br\/index.php?rest_route=\/wp\/v2\/media\/5183"}],"wp:attachment":[{"href":"https:\/\/totallubri.com.br\/index.php?rest_route=%2Fwp%2Fv2%2Fmedia&parent=5182"}],"wp:term":[{"taxonomy":"product_brand","embeddable":true,"href":"https:\/\/totallubri.com.br\/index.php?rest_route=%2Fwp%2Fv2%2Fproduct_brand&post=5182"},{"taxonomy":"product_cat","embeddable":true,"href":"https:\/\/totallubri.com.br\/index.php?rest_route=%2Fwp%2Fv2%2Fproduct_cat&post=5182"},{"taxonomy":"product_tag","embeddable":true,"href":"https:\/\/totallubri.com.br\/index.php?rest_route=%2Fwp%2Fv2%2Fproduct_tag&post=5182"}],"curies":[{"name":"wp","href":"https:\/\/api.w.org\/{rel}","templated":true}]}}