{"id":5184,"date":"2017-01-11T14:37:19","date_gmt":"2017-01-11T16:37:19","guid":{"rendered":"http:\/\/totallubri.com.br\/?post_type=product&#038;p=5184"},"modified":"2025-01-23T16:16:00","modified_gmt":"2025-01-23T19:16:00","slug":"medidor-registrador-2300-mp-lupus","status":"publish","type":"product","link":"https:\/\/totallubri.com.br\/?product=medidor-registrador-2300-mp-lupus","title":{"rendered":"Medidor Registrador \u2013 2300-MP \u2013 Lupus"},"content":{"rendered":"<p>Em a\u00e7o carbono, para \u00f3leo diesel, gasolina<br \/>\ne querosene.<\/p>\n<p>D\u00edgitos .<strong> 05<\/strong><br \/>\nVaz\u00e3o livre . <strong>38 a 380 L\/min<\/strong><br \/>\nPress\u00e3o m\u00e1xima de opera\u00e7\u00e3o . <strong>120 PSI<br \/>\n<\/strong>Entrada e sa\u00edda . \u00f8<strong> 2\u201d<br \/>\n<\/strong>Precis\u00e3o . <strong>0,5%<br \/>\n<\/strong>Sistema de medi\u00e7\u00e3o . <strong>palhetas<br \/>\n<\/strong><br \/>\nPeso: 20 kg . Medidas: (A) 410 mm x (L) 290 mm<\/p>\n","protected":false},"excerpt":{"rendered":"<p>Em a\u00e7o carbono, para \u00f3leo diesel, gasolina e querosene. D\u00edgitos . 05 Vaz\u00e3o livre . 38 a 380 L\/min Press\u00e3o m\u00e1xima de opera\u00e7\u00e3o . 120 PSI Entrada e sa\u00edda . \u00f8 2\u201d Precis\u00e3o . 0,5% Sistema de medi\u00e7\u00e3o . palhetas Peso: 20 kg . Medidas: (A) 410 mm x (L) 290 mm<\/p>\n","protected":false},"featured_media":5185,"comment_status":"open","ping_status":"closed","template":"","meta":{"_exactmetrics_skip_tracking":false,"_exactmetrics_sitenote_active":false,"_exactmetrics_sitenote_note":"","_exactmetrics_sitenote_category":0},"product_brand":[],"product_cat":[92,109],"product_tag":[],"class_list":{"0":"post-5184","1":"product","2":"type-product","3":"status-publish","4":"has-post-thumbnail","6":"product_cat-combate-a-incendio","7":"product_cat-medidor-mecanico","9":"first","10":"instock","11":"shipping-taxable","12":"product-type-simple"},"_links":{"self":[{"href":"https:\/\/totallubri.com.br\/index.php?rest_route=\/wp\/v2\/product\/5184","targetHints":{"allow":["GET"]}}],"collection":[{"href":"https:\/\/totallubri.com.br\/index.php?rest_route=\/wp\/v2\/product"}],"about":[{"href":"https:\/\/totallubri.com.br\/index.php?rest_route=\/wp\/v2\/types\/product"}],"replies":[{"embeddable":true,"href":"https:\/\/totallubri.com.br\/index.php?rest_route=%2Fwp%2Fv2%2Fcomments&post=5184"}],"wp:featuredmedia":[{"embeddable":true,"href":"https:\/\/totallubri.com.br\/index.php?rest_route=\/wp\/v2\/media\/5185"}],"wp:attachment":[{"href":"https:\/\/totallubri.com.br\/index.php?rest_route=%2Fwp%2Fv2%2Fmedia&parent=5184"}],"wp:term":[{"taxonomy":"product_brand","embeddable":true,"href":"https:\/\/totallubri.com.br\/index.php?rest_route=%2Fwp%2Fv2%2Fproduct_brand&post=5184"},{"taxonomy":"product_cat","embeddable":true,"href":"https:\/\/totallubri.com.br\/index.php?rest_route=%2Fwp%2Fv2%2Fproduct_cat&post=5184"},{"taxonomy":"product_tag","embeddable":true,"href":"https:\/\/totallubri.com.br\/index.php?rest_route=%2Fwp%2Fv2%2Fproduct_tag&post=5184"}],"curies":[{"name":"wp","href":"https:\/\/api.w.org\/{rel}","templated":true}]}}