{"id":5189,"date":"2017-01-11T14:41:25","date_gmt":"2017-01-11T16:41:25","guid":{"rendered":"http:\/\/totallubri.com.br\/?post_type=product&#038;p=5189"},"modified":"2024-12-01T13:03:05","modified_gmt":"2024-12-01T16:03:05","slug":"medidor-registrador-2600-mp-lupus","status":"publish","type":"product","link":"https:\/\/totallubri.com.br\/?product=medidor-registrador-2600-mp-lupus","title":{"rendered":"Medidor Registrador &#8211; 2600-MP &#8211; Lupus"},"content":{"rendered":"<p align=\"left\">Em a\u00e7o carbono, com separador de ar, para \u00f3leo diesel, gasolina e querosene.<\/p>\n<p align=\"left\"><span style=\"font-family: HelveticaNeue-LightCond;\">D\u00edgitos . <\/span><b><span style=\"font-family: HelveticaNeue-Bold;\">05<br \/>\n<\/span><\/b><span style=\"font-family: HelveticaNeue-LightCond;\">Vaz\u00e3o livre . <\/span><b><span style=\"font-family: HelveticaNeue-Bold;\">100 a 1.000 L\/min<br \/>\n<\/span><\/b><span style=\"font-family: HelveticaNeue-LightCond;\">Press\u00e3o m\u00e1xima de opera\u00e7\u00e3o . <\/span><b><span style=\"font-family: HelveticaNeue-Bold;\">150 PSI<br \/>\n<\/span><\/b><span style=\"font-family: HelveticaNeue-LightCond;\">Entrada e sa\u00edda . <\/span><span style=\"font-family: HelveticaNeue-Light;\">\u00f8 <\/span><b><span style=\"font-family: HelveticaNeue-Bold;\">3\u201d<br \/>\n<\/span><\/b><span style=\"font-family: HelveticaNeue-LightCond;\">Precis\u00e3o . <\/span><b><span style=\"font-family: HelveticaNeue-Bold;\">0,5%<br \/>\n<\/span><\/b><span style=\"font-family: HelveticaNeue-LightCond;\">Sistema de medi\u00e7\u00e3o . <\/span><b><span style=\"font-family: HelveticaNeue-Bold;\">palhetas<\/span><\/b><\/p>\n<p>Peso: 40 kg . Medidas: (A) 580 mm x (L) 610 mm<\/p>\n<p>&nbsp;<\/p>\n","protected":false},"excerpt":{"rendered":"<p>Em a\u00e7o carbono, com separador de ar, para \u00f3leo diesel, gasolina e querosene. D\u00edgitos . 05 Vaz\u00e3o livre . 100 a 1.000 L\/min Press\u00e3o m\u00e1xima de opera\u00e7\u00e3o . 150 PSI Entrada e sa\u00edda . \u00f8 3\u201d Precis\u00e3o . 0,5% Sistema de medi\u00e7\u00e3o . palhetas Peso: 40 kg . Medidas: (A) 580 mm x (L) 610 [&hellip;]<\/p>\n","protected":false},"featured_media":5191,"comment_status":"open","ping_status":"closed","template":"","meta":{"_exactmetrics_skip_tracking":false,"_exactmetrics_sitenote_active":false,"_exactmetrics_sitenote_note":"","_exactmetrics_sitenote_category":0},"product_brand":[],"product_cat":[109],"product_tag":[],"class_list":{"0":"post-5189","1":"product","2":"type-product","3":"status-publish","4":"has-post-thumbnail","6":"product_cat-medidor-mecanico","8":"first","9":"instock","10":"shipping-taxable","11":"product-type-simple"},"_links":{"self":[{"href":"https:\/\/totallubri.com.br\/index.php?rest_route=\/wp\/v2\/product\/5189","targetHints":{"allow":["GET"]}}],"collection":[{"href":"https:\/\/totallubri.com.br\/index.php?rest_route=\/wp\/v2\/product"}],"about":[{"href":"https:\/\/totallubri.com.br\/index.php?rest_route=\/wp\/v2\/types\/product"}],"replies":[{"embeddable":true,"href":"https:\/\/totallubri.com.br\/index.php?rest_route=%2Fwp%2Fv2%2Fcomments&post=5189"}],"wp:featuredmedia":[{"embeddable":true,"href":"https:\/\/totallubri.com.br\/index.php?rest_route=\/wp\/v2\/media\/5191"}],"wp:attachment":[{"href":"https:\/\/totallubri.com.br\/index.php?rest_route=%2Fwp%2Fv2%2Fmedia&parent=5189"}],"wp:term":[{"taxonomy":"product_brand","embeddable":true,"href":"https:\/\/totallubri.com.br\/index.php?rest_route=%2Fwp%2Fv2%2Fproduct_brand&post=5189"},{"taxonomy":"product_cat","embeddable":true,"href":"https:\/\/totallubri.com.br\/index.php?rest_route=%2Fwp%2Fv2%2Fproduct_cat&post=5189"},{"taxonomy":"product_tag","embeddable":true,"href":"https:\/\/totallubri.com.br\/index.php?rest_route=%2Fwp%2Fv2%2Fproduct_tag&post=5189"}],"curies":[{"name":"wp","href":"https:\/\/api.w.org\/{rel}","templated":true}]}}