{"id":5194,"date":"2017-01-11T14:44:50","date_gmt":"2017-01-11T16:44:50","guid":{"rendered":"http:\/\/totallubri.com.br\/?post_type=product&#038;p=5194"},"modified":"2024-12-01T13:04:23","modified_gmt":"2024-12-01T16:04:23","slug":"medidor-registrador-2700-mp-lupus","status":"publish","type":"product","link":"https:\/\/totallubri.com.br\/?product=medidor-registrador-2700-mp-lupus","title":{"rendered":"Medidor Registrador &#8211; 2700-MP &#8211; Lupus"},"content":{"rendered":"<p>Em a\u00e7o carbono, com separador de ar, para \u00f3leo diesel, gasolina e querosene.<\/p>\n<p>D\u00edgitos . <strong>05<\/strong><br \/>\nVaz\u00e3o livre . <strong>130 a 1.300 L\/min<\/strong><br \/>\nPress\u00e3o m\u00e1xima de opera\u00e7\u00e3o . <strong>150 PSI<\/strong><br \/>\nEntrada e sa\u00edda . <strong>\u00f8 4\u201d<\/strong><br \/>\nPrecis\u00e3o .<strong> 0,5%<\/strong><br \/>\nSistema de medi\u00e7\u00e3o .<strong> palhetas<\/strong><\/p>\n<p>Peso: 70 kg . Medidas: (A) 760 mm x (L) 720 mm<\/p>\n","protected":false},"excerpt":{"rendered":"<p>Em a\u00e7o carbono, com separador de ar, para \u00f3leo diesel, gasolina e querosene. D\u00edgitos . 05 Vaz\u00e3o livre . 130 a 1.300 L\/min Press\u00e3o m\u00e1xima de opera\u00e7\u00e3o . 150 PSI Entrada e sa\u00edda . \u00f8 4\u201d Precis\u00e3o . 0,5% Sistema de medi\u00e7\u00e3o . palhetas Peso: 70 kg . Medidas: (A) 760 mm x (L) 720 [&hellip;]<\/p>\n","protected":false},"featured_media":5195,"comment_status":"open","ping_status":"closed","template":"","meta":{"_exactmetrics_skip_tracking":false,"_exactmetrics_sitenote_active":false,"_exactmetrics_sitenote_note":"","_exactmetrics_sitenote_category":0},"product_brand":[],"product_cat":[109],"product_tag":[],"class_list":{"0":"post-5194","1":"product","2":"type-product","3":"status-publish","4":"has-post-thumbnail","6":"product_cat-medidor-mecanico","8":"first","9":"instock","10":"shipping-taxable","11":"product-type-simple"},"_links":{"self":[{"href":"https:\/\/totallubri.com.br\/index.php?rest_route=\/wp\/v2\/product\/5194","targetHints":{"allow":["GET"]}}],"collection":[{"href":"https:\/\/totallubri.com.br\/index.php?rest_route=\/wp\/v2\/product"}],"about":[{"href":"https:\/\/totallubri.com.br\/index.php?rest_route=\/wp\/v2\/types\/product"}],"replies":[{"embeddable":true,"href":"https:\/\/totallubri.com.br\/index.php?rest_route=%2Fwp%2Fv2%2Fcomments&post=5194"}],"wp:featuredmedia":[{"embeddable":true,"href":"https:\/\/totallubri.com.br\/index.php?rest_route=\/wp\/v2\/media\/5195"}],"wp:attachment":[{"href":"https:\/\/totallubri.com.br\/index.php?rest_route=%2Fwp%2Fv2%2Fmedia&parent=5194"}],"wp:term":[{"taxonomy":"product_brand","embeddable":true,"href":"https:\/\/totallubri.com.br\/index.php?rest_route=%2Fwp%2Fv2%2Fproduct_brand&post=5194"},{"taxonomy":"product_cat","embeddable":true,"href":"https:\/\/totallubri.com.br\/index.php?rest_route=%2Fwp%2Fv2%2Fproduct_cat&post=5194"},{"taxonomy":"product_tag","embeddable":true,"href":"https:\/\/totallubri.com.br\/index.php?rest_route=%2Fwp%2Fv2%2Fproduct_tag&post=5194"}],"curies":[{"name":"wp","href":"https:\/\/api.w.org\/{rel}","templated":true}]}}