{"id":5198,"date":"2017-01-11T14:49:10","date_gmt":"2017-01-11T16:49:10","guid":{"rendered":"http:\/\/totallubri.com.br\/?post_type=product&#038;p=5198"},"modified":"2025-01-23T16:18:20","modified_gmt":"2025-01-23T19:18:20","slug":"numerador-mecanico-com-capa-2100-nmc-lupus","status":"publish","type":"product","link":"https:\/\/totallubri.com.br\/?product=numerador-mecanico-com-capa-2100-nmc-lupus","title":{"rendered":"Numerador Mec\u00e2nico com Capa \u2013 2100-NMC \u2013 Lupus"},"content":{"rendered":"<p>Em a\u00e7o galvanizado, com totalizador, capae bot\u00e3o reset.<\/p>\n<p>D\u00edgitos . <strong>04<\/strong><\/p>\n<p><strong>Peso: 2 kg . Medidas: (A) 105 mm x (L) 205 mm<\/strong><\/p>\n","protected":false},"excerpt":{"rendered":"<p>Em a\u00e7o galvanizado, com totalizador, capae bot\u00e3o reset. D\u00edgitos . 04 Peso: 2 kg . Medidas: (A) 105 mm x (L) 205 mm<\/p>\n","protected":false},"featured_media":5199,"comment_status":"open","ping_status":"closed","template":"","meta":{"_exactmetrics_skip_tracking":false,"_exactmetrics_sitenote_active":false,"_exactmetrics_sitenote_note":"","_exactmetrics_sitenote_category":0},"product_brand":[],"product_cat":[92,109],"product_tag":[],"class_list":{"0":"post-5198","1":"product","2":"type-product","3":"status-publish","4":"has-post-thumbnail","6":"product_cat-combate-a-incendio","7":"product_cat-medidor-mecanico","9":"first","10":"instock","11":"shipping-taxable","12":"product-type-simple"},"_links":{"self":[{"href":"https:\/\/totallubri.com.br\/index.php?rest_route=\/wp\/v2\/product\/5198","targetHints":{"allow":["GET"]}}],"collection":[{"href":"https:\/\/totallubri.com.br\/index.php?rest_route=\/wp\/v2\/product"}],"about":[{"href":"https:\/\/totallubri.com.br\/index.php?rest_route=\/wp\/v2\/types\/product"}],"replies":[{"embeddable":true,"href":"https:\/\/totallubri.com.br\/index.php?rest_route=%2Fwp%2Fv2%2Fcomments&post=5198"}],"wp:featuredmedia":[{"embeddable":true,"href":"https:\/\/totallubri.com.br\/index.php?rest_route=\/wp\/v2\/media\/5199"}],"wp:attachment":[{"href":"https:\/\/totallubri.com.br\/index.php?rest_route=%2Fwp%2Fv2%2Fmedia&parent=5198"}],"wp:term":[{"taxonomy":"product_brand","embeddable":true,"href":"https:\/\/totallubri.com.br\/index.php?rest_route=%2Fwp%2Fv2%2Fproduct_brand&post=5198"},{"taxonomy":"product_cat","embeddable":true,"href":"https:\/\/totallubri.com.br\/index.php?rest_route=%2Fwp%2Fv2%2Fproduct_cat&post=5198"},{"taxonomy":"product_tag","embeddable":true,"href":"https:\/\/totallubri.com.br\/index.php?rest_route=%2Fwp%2Fv2%2Fproduct_tag&post=5198"}],"curies":[{"name":"wp","href":"https:\/\/api.w.org\/{rel}","templated":true}]}}