{"id":5200,"date":"2017-01-11T14:51:23","date_gmt":"2017-01-11T16:51:23","guid":{"rendered":"http:\/\/totallubri.com.br\/?post_type=product&#038;p=5200"},"modified":"2024-12-04T11:06:34","modified_gmt":"2024-12-04T14:06:34","slug":"numerador-registrador-2500-n-lupus","status":"publish","type":"product","link":"https:\/\/totallubri.com.br\/?product=numerador-registrador-2500-n-lupus","title":{"rendered":"Numerador Registrador &#8211; 2500-N &#8211; Lupus"},"content":{"rendered":"<p>Em a\u00e7o galvanizado, com totalizador, para medidores de alta vaz\u00e3o.<\/p>\n<p>D\u00edgitos .<strong> 05<br \/>\n<\/strong><br \/>\n<strong>Peso: 5,8 kg . Medidas: (A) 105 mm x (L) 213 mm<\/strong><\/p>\n","protected":false},"excerpt":{"rendered":"<p>Em a\u00e7o galvanizado, com totalizador, para medidores de alta vaz\u00e3o. D\u00edgitos . 05 Peso: 5,8 kg . Medidas: (A) 105 mm x (L) 213 mm<\/p>\n","protected":false},"featured_media":5201,"comment_status":"open","ping_status":"closed","template":"","meta":{"_exactmetrics_skip_tracking":false,"_exactmetrics_sitenote_active":false,"_exactmetrics_sitenote_note":"","_exactmetrics_sitenote_category":0},"product_brand":[],"product_cat":[109],"product_tag":[],"class_list":{"0":"post-5200","1":"product","2":"type-product","3":"status-publish","4":"has-post-thumbnail","6":"product_cat-medidor-mecanico","8":"first","9":"instock","10":"shipping-taxable","11":"product-type-simple"},"_links":{"self":[{"href":"https:\/\/totallubri.com.br\/index.php?rest_route=\/wp\/v2\/product\/5200","targetHints":{"allow":["GET"]}}],"collection":[{"href":"https:\/\/totallubri.com.br\/index.php?rest_route=\/wp\/v2\/product"}],"about":[{"href":"https:\/\/totallubri.com.br\/index.php?rest_route=\/wp\/v2\/types\/product"}],"replies":[{"embeddable":true,"href":"https:\/\/totallubri.com.br\/index.php?rest_route=%2Fwp%2Fv2%2Fcomments&post=5200"}],"wp:featuredmedia":[{"embeddable":true,"href":"https:\/\/totallubri.com.br\/index.php?rest_route=\/wp\/v2\/media\/5201"}],"wp:attachment":[{"href":"https:\/\/totallubri.com.br\/index.php?rest_route=%2Fwp%2Fv2%2Fmedia&parent=5200"}],"wp:term":[{"taxonomy":"product_brand","embeddable":true,"href":"https:\/\/totallubri.com.br\/index.php?rest_route=%2Fwp%2Fv2%2Fproduct_brand&post=5200"},{"taxonomy":"product_cat","embeddable":true,"href":"https:\/\/totallubri.com.br\/index.php?rest_route=%2Fwp%2Fv2%2Fproduct_cat&post=5200"},{"taxonomy":"product_tag","embeddable":true,"href":"https:\/\/totallubri.com.br\/index.php?rest_route=%2Fwp%2Fv2%2Fproduct_tag&post=5200"}],"curies":[{"name":"wp","href":"https:\/\/api.w.org\/{rel}","templated":true}]}}