{"id":5202,"date":"2017-01-11T14:56:11","date_gmt":"2017-01-11T16:56:11","guid":{"rendered":"http:\/\/totallubri.com.br\/?post_type=product&#038;p=5202"},"modified":"2024-12-01T12:27:45","modified_gmt":"2024-12-01T15:27:45","slug":"medidor-de-pulso-2170-p-piusi","status":"publish","type":"product","link":"https:\/\/totallubri.com.br\/?product=medidor-de-pulso-2170-p-piusi","title":{"rendered":"Medidor de Pulso &#8211; 2170-P &#8211; Piusi"},"content":{"rendered":"<p>Em alum\u00ednio, para \u00f3leo diesel.<\/p>\n<p>Vaz\u00e3o livre . <strong>15 a 150 L\/min<br \/>\n<\/strong>Press\u00e3o m\u00e1x. de opera\u00e7\u00e3o .<strong> 280 PSI<br \/>\n<\/strong>Entrada e sa\u00edda<strong> \u00f8 1 1\/2\u201d BSP \/ flangeado<br \/>\n<\/strong>Precis\u00e3o .<strong> 0,5%<br \/>\n<\/strong>PPL .<strong> 26<br \/>\n<\/strong>Sistema de medi\u00e7\u00e3o <strong>engrenagens ovais<br \/>\n<\/strong><br \/>\n<strong>Peso: 3,2 kg<br \/>\nMedidas: (A) 90 mm x (L) 158 mm<\/strong><\/p>\n","protected":false},"excerpt":{"rendered":"<p>Em alum\u00ednio, para \u00f3leo diesel. Vaz\u00e3o livre . 15 a 150 L\/min Press\u00e3o m\u00e1x. de opera\u00e7\u00e3o . 280 PSI Entrada e sa\u00edda \u00f8 1 1\/2\u201d BSP \/ flangeado Precis\u00e3o . 0,5% PPL . 26 Sistema de medi\u00e7\u00e3o engrenagens ovais Peso: 3,2 kg Medidas: (A) 90 mm x (L) 158 mm<\/p>\n","protected":false},"featured_media":5203,"comment_status":"open","ping_status":"closed","template":"","meta":{"_exactmetrics_skip_tracking":false,"_exactmetrics_sitenote_active":false,"_exactmetrics_sitenote_note":"","_exactmetrics_sitenote_category":0},"product_brand":[],"product_cat":[109],"product_tag":[],"class_list":{"0":"post-5202","1":"product","2":"type-product","3":"status-publish","4":"has-post-thumbnail","6":"product_cat-medidor-mecanico","8":"first","9":"instock","10":"shipping-taxable","11":"product-type-simple"},"_links":{"self":[{"href":"https:\/\/totallubri.com.br\/index.php?rest_route=\/wp\/v2\/product\/5202","targetHints":{"allow":["GET"]}}],"collection":[{"href":"https:\/\/totallubri.com.br\/index.php?rest_route=\/wp\/v2\/product"}],"about":[{"href":"https:\/\/totallubri.com.br\/index.php?rest_route=\/wp\/v2\/types\/product"}],"replies":[{"embeddable":true,"href":"https:\/\/totallubri.com.br\/index.php?rest_route=%2Fwp%2Fv2%2Fcomments&post=5202"}],"wp:featuredmedia":[{"embeddable":true,"href":"https:\/\/totallubri.com.br\/index.php?rest_route=\/wp\/v2\/media\/5203"}],"wp:attachment":[{"href":"https:\/\/totallubri.com.br\/index.php?rest_route=%2Fwp%2Fv2%2Fmedia&parent=5202"}],"wp:term":[{"taxonomy":"product_brand","embeddable":true,"href":"https:\/\/totallubri.com.br\/index.php?rest_route=%2Fwp%2Fv2%2Fproduct_brand&post=5202"},{"taxonomy":"product_cat","embeddable":true,"href":"https:\/\/totallubri.com.br\/index.php?rest_route=%2Fwp%2Fv2%2Fproduct_cat&post=5202"},{"taxonomy":"product_tag","embeddable":true,"href":"https:\/\/totallubri.com.br\/index.php?rest_route=%2Fwp%2Fv2%2Fproduct_tag&post=5202"}],"curies":[{"name":"wp","href":"https:\/\/api.w.org\/{rel}","templated":true}]}}