{"id":5214,"date":"2017-01-11T15:14:05","date_gmt":"2017-01-11T17:14:05","guid":{"rendered":"http:\/\/totallubri.com.br\/?post_type=product&#038;p=5214"},"modified":"2024-11-30T18:23:20","modified_gmt":"2024-11-30T21:23:20","slug":"medidor-digital-2199-piusi","status":"publish","type":"product","link":"https:\/\/totallubri.com.br\/?product=medidor-digital-2199-piusi","title":{"rendered":"Medidor Digital &#8211; 2199 &#8211; Piusi"},"content":{"rendered":"<p>Em resina de acetal, com c\u00e2mera de medi\u00e7\u00e3o<br \/>\nem alum\u00ednio, para flu\u00eddos de baixa, m\u00e9dia e<br \/>\nalta viscosidade.<\/p>\n<p>Display . <strong>05 d\u00edgitos \/ 11,5 mm<\/strong><br \/>\nTotalizador . <strong>08 d\u00edgitos \/ 5 mm<\/strong><br \/>\nVaz\u00e3o livre . <strong>10 a 100 L\/min<\/strong><br \/>\nPress\u00e3o m\u00e1xima de opera\u00e7\u00e3o . <strong>425 PSI<\/strong><br \/>\nEntrada e sa\u00edda \u00f8 <strong>1\u201d BSP \/ f\u00eamea \/ flangeado<\/strong><br \/>\nPrecis\u00e3o . <strong>0,5%<\/strong><br \/>\nSistema de medi\u00e7\u00e3o . <strong>engrenagens ovais<\/strong><\/p>\n","protected":false},"excerpt":{"rendered":"<p>Em resina de acetal, com c\u00e2mera de medi\u00e7\u00e3o em alum\u00ednio, para flu\u00eddos de baixa, m\u00e9dia e alta viscosidade. Display . 05 d\u00edgitos \/ 11,5 mm Totalizador . 08 d\u00edgitos \/ 5 mm Vaz\u00e3o livre . 10 a 100 L\/min Press\u00e3o m\u00e1xima de opera\u00e7\u00e3o . 425 PSI Entrada e sa\u00edda \u00f8 1\u201d BSP \/ f\u00eamea \/ [&hellip;]<\/p>\n","protected":false},"featured_media":5215,"comment_status":"open","ping_status":"closed","template":"","meta":{"_exactmetrics_skip_tracking":false,"_exactmetrics_sitenote_active":false,"_exactmetrics_sitenote_note":"","_exactmetrics_sitenote_category":0},"product_brand":[],"product_cat":[108],"product_tag":[],"class_list":{"0":"post-5214","1":"product","2":"type-product","3":"status-publish","4":"has-post-thumbnail","6":"product_cat-medidor-digital","8":"first","9":"instock","10":"shipping-taxable","11":"product-type-simple"},"_links":{"self":[{"href":"https:\/\/totallubri.com.br\/index.php?rest_route=\/wp\/v2\/product\/5214","targetHints":{"allow":["GET"]}}],"collection":[{"href":"https:\/\/totallubri.com.br\/index.php?rest_route=\/wp\/v2\/product"}],"about":[{"href":"https:\/\/totallubri.com.br\/index.php?rest_route=\/wp\/v2\/types\/product"}],"replies":[{"embeddable":true,"href":"https:\/\/totallubri.com.br\/index.php?rest_route=%2Fwp%2Fv2%2Fcomments&post=5214"}],"wp:featuredmedia":[{"embeddable":true,"href":"https:\/\/totallubri.com.br\/index.php?rest_route=\/wp\/v2\/media\/5215"}],"wp:attachment":[{"href":"https:\/\/totallubri.com.br\/index.php?rest_route=%2Fwp%2Fv2%2Fmedia&parent=5214"}],"wp:term":[{"taxonomy":"product_brand","embeddable":true,"href":"https:\/\/totallubri.com.br\/index.php?rest_route=%2Fwp%2Fv2%2Fproduct_brand&post=5214"},{"taxonomy":"product_cat","embeddable":true,"href":"https:\/\/totallubri.com.br\/index.php?rest_route=%2Fwp%2Fv2%2Fproduct_cat&post=5214"},{"taxonomy":"product_tag","embeddable":true,"href":"https:\/\/totallubri.com.br\/index.php?rest_route=%2Fwp%2Fv2%2Fproduct_tag&post=5214"}],"curies":[{"name":"wp","href":"https:\/\/api.w.org\/{rel}","templated":true}]}}