{"id":5232,"date":"2017-01-11T15:37:15","date_gmt":"2017-01-11T17:37:15","guid":{"rendered":"http:\/\/totallubri.com.br\/?post_type=product&#038;p=5232"},"modified":"2024-11-25T16:12:28","modified_gmt":"2024-11-25T19:12:28","slug":"carretel-manual-alta-vazao-com-mangueira-3062-md50-coxreels","status":"publish","type":"product","link":"https:\/\/totallubri.com.br\/?product=carretel-manual-alta-vazao-com-mangueira-3062-md50-coxreels","title":{"rendered":"Carretel Manual Alta Vaz\u00e3o com Mangueira &#8211; 3062-MD50 &#8211; Coxreels"},"content":{"rendered":"<p>Em a\u00e7o, com base simples e retra\u00e7\u00e3o manual.<br \/>\nMontado com mangueira.<\/p>\n<p>Mangueira .<strong> 50 m \/ \u00f8 1\u201d<br \/>\n<\/strong>Press\u00e3o m\u00e1xima de opera\u00e7\u00e3o .<strong> 1.100 PSI<br \/>\n<\/strong><br \/>\n<strong>Peso: 13 kg . Medidas: (A) 480 mm x (L) 480 mm<br \/>\n<\/strong><br \/>\n<strong>OPCIONAIS 3062MD15<\/strong><br \/>\nMangueira . <strong>15 m \/ \u00f8 1 1\/2\u201d<br \/>\n3062<br \/>\n<\/strong>Carretel manual sem mangueira<\/p>\n","protected":false},"excerpt":{"rendered":"<p>Em a\u00e7o, com base simples e retra\u00e7\u00e3o manual. Montado com mangueira. Mangueira . 50 m \/ \u00f8 1\u201d Press\u00e3o m\u00e1xima de opera\u00e7\u00e3o . 1.100 PSI Peso: 13 kg . Medidas: (A) 480 mm x (L) 480 mm OPCIONAIS 3062MD15 Mangueira . 15 m \/ \u00f8 1 1\/2\u201d 3062 Carretel manual sem mangueira<\/p>\n","protected":false},"featured_media":5233,"comment_status":"open","ping_status":"closed","template":"","meta":{"_exactmetrics_skip_tracking":false,"_exactmetrics_sitenote_active":false,"_exactmetrics_sitenote_note":"","_exactmetrics_sitenote_category":0},"product_brand":[],"product_cat":[101],"product_tag":[],"class_list":{"0":"post-5232","1":"product","2":"type-product","3":"status-publish","4":"has-post-thumbnail","6":"product_cat-carreteis-samoa-e-coxreels","8":"first","9":"instock","10":"shipping-taxable","11":"product-type-simple"},"_links":{"self":[{"href":"https:\/\/totallubri.com.br\/index.php?rest_route=\/wp\/v2\/product\/5232","targetHints":{"allow":["GET"]}}],"collection":[{"href":"https:\/\/totallubri.com.br\/index.php?rest_route=\/wp\/v2\/product"}],"about":[{"href":"https:\/\/totallubri.com.br\/index.php?rest_route=\/wp\/v2\/types\/product"}],"replies":[{"embeddable":true,"href":"https:\/\/totallubri.com.br\/index.php?rest_route=%2Fwp%2Fv2%2Fcomments&post=5232"}],"wp:featuredmedia":[{"embeddable":true,"href":"https:\/\/totallubri.com.br\/index.php?rest_route=\/wp\/v2\/media\/5233"}],"wp:attachment":[{"href":"https:\/\/totallubri.com.br\/index.php?rest_route=%2Fwp%2Fv2%2Fmedia&parent=5232"}],"wp:term":[{"taxonomy":"product_brand","embeddable":true,"href":"https:\/\/totallubri.com.br\/index.php?rest_route=%2Fwp%2Fv2%2Fproduct_brand&post=5232"},{"taxonomy":"product_cat","embeddable":true,"href":"https:\/\/totallubri.com.br\/index.php?rest_route=%2Fwp%2Fv2%2Fproduct_cat&post=5232"},{"taxonomy":"product_tag","embeddable":true,"href":"https:\/\/totallubri.com.br\/index.php?rest_route=%2Fwp%2Fv2%2Fproduct_tag&post=5232"}],"curies":[{"name":"wp","href":"https:\/\/api.w.org\/{rel}","templated":true}]}}