{"id":5249,"date":"2017-01-11T16:16:28","date_gmt":"2017-01-11T18:16:28","guid":{"rendered":"http:\/\/totallubri.com.br\/?post_type=product&#038;p=5249"},"modified":"2024-11-25T21:39:30","modified_gmt":"2024-11-26T00:39:30","slug":"carretel-automatico-com-mangueira-3016-md15-samoa","status":"publish","type":"product","link":"https:\/\/totallubri.com.br\/?product=carretel-automatico-com-mangueira-3016-md15-samoa","title":{"rendered":"Carretel Autom\u00e1tico com Mangueira &#8211; 3016-MD15 &#8211; Samoa"},"content":{"rendered":"<p>Em a\u00e7o 4 mm, com retra\u00e7\u00e3o autom\u00e1tica, 02 rolamentos de esfera com lubrifica\u00e7\u00e3o permanente, mola dupla, revestimento eletrost\u00e1tico em poli\u00e9ster, conector interno da mangueira 180\u00b0, tipo bengala,<br \/>\npara baixas press\u00f5es e elevadas vaz\u00f5es, sem mangueira.<\/p>\n<p>Mangueira . <strong>15 m \/ \u00f8 1 1\/2\u201d<br \/>\n<\/strong>Press\u00e3o m\u00e1xima de opera\u00e7\u00e3o . <strong>600 PSI<br \/>\n<\/strong><br \/>\n<strong>Peso: 55 kg<\/strong><\/p>\n","protected":false},"excerpt":{"rendered":"<p>Em a\u00e7o 4 mm, com retra\u00e7\u00e3o autom\u00e1tica, 02 rolamentos de esfera com lubrifica\u00e7\u00e3o permanente, mola dupla, revestimento eletrost\u00e1tico em poli\u00e9ster, conector interno da mangueira 180\u00b0, tipo bengala, para baixas press\u00f5es e elevadas vaz\u00f5es, sem mangueira. Mangueira . 15 m \/ \u00f8 1 1\/2\u201d Press\u00e3o m\u00e1xima de opera\u00e7\u00e3o . 600 PSI Peso: 55 kg<\/p>\n","protected":false},"featured_media":5250,"comment_status":"open","ping_status":"closed","template":"","meta":{"_exactmetrics_skip_tracking":false,"_exactmetrics_sitenote_active":false,"_exactmetrics_sitenote_note":"","_exactmetrics_sitenote_category":0},"product_brand":[],"product_cat":[101],"product_tag":[],"class_list":{"0":"post-5249","1":"product","2":"type-product","3":"status-publish","4":"has-post-thumbnail","6":"product_cat-carreteis-samoa-e-coxreels","8":"first","9":"instock","10":"shipping-taxable","11":"product-type-simple"},"_links":{"self":[{"href":"https:\/\/totallubri.com.br\/index.php?rest_route=\/wp\/v2\/product\/5249","targetHints":{"allow":["GET"]}}],"collection":[{"href":"https:\/\/totallubri.com.br\/index.php?rest_route=\/wp\/v2\/product"}],"about":[{"href":"https:\/\/totallubri.com.br\/index.php?rest_route=\/wp\/v2\/types\/product"}],"replies":[{"embeddable":true,"href":"https:\/\/totallubri.com.br\/index.php?rest_route=%2Fwp%2Fv2%2Fcomments&post=5249"}],"wp:featuredmedia":[{"embeddable":true,"href":"https:\/\/totallubri.com.br\/index.php?rest_route=\/wp\/v2\/media\/5250"}],"wp:attachment":[{"href":"https:\/\/totallubri.com.br\/index.php?rest_route=%2Fwp%2Fv2%2Fmedia&parent=5249"}],"wp:term":[{"taxonomy":"product_brand","embeddable":true,"href":"https:\/\/totallubri.com.br\/index.php?rest_route=%2Fwp%2Fv2%2Fproduct_brand&post=5249"},{"taxonomy":"product_cat","embeddable":true,"href":"https:\/\/totallubri.com.br\/index.php?rest_route=%2Fwp%2Fv2%2Fproduct_cat&post=5249"},{"taxonomy":"product_tag","embeddable":true,"href":"https:\/\/totallubri.com.br\/index.php?rest_route=%2Fwp%2Fv2%2Fproduct_tag&post=5249"}],"curies":[{"name":"wp","href":"https:\/\/api.w.org\/{rel}","templated":true}]}}