{"id":5259,"date":"2017-01-11T16:40:17","date_gmt":"2017-01-11T18:40:17","guid":{"rendered":"http:\/\/totallubri.com.br\/?post_type=product&#038;p=5259"},"modified":"2024-11-25T11:43:38","modified_gmt":"2024-11-25T14:43:38","slug":"carretel-automatico-3028-piusi","status":"publish","type":"product","link":"https:\/\/totallubri.com.br\/?product=carretel-automatico-3028-piusi","title":{"rendered":"Carretel Autom\u00e1tico &#8211; 3028 &#8211; Piusi"},"content":{"rendered":"<p>Em a\u00e7o, com base simples e retra\u00e7\u00e3o autom\u00e1tica com rolamentos.<\/p>\n<p>Sem mangueira.<\/p>\n<p>Capacidade . at\u00e9 10m de mangueira 0 1&#8243; \u00a0para abastecimento<\/p>\n<p>Press\u00e3o m\u00e1xima de trabalho 145 PSI<\/p>\n<p>Peso: 25 kg<\/p>\n<p>Medidas: (A) 430 mm x (L) 480 mm<\/p>\n<p>&nbsp;<\/p>\n","protected":false},"excerpt":{"rendered":"<p>Em a\u00e7o, com base simples e retra\u00e7\u00e3o autom\u00e1tica com rolamentos. Sem mangueira. Capacidade . at\u00e9 10m de mangueira 0 1&#8243; \u00a0para abastecimento Press\u00e3o m\u00e1xima de trabalho 145 PSI Peso: 25 kg Medidas: (A) 430 mm x (L) 480 mm &nbsp;<\/p>\n","protected":false},"featured_media":5260,"comment_status":"open","ping_status":"closed","template":"","meta":{"_exactmetrics_skip_tracking":false,"_exactmetrics_sitenote_active":false,"_exactmetrics_sitenote_note":"","_exactmetrics_sitenote_category":0},"product_brand":[],"product_cat":[100],"product_tag":[],"class_list":{"0":"post-5259","1":"product","2":"type-product","3":"status-publish","4":"has-post-thumbnail","6":"product_cat-carretel-retratil","8":"first","9":"instock","10":"shipping-taxable","11":"product-type-simple"},"_links":{"self":[{"href":"https:\/\/totallubri.com.br\/index.php?rest_route=\/wp\/v2\/product\/5259","targetHints":{"allow":["GET"]}}],"collection":[{"href":"https:\/\/totallubri.com.br\/index.php?rest_route=\/wp\/v2\/product"}],"about":[{"href":"https:\/\/totallubri.com.br\/index.php?rest_route=\/wp\/v2\/types\/product"}],"replies":[{"embeddable":true,"href":"https:\/\/totallubri.com.br\/index.php?rest_route=%2Fwp%2Fv2%2Fcomments&post=5259"}],"wp:featuredmedia":[{"embeddable":true,"href":"https:\/\/totallubri.com.br\/index.php?rest_route=\/wp\/v2\/media\/5260"}],"wp:attachment":[{"href":"https:\/\/totallubri.com.br\/index.php?rest_route=%2Fwp%2Fv2%2Fmedia&parent=5259"}],"wp:term":[{"taxonomy":"product_brand","embeddable":true,"href":"https:\/\/totallubri.com.br\/index.php?rest_route=%2Fwp%2Fv2%2Fproduct_brand&post=5259"},{"taxonomy":"product_cat","embeddable":true,"href":"https:\/\/totallubri.com.br\/index.php?rest_route=%2Fwp%2Fv2%2Fproduct_cat&post=5259"},{"taxonomy":"product_tag","embeddable":true,"href":"https:\/\/totallubri.com.br\/index.php?rest_route=%2Fwp%2Fv2%2Fproduct_tag&post=5259"}],"curies":[{"name":"wp","href":"https:\/\/api.w.org\/{rel}","templated":true}]}}