{"id":5261,"date":"2017-01-11T16:42:16","date_gmt":"2017-01-11T18:42:16","guid":{"rendered":"http:\/\/totallubri.com.br\/?post_type=product&#038;p=5261"},"modified":"2024-11-25T11:59:54","modified_gmt":"2024-11-25T14:59:54","slug":"carretel-automatico-com-mangueira-3029-m15-piusi","status":"publish","type":"product","link":"https:\/\/totallubri.com.br\/?product=carretel-automatico-com-mangueira-3029-m15-piusi","title":{"rendered":"Carretel Autom\u00e1tico com Mangueira &#8211; 3029-M15 &#8211; Piusi"},"content":{"rendered":"<p>Em a\u00e7o, com base simples e retra\u00e7\u00e3o autom\u00e1tica com rolamentos.<br \/>\nMontado com mangueira.<\/p>\n<p>Mangueira . <strong>15 m \/ \u00f8 1\u201d<br \/>\n<\/strong>Press\u00e3o m\u00e1xima de opera\u00e7\u00e3o . <strong>140 PSI<br \/>\n<\/strong><br \/>\n<strong>Peso: 25 kg . Medidas: (A) 430 mm x (L) 480 mm<\/strong><\/p>\n","protected":false},"excerpt":{"rendered":"<p>Em a\u00e7o, com base simples e retra\u00e7\u00e3o autom\u00e1tica com rolamentos. Montado com mangueira. Mangueira . 15 m \/ \u00f8 1\u201d Press\u00e3o m\u00e1xima de opera\u00e7\u00e3o . 140 PSI Peso: 25 kg . Medidas: (A) 430 mm x (L) 480 mm<\/p>\n","protected":false},"featured_media":5262,"comment_status":"open","ping_status":"closed","template":"","meta":{"_exactmetrics_skip_tracking":false,"_exactmetrics_sitenote_active":false,"_exactmetrics_sitenote_note":"","_exactmetrics_sitenote_category":0},"product_brand":[],"product_cat":[100],"product_tag":[],"class_list":{"0":"post-5261","1":"product","2":"type-product","3":"status-publish","4":"has-post-thumbnail","6":"product_cat-carretel-retratil","8":"first","9":"instock","10":"shipping-taxable","11":"product-type-simple"},"_links":{"self":[{"href":"https:\/\/totallubri.com.br\/index.php?rest_route=\/wp\/v2\/product\/5261","targetHints":{"allow":["GET"]}}],"collection":[{"href":"https:\/\/totallubri.com.br\/index.php?rest_route=\/wp\/v2\/product"}],"about":[{"href":"https:\/\/totallubri.com.br\/index.php?rest_route=\/wp\/v2\/types\/product"}],"replies":[{"embeddable":true,"href":"https:\/\/totallubri.com.br\/index.php?rest_route=%2Fwp%2Fv2%2Fcomments&post=5261"}],"wp:featuredmedia":[{"embeddable":true,"href":"https:\/\/totallubri.com.br\/index.php?rest_route=\/wp\/v2\/media\/5262"}],"wp:attachment":[{"href":"https:\/\/totallubri.com.br\/index.php?rest_route=%2Fwp%2Fv2%2Fmedia&parent=5261"}],"wp:term":[{"taxonomy":"product_brand","embeddable":true,"href":"https:\/\/totallubri.com.br\/index.php?rest_route=%2Fwp%2Fv2%2Fproduct_brand&post=5261"},{"taxonomy":"product_cat","embeddable":true,"href":"https:\/\/totallubri.com.br\/index.php?rest_route=%2Fwp%2Fv2%2Fproduct_cat&post=5261"},{"taxonomy":"product_tag","embeddable":true,"href":"https:\/\/totallubri.com.br\/index.php?rest_route=%2Fwp%2Fv2%2Fproduct_tag&post=5261"}],"curies":[{"name":"wp","href":"https:\/\/api.w.org\/{rel}","templated":true}]}}