{"id":5267,"date":"2017-01-11T16:54:53","date_gmt":"2017-01-11T18:54:53","guid":{"rendered":"http:\/\/totallubri.com.br\/?post_type=product&#038;p=5267"},"modified":"2024-11-25T16:02:18","modified_gmt":"2024-11-25T19:02:18","slug":"carretel-eletrico-antiexplosao-com-mangueira-3061-md50-coxreels","status":"publish","type":"product","link":"https:\/\/totallubri.com.br\/?product=carretel-eletrico-antiexplosao-com-mangueira-3061-md50-coxreels","title":{"rendered":"Carretel El\u00e9trico Antiexplos\u00e3o com Mangueira &#8211; 3061-MD50 &#8211; Coxreels"},"content":{"rendered":"<p>Em a\u00e7o, com base simples e retra\u00e7\u00e3o autom\u00e1tica atrav\u00e9s de motor el\u00e9trico.<br \/>\nMontado com mangueira.<\/p>\n<p>Mangueira . 50<strong>\u00a0m \/ \u00f8 1&#8243; para abastecimento<br \/>\n<\/strong>Alimenta\u00e7\u00e3o . <strong>12 V<br \/>\n<\/strong>Press\u00e3o m\u00e1xima de opera\u00e7\u00e3o .<strong> 140 PSI<br \/>\n<\/strong><br \/>\n<strong>Peso: 82 kg . Medidas: (A) 635 mm x (L) 665 mm<br \/>\n<\/strong><\/p>\n","protected":false},"excerpt":{"rendered":"<p>Em a\u00e7o, com base simples e retra\u00e7\u00e3o autom\u00e1tica atrav\u00e9s de motor el\u00e9trico. Montado com mangueira. Mangueira . 50\u00a0m \/ \u00f8 1&#8243; para abastecimento Alimenta\u00e7\u00e3o . 12 V Press\u00e3o m\u00e1xima de opera\u00e7\u00e3o . 140 PSI Peso: 82 kg . Medidas: (A) 635 mm x (L) 665 mm<\/p>\n","protected":false},"featured_media":5268,"comment_status":"open","ping_status":"closed","template":"","meta":{"_exactmetrics_skip_tracking":false,"_exactmetrics_sitenote_active":false,"_exactmetrics_sitenote_note":"","_exactmetrics_sitenote_category":0},"product_brand":[],"product_cat":[101],"product_tag":[],"class_list":{"0":"post-5267","1":"product","2":"type-product","3":"status-publish","4":"has-post-thumbnail","6":"product_cat-carreteis-samoa-e-coxreels","8":"first","9":"instock","10":"shipping-taxable","11":"product-type-simple"},"_links":{"self":[{"href":"https:\/\/totallubri.com.br\/index.php?rest_route=\/wp\/v2\/product\/5267","targetHints":{"allow":["GET"]}}],"collection":[{"href":"https:\/\/totallubri.com.br\/index.php?rest_route=\/wp\/v2\/product"}],"about":[{"href":"https:\/\/totallubri.com.br\/index.php?rest_route=\/wp\/v2\/types\/product"}],"replies":[{"embeddable":true,"href":"https:\/\/totallubri.com.br\/index.php?rest_route=%2Fwp%2Fv2%2Fcomments&post=5267"}],"wp:featuredmedia":[{"embeddable":true,"href":"https:\/\/totallubri.com.br\/index.php?rest_route=\/wp\/v2\/media\/5268"}],"wp:attachment":[{"href":"https:\/\/totallubri.com.br\/index.php?rest_route=%2Fwp%2Fv2%2Fmedia&parent=5267"}],"wp:term":[{"taxonomy":"product_brand","embeddable":true,"href":"https:\/\/totallubri.com.br\/index.php?rest_route=%2Fwp%2Fv2%2Fproduct_brand&post=5267"},{"taxonomy":"product_cat","embeddable":true,"href":"https:\/\/totallubri.com.br\/index.php?rest_route=%2Fwp%2Fv2%2Fproduct_cat&post=5267"},{"taxonomy":"product_tag","embeddable":true,"href":"https:\/\/totallubri.com.br\/index.php?rest_route=%2Fwp%2Fv2%2Fproduct_tag&post=5267"}],"curies":[{"name":"wp","href":"https:\/\/api.w.org\/{rel}","templated":true}]}}