{"id":5401,"date":"2017-01-16T10:54:13","date_gmt":"2017-01-16T12:54:13","guid":{"rendered":"http:\/\/totallubri.com.br\/?post_type=product&#038;p=5401"},"modified":"2024-12-02T11:49:21","modified_gmt":"2024-12-02T14:49:21","slug":"propulsora-pneumatica-para-graxa-9020-sg7-g7","status":"publish","type":"product","link":"https:\/\/totallubri.com.br\/?product=propulsora-pneumatica-para-graxa-9020-sg7-g7","title":{"rendered":"PROPULSORA PNEUM\u00c1TICA PARA GRAXA \u2013 9020-SG7 \u2013 G7-LUPUS"},"content":{"rendered":"<p>Em alum\u00ednio. Propulsoras adequadas para o fornecimento de graxas NLGI 2 em alta press\u00e3o a m\u00e9dias e longas dist\u00e2ncias.<\/p>\n<p>Vaz\u00e3o livre: <strong>1.600<\/strong> <strong>g\/min<\/strong> <strong>(graxa<\/strong> <strong>NLGI<\/strong> <strong>1<\/strong> <strong>&#8211;<\/strong> <strong>20\u00b0C)<br \/>\n<\/strong>Rateio: <strong>60:1<br \/>\n<\/strong>Conex\u00e3o da entrada de ar: \u00f8 <strong>1\/4\u201d<\/strong> <strong>BSP<\/strong> \/ <strong>f\u00eamea<br \/>\n<\/strong>Press\u00e3o da entrada de ar: <strong>36<\/strong> <strong>a<\/strong> <strong>115<\/strong> <strong>PSI<br \/>\n<\/strong>Consumo m\u00e9dio de ar: <strong>0,13<\/strong> <strong>m\u00b3\/min<br \/>\n<\/strong>Entrada da graxa: \u00f8 <strong>30<\/strong> <strong>mm<\/strong> <strong>(3\/4\u201d)<br \/>\n<\/strong>Conex\u00e3o da sa\u00edda de graxa: \u00f8 <strong>1\/4\u201d<\/strong> <strong>BSP<\/strong> \/ <strong>macho<br \/>\n<\/strong>Press\u00e3o da sa\u00edda de graxa: <strong>2.175<\/strong> <strong>a<\/strong> <strong>6.960<\/strong> <strong>PSI<br \/>\n<\/strong>N\u00edvel de ru\u00eddo: <strong>76<\/strong> <strong>dB<br \/>\n<\/strong>Adapt\u00e1vel: <strong>reservat\u00f3rios<\/strong> <strong>20<\/strong> <strong>kg<\/strong><\/p>\n<p>Peso: 5,24 kg<br \/>\nMedidas: (A) 785 mm x (\u00d8 da cabe\u00e7a) 65 mm<\/p>\n","protected":false},"excerpt":{"rendered":"<p>Em alum\u00ednio. Propulsoras adequadas para o fornecimento de graxas NLGI 2 em alta press\u00e3o a m\u00e9dias e longas dist\u00e2ncias. Vaz\u00e3o livre: 1.600 g\/min (graxa NLGI 1 &#8211; 20\u00b0C) Rateio: 60:1 Conex\u00e3o da entrada de ar: \u00f8 1\/4\u201d BSP \/ f\u00eamea Press\u00e3o da entrada de ar: 36 a 115 PSI Consumo m\u00e9dio de ar: 0,13 m\u00b3\/min [&hellip;]<\/p>\n","protected":false},"featured_media":5402,"comment_status":"open","ping_status":"closed","template":"","meta":{"_exactmetrics_skip_tracking":false,"_exactmetrics_sitenote_active":false,"_exactmetrics_sitenote_note":"","_exactmetrics_sitenote_category":0},"product_brand":[],"product_cat":[111],"product_tag":[],"class_list":{"0":"post-5401","1":"product","2":"type-product","3":"status-publish","4":"has-post-thumbnail","6":"product_cat-propulsora-pneumatica-para-graxa","8":"first","9":"instock","10":"shipping-taxable","11":"product-type-simple"},"_links":{"self":[{"href":"https:\/\/totallubri.com.br\/index.php?rest_route=\/wp\/v2\/product\/5401","targetHints":{"allow":["GET"]}}],"collection":[{"href":"https:\/\/totallubri.com.br\/index.php?rest_route=\/wp\/v2\/product"}],"about":[{"href":"https:\/\/totallubri.com.br\/index.php?rest_route=\/wp\/v2\/types\/product"}],"replies":[{"embeddable":true,"href":"https:\/\/totallubri.com.br\/index.php?rest_route=%2Fwp%2Fv2%2Fcomments&post=5401"}],"wp:featuredmedia":[{"embeddable":true,"href":"https:\/\/totallubri.com.br\/index.php?rest_route=\/wp\/v2\/media\/5402"}],"wp:attachment":[{"href":"https:\/\/totallubri.com.br\/index.php?rest_route=%2Fwp%2Fv2%2Fmedia&parent=5401"}],"wp:term":[{"taxonomy":"product_brand","embeddable":true,"href":"https:\/\/totallubri.com.br\/index.php?rest_route=%2Fwp%2Fv2%2Fproduct_brand&post=5401"},{"taxonomy":"product_cat","embeddable":true,"href":"https:\/\/totallubri.com.br\/index.php?rest_route=%2Fwp%2Fv2%2Fproduct_cat&post=5401"},{"taxonomy":"product_tag","embeddable":true,"href":"https:\/\/totallubri.com.br\/index.php?rest_route=%2Fwp%2Fv2%2Fproduct_tag&post=5401"}],"curies":[{"name":"wp","href":"https:\/\/api.w.org\/{rel}","templated":true}]}}