{"id":5410,"date":"2017-01-16T11:02:21","date_gmt":"2017-01-16T13:02:21","guid":{"rendered":"http:\/\/totallubri.com.br\/?post_type=product&#038;p=5410"},"modified":"2024-12-02T11:36:25","modified_gmt":"2024-12-02T14:36:25","slug":"propulsora-pneumatica-para-graxa-9010-g7-g7","status":"publish","type":"product","link":"https:\/\/totallubri.com.br\/?product=propulsora-pneumatica-para-graxa-9010-g7-g7","title":{"rendered":"PROPULSORA PNEUM\u00c1TICA PARA GRAXA \u2013 9010-G7 \u2013 G7-LUPUS"},"content":{"rendered":"<p>Unidade de lubrifica\u00e7\u00e3o composta por propulsora pneum\u00e1tica em alum\u00ednio, filtro regulador de ar, conector para engate r\u00e1pido, conex\u00e3o girat\u00f3ria, comando de graxa, mangueira, carrinho em a\u00e7o com rodas maci\u00e7as, tampa em chapa de a\u00e7o.<\/p>\n<p>Carrinho: a\u00e7o com rodas maci\u00e7as<br \/>\nPropulsora: 9010-SG7<br \/>\nReservat\u00f3rio com tampa: em chapa de a\u00e7o com pintura \u00e9poxi<br \/>\nCapacidade do reservat\u00f3rio: 50Kg<br \/>\nMangueira: 3m \/ \u00d8 1\/4&#8243; \/ R2<br \/>\nAbastecimento: comando de graxa (1974-G) \/ conex\u00e3o girat\u00f3ria Z (1965-C)<br \/>\nAlimenta\u00e7\u00e3o do ar comprimido: Conector para engate r\u00e1pido \/ \u00d8 1\/4&#8243; (1980-H)<br \/>\nControle do ar comprimido: filtro regulador de ar \u00d8 1\/4&#8243; (9000-LD)<\/p>\n<p>Peso: 22 kg.<br \/>\nMedidas: (A) 1060mm X (\u00d8 reservat\u00f3rio + tampa) 360 mm<\/p>\n","protected":false},"excerpt":{"rendered":"<p>Unidade de lubrifica\u00e7\u00e3o composta por propulsora pneum\u00e1tica em alum\u00ednio, filtro regulador de ar, conector para engate r\u00e1pido, conex\u00e3o girat\u00f3ria, comando de graxa, mangueira, carrinho em a\u00e7o com rodas maci\u00e7as, tampa em chapa de a\u00e7o. Carrinho: a\u00e7o com rodas maci\u00e7as Propulsora: 9010-SG7 Reservat\u00f3rio com tampa: em chapa de a\u00e7o com pintura \u00e9poxi Capacidade do reservat\u00f3rio: 50Kg [&hellip;]<\/p>\n","protected":false},"featured_media":5411,"comment_status":"open","ping_status":"closed","template":"","meta":{"_exactmetrics_skip_tracking":false,"_exactmetrics_sitenote_active":false,"_exactmetrics_sitenote_note":"","_exactmetrics_sitenote_category":0},"product_brand":[],"product_cat":[111],"product_tag":[],"class_list":{"0":"post-5410","1":"product","2":"type-product","3":"status-publish","4":"has-post-thumbnail","6":"product_cat-propulsora-pneumatica-para-graxa","8":"first","9":"instock","10":"shipping-taxable","11":"product-type-simple"},"_links":{"self":[{"href":"https:\/\/totallubri.com.br\/index.php?rest_route=\/wp\/v2\/product\/5410","targetHints":{"allow":["GET"]}}],"collection":[{"href":"https:\/\/totallubri.com.br\/index.php?rest_route=\/wp\/v2\/product"}],"about":[{"href":"https:\/\/totallubri.com.br\/index.php?rest_route=\/wp\/v2\/types\/product"}],"replies":[{"embeddable":true,"href":"https:\/\/totallubri.com.br\/index.php?rest_route=%2Fwp%2Fv2%2Fcomments&post=5410"}],"wp:featuredmedia":[{"embeddable":true,"href":"https:\/\/totallubri.com.br\/index.php?rest_route=\/wp\/v2\/media\/5411"}],"wp:attachment":[{"href":"https:\/\/totallubri.com.br\/index.php?rest_route=%2Fwp%2Fv2%2Fmedia&parent=5410"}],"wp:term":[{"taxonomy":"product_brand","embeddable":true,"href":"https:\/\/totallubri.com.br\/index.php?rest_route=%2Fwp%2Fv2%2Fproduct_brand&post=5410"},{"taxonomy":"product_cat","embeddable":true,"href":"https:\/\/totallubri.com.br\/index.php?rest_route=%2Fwp%2Fv2%2Fproduct_cat&post=5410"},{"taxonomy":"product_tag","embeddable":true,"href":"https:\/\/totallubri.com.br\/index.php?rest_route=%2Fwp%2Fv2%2Fproduct_tag&post=5410"}],"curies":[{"name":"wp","href":"https:\/\/api.w.org\/{rel}","templated":true}]}}