{"id":5414,"date":"2017-01-16T11:04:16","date_gmt":"2017-01-16T13:04:16","guid":{"rendered":"http:\/\/totallubri.com.br\/?post_type=product&#038;p=5414"},"modified":"2024-12-02T10:53:55","modified_gmt":"2024-12-02T13:53:55","slug":"propulsora-pneumatica-9030-m-samoa","status":"publish","type":"product","link":"https:\/\/totallubri.com.br\/?product=propulsora-pneumatica-9030-m-samoa","title":{"rendered":"PROPULSORA PNEUM\u00c1TICA \u2013 9030-M \u2013 SAMOA"},"content":{"rendered":"<p>Em alum\u00ednio.<\/p>\n<p>Adapt\u00e1vel: reservat\u00f3rios \/ 50 Kg<br \/>\nVaz\u00e3o livre: 1200 g\/min (graxa NLG2 \u2013 98 PSI na entrada)<br \/>\nRateio: 60:1<br \/>\nConex\u00e3o da entrada de ar: \u00d8 1\/4&#8243; BSP \/ f\u00eamea<br \/>\nPress\u00e3o da entrada de ar: 40 a 140 PSI<br \/>\nConsumo m\u00e9dio de ar: 5,5 pes 3\/min (vaz\u00e3o livre)<br \/>\nConex\u00e3o da sa\u00edda de graxa: \u00d8 3\/8&#8243; BPS<br \/>\nPress\u00e3o da sa\u00edda de graxa: 2.200 PSI a 7.700 PSI<br \/>\nN\u00edvel de ru\u00eddo: 92 dB<\/p>\n<p>Peso: 7,5 Kg<br \/>\nMedidas: (A) 1010 mm x (\u00d8 cabe\u00e7a) 120 mm<\/p>\n","protected":false},"excerpt":{"rendered":"<p>Em alum\u00ednio. Adapt\u00e1vel: reservat\u00f3rios \/ 50 Kg Vaz\u00e3o livre: 1200 g\/min (graxa NLG2 \u2013 98 PSI na entrada) Rateio: 60:1 Conex\u00e3o da entrada de ar: \u00d8 1\/4&#8243; BSP \/ f\u00eamea Press\u00e3o da entrada de ar: 40 a 140 PSI Consumo m\u00e9dio de ar: 5,5 pes 3\/min (vaz\u00e3o livre) Conex\u00e3o da sa\u00edda de graxa: \u00d8 3\/8&#8243; [&hellip;]<\/p>\n","protected":false},"featured_media":5415,"comment_status":"open","ping_status":"closed","template":"","meta":{"_exactmetrics_skip_tracking":false,"_exactmetrics_sitenote_active":false,"_exactmetrics_sitenote_note":"","_exactmetrics_sitenote_category":0},"product_brand":[],"product_cat":[111],"product_tag":[],"class_list":{"0":"post-5414","1":"product","2":"type-product","3":"status-publish","4":"has-post-thumbnail","6":"product_cat-propulsora-pneumatica-para-graxa","8":"first","9":"instock","10":"shipping-taxable","11":"product-type-simple"},"_links":{"self":[{"href":"https:\/\/totallubri.com.br\/index.php?rest_route=\/wp\/v2\/product\/5414","targetHints":{"allow":["GET"]}}],"collection":[{"href":"https:\/\/totallubri.com.br\/index.php?rest_route=\/wp\/v2\/product"}],"about":[{"href":"https:\/\/totallubri.com.br\/index.php?rest_route=\/wp\/v2\/types\/product"}],"replies":[{"embeddable":true,"href":"https:\/\/totallubri.com.br\/index.php?rest_route=%2Fwp%2Fv2%2Fcomments&post=5414"}],"wp:featuredmedia":[{"embeddable":true,"href":"https:\/\/totallubri.com.br\/index.php?rest_route=\/wp\/v2\/media\/5415"}],"wp:attachment":[{"href":"https:\/\/totallubri.com.br\/index.php?rest_route=%2Fwp%2Fv2%2Fmedia&parent=5414"}],"wp:term":[{"taxonomy":"product_brand","embeddable":true,"href":"https:\/\/totallubri.com.br\/index.php?rest_route=%2Fwp%2Fv2%2Fproduct_brand&post=5414"},{"taxonomy":"product_cat","embeddable":true,"href":"https:\/\/totallubri.com.br\/index.php?rest_route=%2Fwp%2Fv2%2Fproduct_cat&post=5414"},{"taxonomy":"product_tag","embeddable":true,"href":"https:\/\/totallubri.com.br\/index.php?rest_route=%2Fwp%2Fv2%2Fproduct_tag&post=5414"}],"curies":[{"name":"wp","href":"https:\/\/api.w.org\/{rel}","templated":true}]}}