{"id":5416,"date":"2017-01-16T11:05:27","date_gmt":"2017-01-16T13:05:27","guid":{"rendered":"http:\/\/totallubri.com.br\/?post_type=product&#038;p=5416"},"modified":"2024-12-02T11:42:03","modified_gmt":"2024-12-02T14:42:03","slug":"propulsora-pneumatica-para-graxa-9000-sg7-g7","status":"publish","type":"product","link":"https:\/\/totallubri.com.br\/?product=propulsora-pneumatica-para-graxa-9000-sg7-g7","title":{"rendered":"PROPULSORA PNEUM\u00c1TICA PARA GRAXA \u2013 9000-SG7 \u2013 G7-LUPUS"},"content":{"rendered":"<p>Em alum\u00ednio. Propulsoras adequadas para o fornecimento de graxas NLGI 2 em alta press\u00e3o a m\u00e9dias e longas dist\u00e2ncias.<\/p>\n<p>Vaz\u00e3o livre: 1.600 g\/min (graxa NLGI 1 &#8211; 20\u00baC)<br \/>\nRateio: 60:1<br \/>\nConex\u00e3o da entrada de ar: \u00d8 1\/4&#8243; BSP \/ f\u00eamea<br \/>\nPress\u00e3o da entrada de ar: 36 a 115 PSI<br \/>\nConsumo m\u00e9dio de ar: 0,13 m<sup>3<\/sup>\/min<br \/>\nEntrada da Graxa: \u00d8 30 mm (3\/4\u2019\u2019)<br \/>\nConex\u00e3o da sa\u00edda de graxa. \u00d8 1\/4&#8243; BSP \/ macho<br \/>\nPress\u00e3o da sa\u00edda de graxa: 2.175 PSI A 6.960 PSI<br \/>\nN\u00edvel de ru\u00eddo: 76 dB<br \/>\nAdapt\u00e1vel: tambor 200 Kg.<\/p>\n<p>Peso: 7,1 Kg<br \/>\nMedidas: (A) 1255 mm x (\u00d8 cabe\u00e7a) 65 mm<\/p>\n","protected":false},"excerpt":{"rendered":"<p>Em alum\u00ednio. Propulsoras adequadas para o fornecimento de graxas NLGI 2 em alta press\u00e3o a m\u00e9dias e longas dist\u00e2ncias. Vaz\u00e3o livre: 1.600 g\/min (graxa NLGI 1 &#8211; 20\u00baC) Rateio: 60:1 Conex\u00e3o da entrada de ar: \u00d8 1\/4&#8243; BSP \/ f\u00eamea Press\u00e3o da entrada de ar: 36 a 115 PSI Consumo m\u00e9dio de ar: 0,13 m3\/min [&hellip;]<\/p>\n","protected":false},"featured_media":5417,"comment_status":"open","ping_status":"closed","template":"","meta":{"_exactmetrics_skip_tracking":false,"_exactmetrics_sitenote_active":false,"_exactmetrics_sitenote_note":"","_exactmetrics_sitenote_category":0},"product_brand":[],"product_cat":[111],"product_tag":[],"class_list":{"0":"post-5416","1":"product","2":"type-product","3":"status-publish","4":"has-post-thumbnail","6":"product_cat-propulsora-pneumatica-para-graxa","8":"first","9":"instock","10":"shipping-taxable","11":"product-type-simple"},"_links":{"self":[{"href":"https:\/\/totallubri.com.br\/index.php?rest_route=\/wp\/v2\/product\/5416","targetHints":{"allow":["GET"]}}],"collection":[{"href":"https:\/\/totallubri.com.br\/index.php?rest_route=\/wp\/v2\/product"}],"about":[{"href":"https:\/\/totallubri.com.br\/index.php?rest_route=\/wp\/v2\/types\/product"}],"replies":[{"embeddable":true,"href":"https:\/\/totallubri.com.br\/index.php?rest_route=%2Fwp%2Fv2%2Fcomments&post=5416"}],"wp:featuredmedia":[{"embeddable":true,"href":"https:\/\/totallubri.com.br\/index.php?rest_route=\/wp\/v2\/media\/5417"}],"wp:attachment":[{"href":"https:\/\/totallubri.com.br\/index.php?rest_route=%2Fwp%2Fv2%2Fmedia&parent=5416"}],"wp:term":[{"taxonomy":"product_brand","embeddable":true,"href":"https:\/\/totallubri.com.br\/index.php?rest_route=%2Fwp%2Fv2%2Fproduct_brand&post=5416"},{"taxonomy":"product_cat","embeddable":true,"href":"https:\/\/totallubri.com.br\/index.php?rest_route=%2Fwp%2Fv2%2Fproduct_cat&post=5416"},{"taxonomy":"product_tag","embeddable":true,"href":"https:\/\/totallubri.com.br\/index.php?rest_route=%2Fwp%2Fv2%2Fproduct_tag&post=5416"}],"curies":[{"name":"wp","href":"https:\/\/api.w.org\/{rel}","templated":true}]}}