{"id":5420,"date":"2017-01-16T11:07:13","date_gmt":"2017-01-16T13:07:13","guid":{"rendered":"http:\/\/totallubri.com.br\/?post_type=product&#038;p=5420"},"modified":"2024-12-02T10:56:19","modified_gmt":"2024-12-02T13:56:19","slug":"propulsora-pneumatica-gigante-para-graxa-9032-g7-g7","status":"publish","type":"product","link":"https:\/\/totallubri.com.br\/?product=propulsora-pneumatica-gigante-para-graxa-9032-g7-g7","title":{"rendered":"PROPULSORA PNEUM\u00c1TICA GIGANTE PARA GRAXA \u2013 9032-G7 \u2013 G7-LUPUS"},"content":{"rendered":"<p>Propulsoras indicadas para transfer\u00eancia de graxa de alta viscosidade (NLGI 2) para curtas e m\u00e9dias dist\u00e2ncias com v\u00e1rios pontos de distribui\u00e7\u00e3o simult\u00e2nea.<\/p>\n<p>Vaz\u00e3o livre: <strong>4.500 g\/min (NLGI 1<\/strong> <strong>&#8211; 20\u00baC)<br \/>\n<\/strong>Rateio: <strong>50:1<br \/>\n<\/strong>Conex\u00e3o da entrada de ar: \u00f8 <strong>1\/2\u201d BSP <\/strong>\/ <strong>f\u00eamea<br \/>\n<\/strong>Press\u00e3o da entrada de ar: <strong>45<\/strong> <strong>a<\/strong> <strong>115<\/strong> <strong>PSI<br \/>\n<\/strong>Consumo m\u00e9dio de ar: <strong>1,75<\/strong> <strong>m\u00b3\/min<br \/>\n<\/strong>Entrada da graxa: \u00f8 <strong>45<\/strong> <strong>mm<\/strong> <strong>(1<\/strong> <strong>1\/2\u201d)<br \/>\n<\/strong>Conex\u00e3o da sa\u00edda de graxa: \u00f8 <strong>1\/2\u201d<\/strong> <strong>BSP<\/strong> \/ <strong>f\u00eamea<br \/>\n<\/strong>Press\u00e3o da sa\u00edda de graxa: <strong>2.175<\/strong> <strong>a<\/strong> <strong>5.800<\/strong> <strong>PSI<br \/>\n<\/strong>N\u00edvel de ru\u00eddo: <strong>80<\/strong> <strong>dB<br \/>\n<\/strong>Adapt\u00e1vel: <strong>tambor<\/strong> <strong>200<\/strong> <strong>kg <\/strong><strong>\u00a0<\/strong><\/p>\n<p>Peso: 21 kg<br \/>\nMedidas: (A) 1520 mm x (\u00d8 da cabe\u00e7a) 132 mm<\/p>\n","protected":false},"excerpt":{"rendered":"<p>Propulsoras indicadas para transfer\u00eancia de graxa de alta viscosidade (NLGI 2) para curtas e m\u00e9dias dist\u00e2ncias com v\u00e1rios pontos de distribui\u00e7\u00e3o simult\u00e2nea. Vaz\u00e3o livre: 4.500 g\/min (NLGI 1 &#8211; 20\u00baC) Rateio: 50:1 Conex\u00e3o da entrada de ar: \u00f8 1\/2\u201d BSP \/ f\u00eamea Press\u00e3o da entrada de ar: 45 a 115 PSI Consumo m\u00e9dio de ar: [&hellip;]<\/p>\n","protected":false},"featured_media":5421,"comment_status":"open","ping_status":"closed","template":"","meta":{"_exactmetrics_skip_tracking":false,"_exactmetrics_sitenote_active":false,"_exactmetrics_sitenote_note":"","_exactmetrics_sitenote_category":0},"product_brand":[],"product_cat":[112],"product_tag":[],"class_list":{"0":"post-5420","1":"product","2":"type-product","3":"status-publish","4":"has-post-thumbnail","6":"product_cat-propulsoras-especiais-e-alta-vazao-suportes-e-acessorios-para-propulsoras","8":"first","9":"instock","10":"shipping-taxable","11":"product-type-simple"},"_links":{"self":[{"href":"https:\/\/totallubri.com.br\/index.php?rest_route=\/wp\/v2\/product\/5420","targetHints":{"allow":["GET"]}}],"collection":[{"href":"https:\/\/totallubri.com.br\/index.php?rest_route=\/wp\/v2\/product"}],"about":[{"href":"https:\/\/totallubri.com.br\/index.php?rest_route=\/wp\/v2\/types\/product"}],"replies":[{"embeddable":true,"href":"https:\/\/totallubri.com.br\/index.php?rest_route=%2Fwp%2Fv2%2Fcomments&post=5420"}],"wp:featuredmedia":[{"embeddable":true,"href":"https:\/\/totallubri.com.br\/index.php?rest_route=\/wp\/v2\/media\/5421"}],"wp:attachment":[{"href":"https:\/\/totallubri.com.br\/index.php?rest_route=%2Fwp%2Fv2%2Fmedia&parent=5420"}],"wp:term":[{"taxonomy":"product_brand","embeddable":true,"href":"https:\/\/totallubri.com.br\/index.php?rest_route=%2Fwp%2Fv2%2Fproduct_brand&post=5420"},{"taxonomy":"product_cat","embeddable":true,"href":"https:\/\/totallubri.com.br\/index.php?rest_route=%2Fwp%2Fv2%2Fproduct_cat&post=5420"},{"taxonomy":"product_tag","embeddable":true,"href":"https:\/\/totallubri.com.br\/index.php?rest_route=%2Fwp%2Fv2%2Fproduct_tag&post=5420"}],"curies":[{"name":"wp","href":"https:\/\/api.w.org\/{rel}","templated":true}]}}