{"id":5427,"date":"2017-01-16T11:15:29","date_gmt":"2017-01-16T13:15:29","guid":{"rendered":"http:\/\/totallubri.com.br\/?post_type=product&#038;p=5427"},"modified":"2025-01-05T11:18:59","modified_gmt":"2025-01-05T14:18:59","slug":"unidade-movel-pneumatica-para-graxa-9104-scg7-g7","status":"publish","type":"product","link":"https:\/\/totallubri.com.br\/?product=unidade-movel-pneumatica-para-graxa-9104-scg7-g7","title":{"rendered":"UNIDADE M\u00d3VEL PNEUM\u00c1TICA PARA GRAXA \u2013 9104-SCG7 \u2013 G7-LUPUS"},"content":{"rendered":"<p>Com carrinho em a\u00e7o, com as rodas traseiras pneum\u00e1ticas e a frontal maci\u00e7a com sistema de freios. Com propulsora pneum\u00e1tica, filtro regulador de ar, comando de graxa, conex\u00e3o girat\u00f3ria, compactador e carretel montado com mangueira e mangote para conex\u00e3o com a propulsora. Para graxa (at\u00e9 NGLI 2), adapt\u00e1vel a tambor de 200 kg.<\/p>\n<p>Propulsora: <strong>9000-SCG7 <\/strong>\/ <strong>60:1<br \/>\n<\/strong>Conex\u00e3o girat\u00f3ria: <strong>Z<br \/>\n<\/strong>Carretel: <strong>autom\u00e1tico<\/strong> \/ <strong>montado com<\/strong> <strong>10 m<\/strong> <strong>de<\/strong> <strong>mangueira<br \/>\n<\/strong>Mangueira: <strong>10 m<\/strong> \/ \u00f8 <strong>1\/4\u201d<br \/>\n<\/strong>Filtro regulador de ar: \u00f8 <strong>1\/4\u201d<\/strong> \/ <strong>com<\/strong> <strong>conector<\/strong> <strong>para<\/strong> <strong>engate<\/strong> <strong>r\u00e1pido<br \/>\n<\/strong>Compactador: <strong>9000-CO<\/strong> \/ <strong>590<\/strong> <strong>mm<br \/>\n<\/strong><br \/>\nPeso: 43 kg<br \/>\nMedidas: (A) 1005 mm x (L) 875 mm<\/p>\n<p>OBS: Tambor n\u00e3o acompanha o produto.<\/p>\n","protected":false},"excerpt":{"rendered":"<p>Com carrinho em a\u00e7o, com as rodas traseiras pneum\u00e1ticas e a frontal maci\u00e7a com sistema de freios. Com propulsora pneum\u00e1tica, filtro regulador de ar, comando de graxa, conex\u00e3o girat\u00f3ria, compactador e carretel montado com mangueira e mangote para conex\u00e3o com a propulsora. Para graxa (at\u00e9 NGLI 2), adapt\u00e1vel a tambor de 200 kg. Propulsora: 9000-SCG7 [&hellip;]<\/p>\n","protected":false},"featured_media":5428,"comment_status":"open","ping_status":"closed","template":"","meta":{"_exactmetrics_skip_tracking":false,"_exactmetrics_sitenote_active":false,"_exactmetrics_sitenote_note":"","_exactmetrics_sitenote_category":0},"product_brand":[],"product_cat":[116],"product_tag":[],"class_list":{"0":"post-5427","1":"product","2":"type-product","3":"status-publish","4":"has-post-thumbnail","6":"product_cat-unidade-movel","8":"first","9":"instock","10":"shipping-taxable","11":"product-type-simple"},"_links":{"self":[{"href":"https:\/\/totallubri.com.br\/index.php?rest_route=\/wp\/v2\/product\/5427","targetHints":{"allow":["GET"]}}],"collection":[{"href":"https:\/\/totallubri.com.br\/index.php?rest_route=\/wp\/v2\/product"}],"about":[{"href":"https:\/\/totallubri.com.br\/index.php?rest_route=\/wp\/v2\/types\/product"}],"replies":[{"embeddable":true,"href":"https:\/\/totallubri.com.br\/index.php?rest_route=%2Fwp%2Fv2%2Fcomments&post=5427"}],"wp:featuredmedia":[{"embeddable":true,"href":"https:\/\/totallubri.com.br\/index.php?rest_route=\/wp\/v2\/media\/5428"}],"wp:attachment":[{"href":"https:\/\/totallubri.com.br\/index.php?rest_route=%2Fwp%2Fv2%2Fmedia&parent=5427"}],"wp:term":[{"taxonomy":"product_brand","embeddable":true,"href":"https:\/\/totallubri.com.br\/index.php?rest_route=%2Fwp%2Fv2%2Fproduct_brand&post=5427"},{"taxonomy":"product_cat","embeddable":true,"href":"https:\/\/totallubri.com.br\/index.php?rest_route=%2Fwp%2Fv2%2Fproduct_cat&post=5427"},{"taxonomy":"product_tag","embeddable":true,"href":"https:\/\/totallubri.com.br\/index.php?rest_route=%2Fwp%2Fv2%2Fproduct_tag&post=5427"}],"curies":[{"name":"wp","href":"https:\/\/api.w.org\/{rel}","templated":true}]}}