{"id":5430,"date":"2017-01-16T11:19:58","date_gmt":"2017-01-16T13:19:58","guid":{"rendered":"http:\/\/totallubri.com.br\/?post_type=product&#038;p=5430"},"modified":"2025-01-05T11:16:15","modified_gmt":"2025-01-05T14:16:15","slug":"elevador-fixo-pneumatico-para-compactacao-de-graxa-9110-p-samoa","status":"publish","type":"product","link":"https:\/\/totallubri.com.br\/?product=elevador-fixo-pneumatico-para-compactacao-de-graxa-9110-p-samoa","title":{"rendered":"ELEVADOR FIXO PNEUM\u00c1TICO PARA COMPACTA\u00c7\u00c3O DE GRAXA \u2013 9110-P \u2013 SAMOA"},"content":{"rendered":"<p>Em a\u00e7o, para graxa de alta consist\u00eancia. Facilitando a troca do tambor e a compacta\u00e7\u00e3o da graxa.<\/p>\n<p>Adapt\u00e1vel: <strong>propulsoras gigantes e industriais<\/strong> <strong>(<\/strong> <strong>9031\/<\/strong> <strong>9025\/<\/strong> <strong>9021\/ 9022\/ 9023\/ 9027)<br \/>\n<\/strong>Graxa: <strong>NLGI 3<br \/>\n<\/strong>Capacidade: <strong>tambores 200 Kg<br \/>\n<\/strong>Acionamento do compactador: <strong>pneum\u00e1tico<br \/>\n<\/strong>Acompanha: <strong>painel<\/strong> <strong>de<\/strong> <strong>controle<\/strong> <strong>\/<\/strong> <strong>conector<\/strong> <strong>de<\/strong> <strong>engate<\/strong> <strong>para<\/strong> <strong>linha<\/strong> <strong>de<\/strong> <strong>ar<\/strong> <strong>comprimido<br \/>\n<\/strong>Compactador: <strong>com<\/strong> <strong>borracha<\/strong> <strong>\/ di\u00e2metro 590 mm<br \/>\n<\/strong><br \/>\nPeso: 570g<br \/>\nMedidas: (A) 152mm x (\u00d8) 97mm<\/p>\n<p>OBS: Propulsora n\u00e3o acompanha equipamento<\/p>\n","protected":false},"excerpt":{"rendered":"<p>Em a\u00e7o, para graxa de alta consist\u00eancia. Facilitando a troca do tambor e a compacta\u00e7\u00e3o da graxa. Adapt\u00e1vel: propulsoras gigantes e industriais ( 9031\/ 9025\/ 9021\/ 9022\/ 9023\/ 9027) Graxa: NLGI 3 Capacidade: tambores 200 Kg Acionamento do compactador: pneum\u00e1tico Acompanha: painel de controle \/ conector de engate para linha de ar comprimido Compactador: com [&hellip;]<\/p>\n","protected":false},"featured_media":5431,"comment_status":"open","ping_status":"closed","template":"","meta":{"_exactmetrics_skip_tracking":false,"_exactmetrics_sitenote_active":false,"_exactmetrics_sitenote_note":"","_exactmetrics_sitenote_category":0},"product_brand":[],"product_cat":[58],"product_tag":[],"class_list":{"0":"post-5430","1":"product","2":"type-product","3":"status-publish","4":"has-post-thumbnail","6":"product_cat-linha-industrial","8":"first","9":"instock","10":"shipping-taxable","11":"product-type-simple"},"_links":{"self":[{"href":"https:\/\/totallubri.com.br\/index.php?rest_route=\/wp\/v2\/product\/5430","targetHints":{"allow":["GET"]}}],"collection":[{"href":"https:\/\/totallubri.com.br\/index.php?rest_route=\/wp\/v2\/product"}],"about":[{"href":"https:\/\/totallubri.com.br\/index.php?rest_route=\/wp\/v2\/types\/product"}],"replies":[{"embeddable":true,"href":"https:\/\/totallubri.com.br\/index.php?rest_route=%2Fwp%2Fv2%2Fcomments&post=5430"}],"wp:featuredmedia":[{"embeddable":true,"href":"https:\/\/totallubri.com.br\/index.php?rest_route=\/wp\/v2\/media\/5431"}],"wp:attachment":[{"href":"https:\/\/totallubri.com.br\/index.php?rest_route=%2Fwp%2Fv2%2Fmedia&parent=5430"}],"wp:term":[{"taxonomy":"product_brand","embeddable":true,"href":"https:\/\/totallubri.com.br\/index.php?rest_route=%2Fwp%2Fv2%2Fproduct_brand&post=5430"},{"taxonomy":"product_cat","embeddable":true,"href":"https:\/\/totallubri.com.br\/index.php?rest_route=%2Fwp%2Fv2%2Fproduct_cat&post=5430"},{"taxonomy":"product_tag","embeddable":true,"href":"https:\/\/totallubri.com.br\/index.php?rest_route=%2Fwp%2Fv2%2Fproduct_tag&post=5430"}],"curies":[{"name":"wp","href":"https:\/\/api.w.org\/{rel}","templated":true}]}}