{"id":5436,"date":"2017-01-16T13:25:32","date_gmt":"2017-01-16T15:25:32","guid":{"rendered":"http:\/\/totallubri.com.br\/?post_type=product&#038;p=5436"},"modified":"2024-12-05T16:49:01","modified_gmt":"2024-12-05T19:49:01","slug":"comando-para-oleo-1974-as-samoa","status":"publish","type":"product","link":"https:\/\/totallubri.com.br\/?product=comando-para-oleo-1974-as-samoa","title":{"rendered":"COMANDO PARA OLEO \u2013 1974-AS \u2013 SAMOA"},"content":{"rendered":"<p>Em alum\u00ednio, com bico antigotejante e bot\u00e3o de bloqueio do gatilho durante o abastecimento.<\/p>\n<p>Entrada:\u00a0<strong>\u00f8 3\/4&#8221; BSP com girat\u00f3rio \/ com filtro.<br \/>\n<\/strong>Press\u00e3o m\u00e1xima de opera\u00e7\u00e3o:\u00a0<strong>1000 PSI<\/strong><\/p>\n<p>Peso: 1,2 Kg<br \/>\nMedidas: (A) 220 mm x (L) 450 mm<\/p>\n","protected":false},"excerpt":{"rendered":"<p>Em alum\u00ednio, com bico antigotejante e bot\u00e3o de bloqueio do gatilho durante o abastecimento. Entrada:\u00a0\u00f8 3\/4&#8221; BSP com girat\u00f3rio \/ com filtro. Press\u00e3o m\u00e1xima de opera\u00e7\u00e3o:\u00a01000 PSI Peso: 1,2 Kg Medidas: (A) 220 mm x (L) 450 mm<\/p>\n","protected":false},"featured_media":5437,"comment_status":"open","ping_status":"closed","template":"","meta":{"_exactmetrics_skip_tracking":false,"_exactmetrics_sitenote_active":false,"_exactmetrics_sitenote_note":"","_exactmetrics_sitenote_category":0},"product_brand":[],"product_cat":[114],"product_tag":[],"class_list":{"0":"post-5436","1":"product","2":"type-product","3":"status-publish","4":"has-post-thumbnail","6":"product_cat-solucoes-para-abastecimento","8":"first","9":"instock","10":"shipping-taxable","11":"product-type-simple"},"_links":{"self":[{"href":"https:\/\/totallubri.com.br\/index.php?rest_route=\/wp\/v2\/product\/5436","targetHints":{"allow":["GET"]}}],"collection":[{"href":"https:\/\/totallubri.com.br\/index.php?rest_route=\/wp\/v2\/product"}],"about":[{"href":"https:\/\/totallubri.com.br\/index.php?rest_route=\/wp\/v2\/types\/product"}],"replies":[{"embeddable":true,"href":"https:\/\/totallubri.com.br\/index.php?rest_route=%2Fwp%2Fv2%2Fcomments&post=5436"}],"wp:featuredmedia":[{"embeddable":true,"href":"https:\/\/totallubri.com.br\/index.php?rest_route=\/wp\/v2\/media\/5437"}],"wp:attachment":[{"href":"https:\/\/totallubri.com.br\/index.php?rest_route=%2Fwp%2Fv2%2Fmedia&parent=5436"}],"wp:term":[{"taxonomy":"product_brand","embeddable":true,"href":"https:\/\/totallubri.com.br\/index.php?rest_route=%2Fwp%2Fv2%2Fproduct_brand&post=5436"},{"taxonomy":"product_cat","embeddable":true,"href":"https:\/\/totallubri.com.br\/index.php?rest_route=%2Fwp%2Fv2%2Fproduct_cat&post=5436"},{"taxonomy":"product_tag","embeddable":true,"href":"https:\/\/totallubri.com.br\/index.php?rest_route=%2Fwp%2Fv2%2Fproduct_tag&post=5436"}],"curies":[{"name":"wp","href":"https:\/\/api.w.org\/{rel}","templated":true}]}}