{"id":5439,"date":"2017-01-16T13:42:15","date_gmt":"2017-01-16T15:42:15","guid":{"rendered":"http:\/\/totallubri.com.br\/?post_type=product&#038;p=5439"},"modified":"2024-11-20T21:20:29","modified_gmt":"2024-11-21T00:20:29","slug":"bomba-de-duplo-diagragma-9203-samoa","status":"publish","type":"product","link":"https:\/\/totallubri.com.br\/?product=bomba-de-duplo-diagragma-9203-samoa","title":{"rendered":"BOMBA DE DUPLO DIAGRAGMA &#8211; 9203 &#8211; SAMOA"},"content":{"rendered":"<p>Em alum\u00ednio, pneum\u00e1tica com diafragma em hytrel, e esferas em acetal, para \u00f3leo lubrificante, \u00f3leo usado, diesel e \u00e1gua.<\/p>\n<p>Vaz\u00e3o livre: 250 l\/min<br \/>\nEntrada de ar:\u00a0\u00f8 1\/2&#8221; NPSM<br \/>\nPress\u00e3o de ar: 14,5 a 101,5 PSI<br \/>\nConsumo de ar:\u00a021 p\u00e9s<sup>3<\/sup>\/ min (60 PSI) \/ 42 p\u00e9s<sup>3<\/sup> \/ min (100 PSI)<br \/>\nEntrada e sa\u00edda: 1 1\/2&#8221; BSP<\/p>\n<p>Peso: 20 Kg<br \/>\nMedidas: (A) 353 mm x (L) 390 mm<\/p>\n","protected":false},"excerpt":{"rendered":"<p>Em alum\u00ednio, pneum\u00e1tica com diafragma em hytrel, e esferas em acetal, para \u00f3leo lubrificante, \u00f3leo usado, diesel e \u00e1gua. Vaz\u00e3o livre: 250 l\/min Entrada de ar:\u00a0\u00f8 1\/2&#8221; NPSM Press\u00e3o de ar: 14,5 a 101,5 PSI Consumo de ar:\u00a021 p\u00e9s3\/ min (60 PSI) \/ 42 p\u00e9s3 \/ min (100 PSI) Entrada e sa\u00edda: 1 1\/2&#8221; BSP [&hellip;]<\/p>\n","protected":false},"featured_media":5440,"comment_status":"open","ping_status":"closed","template":"","meta":{"_exactmetrics_skip_tracking":false,"_exactmetrics_sitenote_active":false,"_exactmetrics_sitenote_note":"","_exactmetrics_sitenote_category":0},"product_brand":[],"product_cat":[95],"product_tag":[],"class_list":{"0":"post-5439","1":"product","2":"type-product","3":"status-publish","4":"has-post-thumbnail","6":"product_cat-bomba-diafragma-palhetas-e-engrenagens","8":"first","9":"instock","10":"shipping-taxable","11":"product-type-simple"},"_links":{"self":[{"href":"https:\/\/totallubri.com.br\/index.php?rest_route=\/wp\/v2\/product\/5439","targetHints":{"allow":["GET"]}}],"collection":[{"href":"https:\/\/totallubri.com.br\/index.php?rest_route=\/wp\/v2\/product"}],"about":[{"href":"https:\/\/totallubri.com.br\/index.php?rest_route=\/wp\/v2\/types\/product"}],"replies":[{"embeddable":true,"href":"https:\/\/totallubri.com.br\/index.php?rest_route=%2Fwp%2Fv2%2Fcomments&post=5439"}],"wp:featuredmedia":[{"embeddable":true,"href":"https:\/\/totallubri.com.br\/index.php?rest_route=\/wp\/v2\/media\/5440"}],"wp:attachment":[{"href":"https:\/\/totallubri.com.br\/index.php?rest_route=%2Fwp%2Fv2%2Fmedia&parent=5439"}],"wp:term":[{"taxonomy":"product_brand","embeddable":true,"href":"https:\/\/totallubri.com.br\/index.php?rest_route=%2Fwp%2Fv2%2Fproduct_brand&post=5439"},{"taxonomy":"product_cat","embeddable":true,"href":"https:\/\/totallubri.com.br\/index.php?rest_route=%2Fwp%2Fv2%2Fproduct_cat&post=5439"},{"taxonomy":"product_tag","embeddable":true,"href":"https:\/\/totallubri.com.br\/index.php?rest_route=%2Fwp%2Fv2%2Fproduct_tag&post=5439"}],"curies":[{"name":"wp","href":"https:\/\/api.w.org\/{rel}","templated":true}]}}