{"id":5449,"date":"2017-01-16T14:36:24","date_gmt":"2017-01-16T16:36:24","guid":{"rendered":"http:\/\/totallubri.com.br\/?post_type=product&#038;p=5449"},"modified":"2024-11-20T21:16:57","modified_gmt":"2024-11-21T00:16:57","slug":"bomba-de-duplo-diafragma-9207-wolflube","status":"publish","type":"product","link":"https:\/\/totallubri.com.br\/?product=bomba-de-duplo-diafragma-9207-wolflube","title":{"rendered":"BOMBA DE DUPLO DIAFRAGMA \u2013 9207 \u2013 WOLFLUBE"},"content":{"rendered":"<p>Em alum\u00ednio, pneum\u00e1tica, com diafragma em NBR e esferas em Teflon, para \u00f3leo lubrificante e \u00f3leo usado.<br \/>\nVaz\u00e3o livre: 200 L\/min<br \/>\nPress\u00e3o de entrada de ar: 40 a 140 PSI<br \/>\nConsumo de ar: 42 pes<sup>3<\/sup> \/min<br \/>\nEntrada e sa\u00edda do fluido: \u00f8 1. 1\/2\u2019\u2019<br \/>\nRateio: 1\/1<\/p>\n<p>Peso: 4,3 Kg<br \/>\nMedidas: (A) 620 mm x (L) 440 mm<\/p>\n","protected":false},"excerpt":{"rendered":"<p>Em alum\u00ednio, pneum\u00e1tica, com diafragma em NBR e esferas em Teflon, para \u00f3leo lubrificante e \u00f3leo usado. Vaz\u00e3o livre: 200 L\/min Press\u00e3o de entrada de ar: 40 a 140 PSI Consumo de ar: 42 pes3 \/min Entrada e sa\u00edda do fluido: \u00f8 1. 1\/2\u2019\u2019 Rateio: 1\/1 Peso: 4,3 Kg Medidas: (A) 620 mm x (L) [&hellip;]<\/p>\n","protected":false},"featured_media":5450,"comment_status":"open","ping_status":"closed","template":"","meta":{"_exactmetrics_skip_tracking":false,"_exactmetrics_sitenote_active":false,"_exactmetrics_sitenote_note":"","_exactmetrics_sitenote_category":0},"product_brand":[],"product_cat":[95],"product_tag":[],"class_list":{"0":"post-5449","1":"product","2":"type-product","3":"status-publish","4":"has-post-thumbnail","6":"product_cat-bomba-diafragma-palhetas-e-engrenagens","8":"first","9":"instock","10":"shipping-taxable","11":"product-type-simple"},"_links":{"self":[{"href":"https:\/\/totallubri.com.br\/index.php?rest_route=\/wp\/v2\/product\/5449","targetHints":{"allow":["GET"]}}],"collection":[{"href":"https:\/\/totallubri.com.br\/index.php?rest_route=\/wp\/v2\/product"}],"about":[{"href":"https:\/\/totallubri.com.br\/index.php?rest_route=\/wp\/v2\/types\/product"}],"replies":[{"embeddable":true,"href":"https:\/\/totallubri.com.br\/index.php?rest_route=%2Fwp%2Fv2%2Fcomments&post=5449"}],"wp:featuredmedia":[{"embeddable":true,"href":"https:\/\/totallubri.com.br\/index.php?rest_route=\/wp\/v2\/media\/5450"}],"wp:attachment":[{"href":"https:\/\/totallubri.com.br\/index.php?rest_route=%2Fwp%2Fv2%2Fmedia&parent=5449"}],"wp:term":[{"taxonomy":"product_brand","embeddable":true,"href":"https:\/\/totallubri.com.br\/index.php?rest_route=%2Fwp%2Fv2%2Fproduct_brand&post=5449"},{"taxonomy":"product_cat","embeddable":true,"href":"https:\/\/totallubri.com.br\/index.php?rest_route=%2Fwp%2Fv2%2Fproduct_cat&post=5449"},{"taxonomy":"product_tag","embeddable":true,"href":"https:\/\/totallubri.com.br\/index.php?rest_route=%2Fwp%2Fv2%2Fproduct_tag&post=5449"}],"curies":[{"name":"wp","href":"https:\/\/api.w.org\/{rel}","templated":true}]}}