{"id":5453,"date":"2017-01-16T14:38:29","date_gmt":"2017-01-16T16:38:29","guid":{"rendered":"http:\/\/totallubri.com.br\/?post_type=product&#038;p=5453"},"modified":"2024-12-02T11:03:11","modified_gmt":"2024-12-02T14:03:11","slug":"propulsora-pneumatica-para-oleo-9010-omg7-g7","status":"publish","type":"product","link":"https:\/\/totallubri.com.br\/?product=propulsora-pneumatica-para-oleo-9010-omg7-g7","title":{"rendered":"PROPULSORA PNEUM\u00c1TICA PARA \u00d3LEO \u2013 9010-OMG7 \u2013 G7-LUPUS"},"content":{"rendered":"<p>Em alum\u00ednio. Propulsoras adequadas para transfer\u00eancia de \u00f3leo de baixa e m\u00e9dia viscosidade (SAE 15 a 140) a curtas e m\u00e9dias distancias (at\u00e9 50m).<\/p>\n<p>Vaz\u00e3o livre: 25 L\/min (\u00f3leo SAE 30 &#8211; 20\u00b0C)<br \/>\nRateio: 3:1<br \/>\nConex\u00e3o da entrada de ar: \u00f8 \u00bc\u2019\u2019 BSP \/ f\u00eamea<br \/>\nPress\u00e3o da entrada de ar: 45 a 115 PSI<br \/>\nConsumo m\u00e9dio de ar: 0,2 m<sup>3<\/sup>\/min<br \/>\nEntrada do \u00f3leo: \u00f8 42 mm(1\u2019\u2019)<br \/>\nConex\u00e3o da sa\u00edda de \u00f3leo: 130 a 350 PSI<br \/>\nN\u00edvel de ru\u00eddo: 80 dB<br \/>\nAdapt\u00e1vel: reservat\u00f3rios 50 L<\/p>\n<p>Peso: 4,940 Kg<br \/>\nMedidas: (A) 1040 mm x (\u00f8 da cabe\u00e7a) 55 mm<\/p>\n","protected":false},"excerpt":{"rendered":"<p>Em alum\u00ednio. Propulsoras adequadas para transfer\u00eancia de \u00f3leo de baixa e m\u00e9dia viscosidade (SAE 15 a 140) a curtas e m\u00e9dias distancias (at\u00e9 50m). Vaz\u00e3o livre: 25 L\/min (\u00f3leo SAE 30 &#8211; 20\u00b0C) Rateio: 3:1 Conex\u00e3o da entrada de ar: \u00f8 \u00bc\u2019\u2019 BSP \/ f\u00eamea Press\u00e3o da entrada de ar: 45 a 115 PSI Consumo [&hellip;]<\/p>\n","protected":false},"featured_media":5454,"comment_status":"open","ping_status":"closed","template":"","meta":{"_exactmetrics_skip_tracking":false,"_exactmetrics_sitenote_active":false,"_exactmetrics_sitenote_note":"","_exactmetrics_sitenote_category":0},"product_brand":[],"product_cat":[110],"product_tag":[],"class_list":{"0":"post-5453","1":"product","2":"type-product","3":"status-publish","4":"has-post-thumbnail","6":"product_cat-propulsora-pneumatica-para-oleo","8":"first","9":"instock","10":"shipping-taxable","11":"product-type-simple"},"_links":{"self":[{"href":"https:\/\/totallubri.com.br\/index.php?rest_route=\/wp\/v2\/product\/5453","targetHints":{"allow":["GET"]}}],"collection":[{"href":"https:\/\/totallubri.com.br\/index.php?rest_route=\/wp\/v2\/product"}],"about":[{"href":"https:\/\/totallubri.com.br\/index.php?rest_route=\/wp\/v2\/types\/product"}],"replies":[{"embeddable":true,"href":"https:\/\/totallubri.com.br\/index.php?rest_route=%2Fwp%2Fv2%2Fcomments&post=5453"}],"wp:featuredmedia":[{"embeddable":true,"href":"https:\/\/totallubri.com.br\/index.php?rest_route=\/wp\/v2\/media\/5454"}],"wp:attachment":[{"href":"https:\/\/totallubri.com.br\/index.php?rest_route=%2Fwp%2Fv2%2Fmedia&parent=5453"}],"wp:term":[{"taxonomy":"product_brand","embeddable":true,"href":"https:\/\/totallubri.com.br\/index.php?rest_route=%2Fwp%2Fv2%2Fproduct_brand&post=5453"},{"taxonomy":"product_cat","embeddable":true,"href":"https:\/\/totallubri.com.br\/index.php?rest_route=%2Fwp%2Fv2%2Fproduct_cat&post=5453"},{"taxonomy":"product_tag","embeddable":true,"href":"https:\/\/totallubri.com.br\/index.php?rest_route=%2Fwp%2Fv2%2Fproduct_tag&post=5453"}],"curies":[{"name":"wp","href":"https:\/\/api.w.org\/{rel}","templated":true}]}}