{"id":5463,"date":"2017-01-16T14:43:22","date_gmt":"2017-01-16T16:43:22","guid":{"rendered":"http:\/\/totallubri.com.br\/?post_type=product&#038;p=5463"},"modified":"2024-12-02T11:07:51","modified_gmt":"2024-12-02T14:07:51","slug":"propulsora-pneumatica-para-oleo-9045-pg7-g7","status":"publish","type":"product","link":"https:\/\/totallubri.com.br\/?product=propulsora-pneumatica-para-oleo-9045-pg7-g7","title":{"rendered":"PROPULSORA PNEUM\u00c1TICA PARA \u00d3LEO \u2013 9045-PG7 \u2013 G7-LUPUS"},"content":{"rendered":"<p>Em alum\u00ednio. Propulsoras adequadas para transfer\u00eancia e abastecimento de \u00f3leo de m\u00e9dia a alta viscosidade (SAE 15 a 240) a m\u00e9dias e longas distancias (at\u00e9 250 m), com v\u00e1rios pontos de distribui\u00e7\u00e3o simult\u00e2nea.<\/p>\n<p>Vaz\u00e3o livre: 35 L\/min (\u00f3leo SAE 30 &#8211; 20\u00b0C)<br \/>\nRateio: 8:1<br \/>\nConex\u00e3o da entrada de ar: \u00f8 \u00bc\u2019\u2019 BSP \/ f\u00eamea<br \/>\nPress\u00e3o da entrada de ar: 45 a 115 PSI<br \/>\nConsumo m\u00e9dio de ar: 1,75 m<sup>3<\/sup>\/min<br \/>\nEntrada do \u00f3leo: \u00f8 50 mm(2\u2019\u2019)<br \/>\nConex\u00e3o da sa\u00edda de \u00f3leo: \u00f8 3\/4\u2019\u2019 BSP \/ macho<br \/>\nPress\u00e3o de sa\u00edda de \u00f3leo: 350 a 930 PSI<br \/>\nN\u00edvel de ru\u00eddo: 80 dB<br \/>\nAdapt\u00e1vel: a parede<\/p>\n<p>Peso: 14 Kg<br \/>\nMedidas: (A) 800 mm x (\u00f8 da cabe\u00e7a) 132 mm<\/p>\n","protected":false},"excerpt":{"rendered":"<p>Em alum\u00ednio. Propulsoras adequadas para transfer\u00eancia e abastecimento de \u00f3leo de m\u00e9dia a alta viscosidade (SAE 15 a 240) a m\u00e9dias e longas distancias (at\u00e9 250 m), com v\u00e1rios pontos de distribui\u00e7\u00e3o simult\u00e2nea. Vaz\u00e3o livre: 35 L\/min (\u00f3leo SAE 30 &#8211; 20\u00b0C) Rateio: 8:1 Conex\u00e3o da entrada de ar: \u00f8 \u00bc\u2019\u2019 BSP \/ f\u00eamea Press\u00e3o [&hellip;]<\/p>\n","protected":false},"featured_media":5464,"comment_status":"open","ping_status":"closed","template":"","meta":{"_exactmetrics_skip_tracking":false,"_exactmetrics_sitenote_active":false,"_exactmetrics_sitenote_note":"","_exactmetrics_sitenote_category":0},"product_brand":[],"product_cat":[110],"product_tag":[],"class_list":{"0":"post-5463","1":"product","2":"type-product","3":"status-publish","4":"has-post-thumbnail","6":"product_cat-propulsora-pneumatica-para-oleo","8":"first","9":"instock","10":"shipping-taxable","11":"product-type-simple"},"_links":{"self":[{"href":"https:\/\/totallubri.com.br\/index.php?rest_route=\/wp\/v2\/product\/5463","targetHints":{"allow":["GET"]}}],"collection":[{"href":"https:\/\/totallubri.com.br\/index.php?rest_route=\/wp\/v2\/product"}],"about":[{"href":"https:\/\/totallubri.com.br\/index.php?rest_route=\/wp\/v2\/types\/product"}],"replies":[{"embeddable":true,"href":"https:\/\/totallubri.com.br\/index.php?rest_route=%2Fwp%2Fv2%2Fcomments&post=5463"}],"wp:featuredmedia":[{"embeddable":true,"href":"https:\/\/totallubri.com.br\/index.php?rest_route=\/wp\/v2\/media\/5464"}],"wp:attachment":[{"href":"https:\/\/totallubri.com.br\/index.php?rest_route=%2Fwp%2Fv2%2Fmedia&parent=5463"}],"wp:term":[{"taxonomy":"product_brand","embeddable":true,"href":"https:\/\/totallubri.com.br\/index.php?rest_route=%2Fwp%2Fv2%2Fproduct_brand&post=5463"},{"taxonomy":"product_cat","embeddable":true,"href":"https:\/\/totallubri.com.br\/index.php?rest_route=%2Fwp%2Fv2%2Fproduct_cat&post=5463"},{"taxonomy":"product_tag","embeddable":true,"href":"https:\/\/totallubri.com.br\/index.php?rest_route=%2Fwp%2Fv2%2Fproduct_tag&post=5463"}],"curies":[{"name":"wp","href":"https:\/\/api.w.org\/{rel}","templated":true}]}}