{"id":5467,"date":"2017-01-16T14:46:03","date_gmt":"2017-01-16T16:46:03","guid":{"rendered":"http:\/\/totallubri.com.br\/?post_type=product&#038;p=5467"},"modified":"2024-12-02T12:58:48","modified_gmt":"2024-12-02T15:58:48","slug":"reservatorio-de-metal-9313-lupus","status":"publish","type":"product","link":"https:\/\/totallubri.com.br\/?product=reservatorio-de-metal-9313-lupus","title":{"rendered":"RESERVAT\u00d3RIO DE METAL \u2013 9313 \u2013 LUPUS"},"content":{"rendered":"<p>Reservat\u00f3rio formado por um tanque interno de polietileno e por um externo de a\u00e7o galvanizado, com gradua\u00e7\u00e3o.<\/p>\n<p>Capacidade: 1000 L<br \/>\nConex\u00e3o: 2\u2019\u2019 NPT<\/p>\n<p>Peso: 76 Kg<br \/>\nMedidas: (A) 1550 mm x (L) 1100 mm<\/p>\n","protected":false},"excerpt":{"rendered":"<p>Reservat\u00f3rio formado por um tanque interno de polietileno e por um externo de a\u00e7o galvanizado, com gradua\u00e7\u00e3o. Capacidade: 1000 L Conex\u00e3o: 2\u2019\u2019 NPT Peso: 76 Kg Medidas: (A) 1550 mm x (L) 1100 mm<\/p>\n","protected":false},"featured_media":5468,"comment_status":"open","ping_status":"closed","template":"","meta":{"_exactmetrics_skip_tracking":false,"_exactmetrics_sitenote_active":false,"_exactmetrics_sitenote_note":"","_exactmetrics_sitenote_category":0},"product_brand":[],"product_cat":[113],"product_tag":[],"class_list":{"0":"post-5467","1":"product","2":"type-product","3":"status-publish","4":"has-post-thumbnail","6":"product_cat-reservatorio-ibc-e-sistema-de-armazenamento","8":"first","9":"instock","10":"shipping-taxable","11":"product-type-simple"},"_links":{"self":[{"href":"https:\/\/totallubri.com.br\/index.php?rest_route=\/wp\/v2\/product\/5467","targetHints":{"allow":["GET"]}}],"collection":[{"href":"https:\/\/totallubri.com.br\/index.php?rest_route=\/wp\/v2\/product"}],"about":[{"href":"https:\/\/totallubri.com.br\/index.php?rest_route=\/wp\/v2\/types\/product"}],"replies":[{"embeddable":true,"href":"https:\/\/totallubri.com.br\/index.php?rest_route=%2Fwp%2Fv2%2Fcomments&post=5467"}],"wp:featuredmedia":[{"embeddable":true,"href":"https:\/\/totallubri.com.br\/index.php?rest_route=\/wp\/v2\/media\/5468"}],"wp:attachment":[{"href":"https:\/\/totallubri.com.br\/index.php?rest_route=%2Fwp%2Fv2%2Fmedia&parent=5467"}],"wp:term":[{"taxonomy":"product_brand","embeddable":true,"href":"https:\/\/totallubri.com.br\/index.php?rest_route=%2Fwp%2Fv2%2Fproduct_brand&post=5467"},{"taxonomy":"product_cat","embeddable":true,"href":"https:\/\/totallubri.com.br\/index.php?rest_route=%2Fwp%2Fv2%2Fproduct_cat&post=5467"},{"taxonomy":"product_tag","embeddable":true,"href":"https:\/\/totallubri.com.br\/index.php?rest_route=%2Fwp%2Fv2%2Fproduct_tag&post=5467"}],"curies":[{"name":"wp","href":"https:\/\/api.w.org\/{rel}","templated":true}]}}