{"id":5474,"date":"2017-01-16T16:38:15","date_gmt":"2017-01-16T18:38:15","guid":{"rendered":"http:\/\/totallubri.com.br\/?post_type=product&#038;p=5474"},"modified":"2024-12-09T12:12:57","modified_gmt":"2024-12-09T15:12:57","slug":"unidade-movel-pneumatica-completa-9102-dcg7-g7","status":"publish","type":"product","link":"https:\/\/totallubri.com.br\/?product=unidade-movel-pneumatica-completa-9102-dcg7-g7","title":{"rendered":"UNIDADE M\u00d3VEL PNEUM\u00c1TICA COMPLETA \u2013 9102-DCG7 \u2013 G7-LUPUS"},"content":{"rendered":"<p>Unidade para \u00f3leo lubrificante at\u00e9 (SAE 90 \u00e0 40\u00b0), carrinho em a\u00e7o com uma roda frontal maci\u00e7a girat\u00f3ria e sistema de freio, duas rodas traseiras pneum\u00e1ticas.<\/p>\n<p>Adapt\u00e1vel: tambores 200L<br \/>\nPropulsora: 9000-OG7<br \/>\nVaz\u00e3o livre: 25 L\/min<br \/>\nAlimenta\u00e7\u00e3o: ar comprimido<br \/>\nRateio: 3:1<br \/>\nAcompanha:<br \/>\nCarretel: montado com 10m de magueira \/ \u00f8 \u00bd\u2019\u2019.<br \/>\nAbastecimento: medidor digital, com gatilho e v\u00e1lvula antigotejante.<br \/>\nAr comprimido: filtro regulador de ar e conector para engate r\u00e1pido \u00bc\u2019\u2019 \/ f\u00eamea \u00f8 \u00bd\u2019\u2019.<\/p>\n<p>Peso: 70 Kg.<br \/>\nMedidas: (A) 1005 mm x (L) 875 mm.<br \/>\nOBS.: Tambor n\u00e3o acompanha produto.<\/p>\n","protected":false},"excerpt":{"rendered":"<p>Unidade para \u00f3leo lubrificante at\u00e9 (SAE 90 \u00e0 40\u00b0), carrinho em a\u00e7o com uma roda frontal maci\u00e7a girat\u00f3ria e sistema de freio, duas rodas traseiras pneum\u00e1ticas. Adapt\u00e1vel: tambores 200L Propulsora: 9000-OG7 Vaz\u00e3o livre: 25 L\/min Alimenta\u00e7\u00e3o: ar comprimido Rateio: 3:1 Acompanha: Carretel: montado com 10m de magueira \/ \u00f8 \u00bd\u2019\u2019. Abastecimento: medidor digital, com gatilho [&hellip;]<\/p>\n","protected":false},"featured_media":5475,"comment_status":"open","ping_status":"closed","template":"","meta":{"_exactmetrics_skip_tracking":false,"_exactmetrics_sitenote_active":false,"_exactmetrics_sitenote_note":"","_exactmetrics_sitenote_category":0},"product_brand":[],"product_cat":[116],"product_tag":[],"class_list":{"0":"post-5474","1":"product","2":"type-product","3":"status-publish","4":"has-post-thumbnail","6":"product_cat-unidade-movel","8":"first","9":"instock","10":"shipping-taxable","11":"product-type-simple"},"_links":{"self":[{"href":"https:\/\/totallubri.com.br\/index.php?rest_route=\/wp\/v2\/product\/5474","targetHints":{"allow":["GET"]}}],"collection":[{"href":"https:\/\/totallubri.com.br\/index.php?rest_route=\/wp\/v2\/product"}],"about":[{"href":"https:\/\/totallubri.com.br\/index.php?rest_route=\/wp\/v2\/types\/product"}],"replies":[{"embeddable":true,"href":"https:\/\/totallubri.com.br\/index.php?rest_route=%2Fwp%2Fv2%2Fcomments&post=5474"}],"wp:featuredmedia":[{"embeddable":true,"href":"https:\/\/totallubri.com.br\/index.php?rest_route=\/wp\/v2\/media\/5475"}],"wp:attachment":[{"href":"https:\/\/totallubri.com.br\/index.php?rest_route=%2Fwp%2Fv2%2Fmedia&parent=5474"}],"wp:term":[{"taxonomy":"product_brand","embeddable":true,"href":"https:\/\/totallubri.com.br\/index.php?rest_route=%2Fwp%2Fv2%2Fproduct_brand&post=5474"},{"taxonomy":"product_cat","embeddable":true,"href":"https:\/\/totallubri.com.br\/index.php?rest_route=%2Fwp%2Fv2%2Fproduct_cat&post=5474"},{"taxonomy":"product_tag","embeddable":true,"href":"https:\/\/totallubri.com.br\/index.php?rest_route=%2Fwp%2Fv2%2Fproduct_tag&post=5474"}],"curies":[{"name":"wp","href":"https:\/\/api.w.org\/{rel}","templated":true}]}}