{"id":5484,"date":"2017-01-16T16:41:42","date_gmt":"2017-01-16T18:41:42","guid":{"rendered":"http:\/\/totallubri.com.br\/?post_type=product&#038;p=5484"},"modified":"2024-12-08T13:06:39","modified_gmt":"2024-12-08T16:06:39","slug":"unidade-de-abastecimento-9800-cg7-g7","status":"publish","type":"product","link":"https:\/\/totallubri.com.br\/?product=unidade-de-abastecimento-9800-cg7-g7","title":{"rendered":"UNIDADE DE ABASTECIMENTO \u2013 9800-CG7 \u2013 G7 \u2013 LUPUS"},"content":{"rendered":"<p>Sistema moderno e seguro para abastecimento de \u00f3leo lubrificante. Proporciona economia, menor tempo, controle digital do abastecimento. Evita a contamina\u00e7\u00e3o e desperd\u00edcio de \u00f3leo.<\/p>\n<p>Adapt\u00e1vel: tambores 200 L<br \/>\nVaz\u00e3o livre: 25 L\/min<br \/>\nPropulsora: 9000-OG7<br \/>\nRateio: 3:1<br \/>\nAlimenta\u00e7\u00e3o: ar comprimido \/ com filtro regulador de ar e conector para engate r\u00e1pido.<br \/>\nAbastecimento: v\u00e1lvula de \u00f3leo manual<\/p>\n<p>Peso: 4,6 Kg.<br \/>\nMedidas: (A) 1300 mm X (L) 260 mm<br \/>\nOBS.: Tambor n\u00e3o acompanha produto.<\/p>\n","protected":false},"excerpt":{"rendered":"<p>Sistema moderno e seguro para abastecimento de \u00f3leo lubrificante. Proporciona economia, menor tempo, controle digital do abastecimento. Evita a contamina\u00e7\u00e3o e desperd\u00edcio de \u00f3leo. Adapt\u00e1vel: tambores 200 L Vaz\u00e3o livre: 25 L\/min Propulsora: 9000-OG7 Rateio: 3:1 Alimenta\u00e7\u00e3o: ar comprimido \/ com filtro regulador de ar e conector para engate r\u00e1pido. Abastecimento: v\u00e1lvula de \u00f3leo manual [&hellip;]<\/p>\n","protected":false},"featured_media":5485,"comment_status":"open","ping_status":"closed","template":"","meta":{"_exactmetrics_skip_tracking":false,"_exactmetrics_sitenote_active":false,"_exactmetrics_sitenote_note":"","_exactmetrics_sitenote_category":0},"product_brand":[],"product_cat":[119],"product_tag":[],"class_list":{"0":"post-5484","1":"product","2":"type-product","3":"status-publish","4":"has-post-thumbnail","6":"product_cat-unidade-de-abastecimento-pneumatica","8":"first","9":"instock","10":"shipping-taxable","11":"product-type-simple"},"_links":{"self":[{"href":"https:\/\/totallubri.com.br\/index.php?rest_route=\/wp\/v2\/product\/5484","targetHints":{"allow":["GET"]}}],"collection":[{"href":"https:\/\/totallubri.com.br\/index.php?rest_route=\/wp\/v2\/product"}],"about":[{"href":"https:\/\/totallubri.com.br\/index.php?rest_route=\/wp\/v2\/types\/product"}],"replies":[{"embeddable":true,"href":"https:\/\/totallubri.com.br\/index.php?rest_route=%2Fwp%2Fv2%2Fcomments&post=5484"}],"wp:featuredmedia":[{"embeddable":true,"href":"https:\/\/totallubri.com.br\/index.php?rest_route=\/wp\/v2\/media\/5485"}],"wp:attachment":[{"href":"https:\/\/totallubri.com.br\/index.php?rest_route=%2Fwp%2Fv2%2Fmedia&parent=5484"}],"wp:term":[{"taxonomy":"product_brand","embeddable":true,"href":"https:\/\/totallubri.com.br\/index.php?rest_route=%2Fwp%2Fv2%2Fproduct_brand&post=5484"},{"taxonomy":"product_cat","embeddable":true,"href":"https:\/\/totallubri.com.br\/index.php?rest_route=%2Fwp%2Fv2%2Fproduct_cat&post=5484"},{"taxonomy":"product_tag","embeddable":true,"href":"https:\/\/totallubri.com.br\/index.php?rest_route=%2Fwp%2Fv2%2Fproduct_tag&post=5484"}],"curies":[{"name":"wp","href":"https:\/\/api.w.org\/{rel}","templated":true}]}}