{"id":5490,"date":"2017-01-16T16:44:00","date_gmt":"2017-01-16T18:44:00","guid":{"rendered":"http:\/\/totallubri.com.br\/?post_type=product&#038;p=5490"},"modified":"2024-11-19T21:48:34","modified_gmt":"2024-11-20T00:48:34","slug":"unidade-de-filtragem-eletrica-9523-piusi","status":"publish","type":"product","link":"https:\/\/totallubri.com.br\/?product=unidade-de-filtragem-eletrica-9523-piusi","title":{"rendered":"UNIDADE DE FILTRAGEM EL\u00c9TRICA \u2013 9523 &#8211; PIUSI"},"content":{"rendered":"<p>Unidade de filtragem e abastecimento estacion\u00e1ria el\u00e9trica adaptada em IBC de 1000 L.<\/p>\n<p>Capacidade do reservat\u00f3rio: 1000 L.<br \/>\nViscosidade m\u00e1xima do \u00f3leo: ISO 680 (conf. execu\u00e7\u00e3o)<br \/>\nTemperatura m\u00e1xima de \u00f3leo: 10\u00b0C \u2013 80\u00b0C<br \/>\nTemperatura ambiente: 20\u00b0C \u2013 50\u00b0C<br \/>\nConten\u00e7\u00e3o:\u00a0 bacia em a\u00e7o (9300 B1000)<br \/>\nBomba: de engrenagens (9114)<br \/>\nVaz\u00e3o livre: 14L\/min \u00f3leo ISO VG680<br \/>\nAlimenta\u00e7\u00e3o: 220 V<br \/>\nPress\u00e3o m\u00e1xima de trabalho: 140 PSI<br \/>\nFiltragem: particulado<br \/>\n01 Elemento filtrante prim\u00e1rio: Microglass 1000 x 5 micra c\/ indicador de satura\u00e7\u00e3o<br \/>\nSuc\u00e7\u00e3o: conjunto de suc\u00e7\u00e3o \u00be\u2019\u2019 (9042-M) \/ adap. Tambor 200 L.<br \/>\nControle fluxo de linha: medidor digital (2120)<br \/>\nCarretel: montado com 15m de mangueira \u00f8 \u00bd\u2019\u2019.<br \/>\nAbastecimento: comando de \u00f3leo com gatilho, v\u00e1lvula antigotejante e medidor digital<br \/>\nAmostragem: respiro dissecante higrosc\u00f3pico (5718) \/ tubo de pilot (5735).<\/p>\n<p>Peso: 327 Kg.<br \/>\nMedidas: (A) 2500 mm X (L) 1200 mm x (C) 1000 mm<\/p>\n","protected":false},"excerpt":{"rendered":"<p>Unidade de filtragem e abastecimento estacion\u00e1ria el\u00e9trica adaptada em IBC de 1000 L. Capacidade do reservat\u00f3rio: 1000 L. Viscosidade m\u00e1xima do \u00f3leo: ISO 680 (conf. execu\u00e7\u00e3o) Temperatura m\u00e1xima de \u00f3leo: 10\u00b0C \u2013 80\u00b0C Temperatura ambiente: 20\u00b0C \u2013 50\u00b0C Conten\u00e7\u00e3o:\u00a0 bacia em a\u00e7o (9300 B1000) Bomba: de engrenagens (9114) Vaz\u00e3o livre: 14L\/min \u00f3leo ISO VG680 Alimenta\u00e7\u00e3o: [&hellip;]<\/p>\n","protected":false},"featured_media":5491,"comment_status":"open","ping_status":"closed","template":"","meta":{"_exactmetrics_skip_tracking":false,"_exactmetrics_sitenote_active":false,"_exactmetrics_sitenote_note":"","_exactmetrics_sitenote_category":0},"product_brand":[],"product_cat":[93],"product_tag":[],"class_list":{"0":"post-5490","1":"product","2":"type-product","3":"status-publish","4":"has-post-thumbnail","6":"product_cat-filtros-e-elementos-filtrantes","8":"first","9":"instock","10":"shipping-taxable","11":"product-type-simple"},"_links":{"self":[{"href":"https:\/\/totallubri.com.br\/index.php?rest_route=\/wp\/v2\/product\/5490","targetHints":{"allow":["GET"]}}],"collection":[{"href":"https:\/\/totallubri.com.br\/index.php?rest_route=\/wp\/v2\/product"}],"about":[{"href":"https:\/\/totallubri.com.br\/index.php?rest_route=\/wp\/v2\/types\/product"}],"replies":[{"embeddable":true,"href":"https:\/\/totallubri.com.br\/index.php?rest_route=%2Fwp%2Fv2%2Fcomments&post=5490"}],"wp:featuredmedia":[{"embeddable":true,"href":"https:\/\/totallubri.com.br\/index.php?rest_route=\/wp\/v2\/media\/5491"}],"wp:attachment":[{"href":"https:\/\/totallubri.com.br\/index.php?rest_route=%2Fwp%2Fv2%2Fmedia&parent=5490"}],"wp:term":[{"taxonomy":"product_brand","embeddable":true,"href":"https:\/\/totallubri.com.br\/index.php?rest_route=%2Fwp%2Fv2%2Fproduct_brand&post=5490"},{"taxonomy":"product_cat","embeddable":true,"href":"https:\/\/totallubri.com.br\/index.php?rest_route=%2Fwp%2Fv2%2Fproduct_cat&post=5490"},{"taxonomy":"product_tag","embeddable":true,"href":"https:\/\/totallubri.com.br\/index.php?rest_route=%2Fwp%2Fv2%2Fproduct_tag&post=5490"}],"curies":[{"name":"wp","href":"https:\/\/api.w.org\/{rel}","templated":true}]}}