{"id":5496,"date":"2017-01-16T16:46:59","date_gmt":"2017-01-16T18:46:59","guid":{"rendered":"http:\/\/totallubri.com.br\/?post_type=product&#038;p=5496"},"modified":"2025-01-26T18:46:02","modified_gmt":"2025-01-26T21:46:02","slug":"unidade-retornavel-de-abastecimento-eletrica-9526-piusi","status":"publish","type":"product","link":"https:\/\/totallubri.com.br\/?product=unidade-retornavel-de-abastecimento-eletrica-9526-piusi","title":{"rendered":"UNIDADE RETORN\u00c1VEL DE ABASTECIMENTO EL\u00c9TRICA \u2013 9526 \u2013 PIUSI"},"content":{"rendered":"<p>Unidade de abastecimento e conten\u00e7\u00e3o, com sistema de refil.<\/p>\n<p>Capacidade do reservat\u00f3rio: 2000 L.<br \/>\nViscosidade m\u00e1xima do \u00f3leo: ISO 680 (conf. execu\u00e7\u00e3o)<br \/>\nConten\u00e7\u00e3o:\u00a0 bacia em a\u00e7o (9300 B1000)<br \/>\nBomba: de palhetas (9112)<br \/>\nVaz\u00e3o livre: 25 L\/min<br \/>\nAlimenta\u00e7\u00e3o: 220 V<br \/>\nPress\u00e3o m\u00e1xima de trabalho: 85 PSI<br \/>\nSuc\u00e7\u00e3o: mangueira suc\u00e7\u00e3o 1\u2019\u2019<br \/>\nAbastecimento: comando de \u00f3leo com gatilho, v\u00e1lvula antigotejante e medidor digital.<br \/>\nAmostragem: respiro dissecante higrosc\u00f3pico (5718).<br \/>\nTroca do IBC: atrav\u00e9s de conector para engate r\u00e1pido (2017-CH)<\/p>\n<p>Peso: 330 Kg.<br \/>\nMedidas: (A) 2500 mm X (L) 1200 mm x (C) 1000 mm<\/p>\n","protected":false},"excerpt":{"rendered":"<p>Unidade de abastecimento e conten\u00e7\u00e3o, com sistema de refil. Capacidade do reservat\u00f3rio: 2000 L. Viscosidade m\u00e1xima do \u00f3leo: ISO 680 (conf. execu\u00e7\u00e3o) Conten\u00e7\u00e3o:\u00a0 bacia em a\u00e7o (9300 B1000) Bomba: de palhetas (9112) Vaz\u00e3o livre: 25 L\/min Alimenta\u00e7\u00e3o: 220 V Press\u00e3o m\u00e1xima de trabalho: 85 PSI Suc\u00e7\u00e3o: mangueira suc\u00e7\u00e3o 1\u2019\u2019 Abastecimento: comando de \u00f3leo com gatilho, [&hellip;]<\/p>\n","protected":false},"featured_media":5497,"comment_status":"open","ping_status":"closed","template":"","meta":{"_exactmetrics_skip_tracking":false,"_exactmetrics_sitenote_active":false,"_exactmetrics_sitenote_note":"","_exactmetrics_sitenote_category":0},"product_brand":[],"product_cat":[119],"product_tag":[],"class_list":{"0":"post-5496","1":"product","2":"type-product","3":"status-publish","4":"has-post-thumbnail","6":"product_cat-unidade-de-abastecimento-pneumatica","8":"first","9":"instock","10":"shipping-taxable","11":"product-type-simple"},"_links":{"self":[{"href":"https:\/\/totallubri.com.br\/index.php?rest_route=\/wp\/v2\/product\/5496","targetHints":{"allow":["GET"]}}],"collection":[{"href":"https:\/\/totallubri.com.br\/index.php?rest_route=\/wp\/v2\/product"}],"about":[{"href":"https:\/\/totallubri.com.br\/index.php?rest_route=\/wp\/v2\/types\/product"}],"replies":[{"embeddable":true,"href":"https:\/\/totallubri.com.br\/index.php?rest_route=%2Fwp%2Fv2%2Fcomments&post=5496"}],"wp:featuredmedia":[{"embeddable":true,"href":"https:\/\/totallubri.com.br\/index.php?rest_route=\/wp\/v2\/media\/5497"}],"wp:attachment":[{"href":"https:\/\/totallubri.com.br\/index.php?rest_route=%2Fwp%2Fv2%2Fmedia&parent=5496"}],"wp:term":[{"taxonomy":"product_brand","embeddable":true,"href":"https:\/\/totallubri.com.br\/index.php?rest_route=%2Fwp%2Fv2%2Fproduct_brand&post=5496"},{"taxonomy":"product_cat","embeddable":true,"href":"https:\/\/totallubri.com.br\/index.php?rest_route=%2Fwp%2Fv2%2Fproduct_cat&post=5496"},{"taxonomy":"product_tag","embeddable":true,"href":"https:\/\/totallubri.com.br\/index.php?rest_route=%2Fwp%2Fv2%2Fproduct_tag&post=5496"}],"curies":[{"name":"wp","href":"https:\/\/api.w.org\/{rel}","templated":true}]}}