{"id":5506,"date":"2017-01-16T16:51:48","date_gmt":"2017-01-16T18:51:48","guid":{"rendered":"http:\/\/totallubri.com.br\/?post_type=product&#038;p=5506"},"modified":"2024-12-08T12:11:04","modified_gmt":"2024-12-08T15:11:04","slug":"unidade-de-abastecimento-pneumatica-para-oleo-9302-dcg7-g7","status":"publish","type":"product","link":"https:\/\/totallubri.com.br\/?product=unidade-de-abastecimento-pneumatica-para-oleo-9302-dcg7-g7","title":{"rendered":"UNIDADE DE ABASTECIMENTO PNEUM\u00c1TICA PARA \u00d3LEO \u2013 9302-DCG7 \u2013 G7 \u2013 LUPUS"},"content":{"rendered":"<p>Reservat\u00f3rio em polietileno e porta-palete em a\u00e7o (IBC), com propulsora pneum\u00e1tica fixada no reservat\u00f3rio por suporte em a\u00e7o. Filtro regulador de ar, medidor digital, suporte para medidor e carretel autom\u00e1tico montado com mangueira.<\/p>\n<p>Capacidade: 1000 L<br \/>\nVaz\u00e3o livre: 25 L\/min<br \/>\nPropulsora: 9000-OPG7 \/ 3:1<br \/>\nMedidor: digital \/ com gatilho e bico antigotejante<br \/>\nCarretel: autom\u00e1tico \/ montado com\u00a0 10 m de mangueira<br \/>\nFiltro regulador de ar: \u00f8 \u00bc\u2019\u2019 com conector para engate r\u00e1pido.<br \/>\nPeso: 102 Kg.<br \/>\nMedidas: (A) 1165 mm X (L) 1000 mm x (C) 1210 mm<\/p>\n","protected":false},"excerpt":{"rendered":"<p>Reservat\u00f3rio em polietileno e porta-palete em a\u00e7o (IBC), com propulsora pneum\u00e1tica fixada no reservat\u00f3rio por suporte em a\u00e7o. Filtro regulador de ar, medidor digital, suporte para medidor e carretel autom\u00e1tico montado com mangueira. Capacidade: 1000 L Vaz\u00e3o livre: 25 L\/min Propulsora: 9000-OPG7 \/ 3:1 Medidor: digital \/ com gatilho e bico antigotejante Carretel: autom\u00e1tico \/ [&hellip;]<\/p>\n","protected":false},"featured_media":5507,"comment_status":"open","ping_status":"closed","template":"","meta":{"_exactmetrics_skip_tracking":false,"_exactmetrics_sitenote_active":false,"_exactmetrics_sitenote_note":"","_exactmetrics_sitenote_category":0},"product_brand":[],"product_cat":[119],"product_tag":[],"class_list":{"0":"post-5506","1":"product","2":"type-product","3":"status-publish","4":"has-post-thumbnail","6":"product_cat-unidade-de-abastecimento-pneumatica","8":"first","9":"instock","10":"shipping-taxable","11":"product-type-simple"},"_links":{"self":[{"href":"https:\/\/totallubri.com.br\/index.php?rest_route=\/wp\/v2\/product\/5506","targetHints":{"allow":["GET"]}}],"collection":[{"href":"https:\/\/totallubri.com.br\/index.php?rest_route=\/wp\/v2\/product"}],"about":[{"href":"https:\/\/totallubri.com.br\/index.php?rest_route=\/wp\/v2\/types\/product"}],"replies":[{"embeddable":true,"href":"https:\/\/totallubri.com.br\/index.php?rest_route=%2Fwp%2Fv2%2Fcomments&post=5506"}],"wp:featuredmedia":[{"embeddable":true,"href":"https:\/\/totallubri.com.br\/index.php?rest_route=\/wp\/v2\/media\/5507"}],"wp:attachment":[{"href":"https:\/\/totallubri.com.br\/index.php?rest_route=%2Fwp%2Fv2%2Fmedia&parent=5506"}],"wp:term":[{"taxonomy":"product_brand","embeddable":true,"href":"https:\/\/totallubri.com.br\/index.php?rest_route=%2Fwp%2Fv2%2Fproduct_brand&post=5506"},{"taxonomy":"product_cat","embeddable":true,"href":"https:\/\/totallubri.com.br\/index.php?rest_route=%2Fwp%2Fv2%2Fproduct_cat&post=5506"},{"taxonomy":"product_tag","embeddable":true,"href":"https:\/\/totallubri.com.br\/index.php?rest_route=%2Fwp%2Fv2%2Fproduct_tag&post=5506"}],"curies":[{"name":"wp","href":"https:\/\/api.w.org\/{rel}","templated":true}]}}