{"id":5508,"date":"2017-01-16T16:52:35","date_gmt":"2017-01-16T18:52:35","guid":{"rendered":"http:\/\/totallubri.com.br\/?post_type=product&#038;p=5508"},"modified":"2025-05-01T17:10:48","modified_gmt":"2025-05-01T20:10:48","slug":"unidade-de-abastecimento-pneumatica-9306-d-lupus","status":"publish","type":"product","link":"https:\/\/totallubri.com.br\/?product=unidade-de-abastecimento-pneumatica-9306-d-lupus","title":{"rendered":"UNIDADE PARA ABASTECIMENTO PNEUM\u00c1TICA DUPLA PAREDE\u20139306-D LUPUS"},"content":{"rendered":"<p><strong>REF- UNIDADES PARA ABASTECIMENTO &#8211; 9306-D\/9306-M\/9306-P<\/strong><\/p>\n<p>Reservat\u00f3rio de metal graduado com dupla parede( fun\u00e7\u00e3o dique de conten\u00e7\u00e3o),propulsora pneum\u00e1tica, filtro regulador de ar, suporte com bandeja ecologica para valvula de abastecimento com medidor e mangueira e mangueira de suc\u00e7\u00e3o para \u00f3leo lubrificante(SAE 90 \u00e1 40)<\/p>\n<p>DETALHES:<\/p>\n<p>Vaz\u00e3o livre: 35 L\/min<br \/>\nCapacidade: 1000 L<br \/>\nMangueira: 10 m \/ \u00f8 1\/2\u2019\u2019<br \/>\nFiltro preparador de ar: 9000-LD \/ \u00bc\u2019\u2019.<\/p>\n<p>OUTRAS COMPOSI\u00c7\u00d5ES DO PRODUTO:<\/p>\n<table width=\"801\">\n<tbody>\n<tr>\n<td width=\"86\"><\/td>\n<td width=\"379\">\u00a0UNIDADE\u00a0 P\/ABASTECIMENTO PNEUMATICA<\/td>\n<td width=\"98\"><\/td>\n<td width=\"238\"><\/td>\n<\/tr>\n<tr>\n<td>CODIGO<\/td>\n<td>\u00a0MEDIDOR<\/td>\n<td>\u00a0PESO<\/td>\n<td>\u00a0MEDIDAS<\/td>\n<\/tr>\n<tr>\n<td>9306-D<\/td>\n<td>\u00a0DIGITAL\/GATILHO C\/BICO ANTIGOTEJANTE<\/td>\n<td width=\"98\">123 KG<\/td>\n<td>(A)1860 MM X (L)1070 MM X ( C) 890MM<\/td>\n<\/tr>\n<tr>\n<td>9306-M<\/td>\n<td>\u00a0MECANICO\/GATILHO C\/BICO ANTIGOTEJANTE<\/td>\n<td width=\"98\">123 KG<\/td>\n<td>(A)1860 MM X (L)1070 MM X ( C) 890MM<\/td>\n<\/tr>\n<tr>\n<td>9306-P<\/td>\n<td>\u00a0DIGITAL PROGRAM\u00c1VEL\/GATILHO C\/BICO ANTIGOTEJANTE<\/td>\n<td width=\"98\">123 KG<\/td>\n<td>(A)1860 MM X (L)1070 MM X ( C) 890MM<\/td>\n<\/tr>\n<\/tbody>\n<\/table>\n<p>&nbsp;<\/p>\n<p>&nbsp;<\/p>\n<p>&nbsp;<\/p>\n<p>&nbsp;<\/p>\n","protected":false},"excerpt":{"rendered":"<p>REF- UNIDADES PARA ABASTECIMENTO &#8211; 9306-D\/9306-M\/9306-P Reservat\u00f3rio de metal graduado com dupla parede( fun\u00e7\u00e3o dique de conten\u00e7\u00e3o),propulsora pneum\u00e1tica, filtro regulador de ar, suporte com bandeja ecologica para valvula de abastecimento com medidor e mangueira e mangueira de suc\u00e7\u00e3o para \u00f3leo lubrificante(SAE 90 \u00e1 40) DETALHES: Vaz\u00e3o livre: 35 L\/min Capacidade: 1000 L Mangueira: 10 m [&hellip;]<\/p>\n","protected":false},"featured_media":5509,"comment_status":"open","ping_status":"closed","template":"","meta":{"_exactmetrics_skip_tracking":false,"_exactmetrics_sitenote_active":false,"_exactmetrics_sitenote_note":"","_exactmetrics_sitenote_category":0},"product_brand":[],"product_cat":[119],"product_tag":[],"class_list":{"0":"post-5508","1":"product","2":"type-product","3":"status-publish","4":"has-post-thumbnail","6":"product_cat-unidade-de-abastecimento-pneumatica","8":"first","9":"instock","10":"shipping-taxable","11":"product-type-simple"},"_links":{"self":[{"href":"https:\/\/totallubri.com.br\/index.php?rest_route=\/wp\/v2\/product\/5508","targetHints":{"allow":["GET"]}}],"collection":[{"href":"https:\/\/totallubri.com.br\/index.php?rest_route=\/wp\/v2\/product"}],"about":[{"href":"https:\/\/totallubri.com.br\/index.php?rest_route=\/wp\/v2\/types\/product"}],"replies":[{"embeddable":true,"href":"https:\/\/totallubri.com.br\/index.php?rest_route=%2Fwp%2Fv2%2Fcomments&post=5508"}],"wp:featuredmedia":[{"embeddable":true,"href":"https:\/\/totallubri.com.br\/index.php?rest_route=\/wp\/v2\/media\/5509"}],"wp:attachment":[{"href":"https:\/\/totallubri.com.br\/index.php?rest_route=%2Fwp%2Fv2%2Fmedia&parent=5508"}],"wp:term":[{"taxonomy":"product_brand","embeddable":true,"href":"https:\/\/totallubri.com.br\/index.php?rest_route=%2Fwp%2Fv2%2Fproduct_brand&post=5508"},{"taxonomy":"product_cat","embeddable":true,"href":"https:\/\/totallubri.com.br\/index.php?rest_route=%2Fwp%2Fv2%2Fproduct_cat&post=5508"},{"taxonomy":"product_tag","embeddable":true,"href":"https:\/\/totallubri.com.br\/index.php?rest_route=%2Fwp%2Fv2%2Fproduct_tag&post=5508"}],"curies":[{"name":"wp","href":"https:\/\/api.w.org\/{rel}","templated":true}]}}