{"id":5520,"date":"2017-01-16T16:57:03","date_gmt":"2017-01-16T18:57:03","guid":{"rendered":"http:\/\/totallubri.com.br\/?post_type=product&#038;p=5520"},"modified":"2025-05-01T17:42:20","modified_gmt":"2025-05-01T20:42:20","slug":"unidade-de-abastecimento-pneumatica-9307-d-lupus","status":"publish","type":"product","link":"https:\/\/totallubri.com.br\/?product=unidade-de-abastecimento-pneumatica-9307-d-lupus","title":{"rendered":"UNIDADE DE ABASTECIMENTO ELETRICA DUPLA PAREDE\u20139307-D LUPUS"},"content":{"rendered":"<p>Reservat\u00f3rio de metal graduado com dupla parede( fun\u00e7\u00e3o dique de conten\u00e7\u00e3o), bomba el\u00e9trica, suporte com bandeja ecol\u00f3gica para v\u00e1lvula de abastecimento com medidor e mangueira de suc\u00e7\u00e3o. Para \u00f3leo lubrificante (SAE 90 \u00e0 40\u00b0).<\/p>\n<p>Detalhes sobre o produto:<\/p>\n<p>Vaz\u00e3o livre: 25 L\/min<br \/>\nCapacidade: 1000 L<br \/>\nMangueira: 10 m \/ \u00f8 1\/2\u2019\u2019<br \/>\nBy-pass: 3 minutos<br \/>\nAlimenta\u00e7\u00e3o: 220 V.<\/p>\n<p>Outras informa\u00e7\u00f5es sobre o produto:<\/p>\n<table width=\"801\">\n<tbody>\n<tr>\n<td width=\"86\"><\/td>\n<td width=\"379\">\u00a0UNIDADE\u00a0 P\/ABASTECIMENTO PNEUMATICA<\/td>\n<td width=\"98\"><\/td>\n<td width=\"238\"><\/td>\n<\/tr>\n<tr>\n<td>CODIGO<\/td>\n<td>\u00a0MEDIDOR<\/td>\n<td>\u00a0PESO<\/td>\n<td>\u00a0MEDIDAS<\/td>\n<\/tr>\n<tr>\n<td>9307-D<\/td>\n<td>\u00a0DIGITAL\/GATILHO C\/BICO ANTIGOTEJANTE<\/td>\n<td width=\"98\">127 KG<\/td>\n<td>(A)1860 MM X (L)1070 MM X ( C) 890MM<\/td>\n<\/tr>\n<tr>\n<td>9307-M<\/td>\n<td>\u00a0MECANICO\/GATILHO C\/BICO ANTIGOTEJANTE<\/td>\n<td width=\"98\">127 KG<\/td>\n<td>(A)1860 MM X (L)1070 MM X ( C) 890MM<\/td>\n<\/tr>\n<tr>\n<td>9307-P<\/td>\n<td>\u00a0DIGITAL PROGRAM\u00c1VEL\/GATILHO C\/BICO ANTIGOTEJANTE<\/td>\n<td width=\"98\">127 KG<\/td>\n<td>(A)1860 MM X (L)1070 MM X ( C) 890MM<\/td>\n<\/tr>\n<\/tbody>\n<\/table>\n","protected":false},"excerpt":{"rendered":"<p>Reservat\u00f3rio de metal graduado com dupla parede( fun\u00e7\u00e3o dique de conten\u00e7\u00e3o), bomba el\u00e9trica, suporte com bandeja ecol\u00f3gica para v\u00e1lvula de abastecimento com medidor e mangueira de suc\u00e7\u00e3o. Para \u00f3leo lubrificante (SAE 90 \u00e0 40\u00b0). Detalhes sobre o produto: Vaz\u00e3o livre: 25 L\/min Capacidade: 1000 L Mangueira: 10 m \/ \u00f8 1\/2\u2019\u2019 By-pass: 3 minutos Alimenta\u00e7\u00e3o: [&hellip;]<\/p>\n","protected":false},"featured_media":5521,"comment_status":"open","ping_status":"closed","template":"","meta":{"_exactmetrics_skip_tracking":false,"_exactmetrics_sitenote_active":false,"_exactmetrics_sitenote_note":"","_exactmetrics_sitenote_category":0},"product_brand":[],"product_cat":[119],"product_tag":[],"class_list":{"0":"post-5520","1":"product","2":"type-product","3":"status-publish","4":"has-post-thumbnail","6":"product_cat-unidade-de-abastecimento-pneumatica","8":"first","9":"instock","10":"shipping-taxable","11":"product-type-simple"},"_links":{"self":[{"href":"https:\/\/totallubri.com.br\/index.php?rest_route=\/wp\/v2\/product\/5520","targetHints":{"allow":["GET"]}}],"collection":[{"href":"https:\/\/totallubri.com.br\/index.php?rest_route=\/wp\/v2\/product"}],"about":[{"href":"https:\/\/totallubri.com.br\/index.php?rest_route=\/wp\/v2\/types\/product"}],"replies":[{"embeddable":true,"href":"https:\/\/totallubri.com.br\/index.php?rest_route=%2Fwp%2Fv2%2Fcomments&post=5520"}],"wp:featuredmedia":[{"embeddable":true,"href":"https:\/\/totallubri.com.br\/index.php?rest_route=\/wp\/v2\/media\/5521"}],"wp:attachment":[{"href":"https:\/\/totallubri.com.br\/index.php?rest_route=%2Fwp%2Fv2%2Fmedia&parent=5520"}],"wp:term":[{"taxonomy":"product_brand","embeddable":true,"href":"https:\/\/totallubri.com.br\/index.php?rest_route=%2Fwp%2Fv2%2Fproduct_brand&post=5520"},{"taxonomy":"product_cat","embeddable":true,"href":"https:\/\/totallubri.com.br\/index.php?rest_route=%2Fwp%2Fv2%2Fproduct_cat&post=5520"},{"taxonomy":"product_tag","embeddable":true,"href":"https:\/\/totallubri.com.br\/index.php?rest_route=%2Fwp%2Fv2%2Fproduct_tag&post=5520"}],"curies":[{"name":"wp","href":"https:\/\/api.w.org\/{rel}","templated":true}]}}