{"id":5657,"date":"2017-01-16T19:17:47","date_gmt":"2017-01-16T21:17:47","guid":{"rendered":"http:\/\/totallubri.com.br\/?post_type=product&#038;p=5657"},"modified":"2025-01-18T16:16:09","modified_gmt":"2025-01-18T19:16:09","slug":"espigao-rosca-femea-1992-fa-lupus","status":"publish","type":"product","link":"https:\/\/totallubri.com.br\/?product=espigao-rosca-femea-1992-fa-lupus","title":{"rendered":"ESPIG\u00c3O ROSCA FEM\u00caA &#8211; 1992-FA &#8211; LUPUS"},"content":{"rendered":"<p>Em lat\u00e3o.<br \/>\nRosca: \u00f8 1\/4&#8243; NPT<br \/>\nEscama: \u00f8 1\/4&#8243;<br \/>\nEmbalagem: 10 unidades<br \/>\nPeso: 17 g<br \/>\nMedidas: (L) 37 mm<\/p>\n<table width=\"645\">\n<tbody>\n<tr>\n<td width=\"114\">1992-FA<\/td>\n<td width=\"531\">Espigao Rosca F.1-4Pol Npt X Escama 1-4Pol &#8211; Pt 10 Unidades<\/td>\n<\/tr>\n<tr>\n<td width=\"114\">1992-FB<\/td>\n<td width=\"531\">Espigao Rosca F.1-4Pol Npt X Escama 5-16Pol &#8211; Pt 10 Unidades<\/td>\n<\/tr>\n<tr>\n<td width=\"114\">1992-FC<\/td>\n<td width=\"531\">Espigao Rosca F.1-4Pol Npt X Escama 3-8Pol &#8211; Pt 10 Unidades<\/td>\n<\/tr>\n<tr>\n<td width=\"114\">1992-FD<\/td>\n<td width=\"531\">Espigao Rosca F.1-4Pol Npt X Escama 1-2Pol &#8211; Pt 10 Unidades<\/td>\n<\/tr>\n<tr>\n<td width=\"114\">1992-FE<\/td>\n<td width=\"531\">Espigao Rosca F.3-8Pol Npt X Escama 1-4Pol &#8211; Pt 10 Unidades<\/td>\n<\/tr>\n<tr>\n<td width=\"114\">1992-FF<\/td>\n<td width=\"531\">Espigao Rosca F.3-8Pol Npt X Escama 5-16Pol &#8211; Pt 10 Unidades<\/td>\n<\/tr>\n<tr>\n<td width=\"114\">1992-FG<\/td>\n<td width=\"531\">Espigao Rosca F.3-8Pol Npt X Escama 3-8Pol &#8211; Pt 10 Unidades<\/td>\n<\/tr>\n<tr>\n<td width=\"114\">1992-FH<\/td>\n<td width=\"531\">Espigao Rosca F.3-8Pol Npt X Escama 1-2Pol &#8211; Pt 10 Unidades<\/td>\n<\/tr>\n<tr>\n<td width=\"114\">1992-FI<\/td>\n<td width=\"531\">Espigao Rosca F.1-2Pol Npt X Escama 5-16Pol &#8211; Pt 10 Unidades<\/td>\n<\/tr>\n<tr>\n<td width=\"114\">1992-FJ<\/td>\n<td width=\"531\">Espigao Rosca F.1-2Pol Npt X Escama 3-8Pol &#8211; Pt 10 Unidades<\/td>\n<\/tr>\n<tr>\n<td width=\"114\">1992-FK<\/td>\n<td width=\"531\">Espigao Rosca F.1-2Pol Npt X Escama 1-2Pol &#8211; Pt 10 Unidades<\/td>\n<\/tr>\n<tr>\n<td width=\"114\">1992-FL<\/td>\n<td width=\"531\">Espigao Rosca F.3-4Pol Npt X Escama 5-16Pol &#8211; Pt 10 Unidades<\/td>\n<\/tr>\n<tr>\n<td width=\"114\">1992-FM<\/td>\n<td width=\"531\">Espigao Rosca F.3-4Pol Npt X Escama 3-8Pol &#8211; Pt 10 Unidades<\/td>\n<\/tr>\n<tr>\n<td width=\"114\">1992-FN<\/td>\n<td width=\"531\">Espigao Rosca F.3-4Pol Npt X Escama 1-2Pol &#8211; Pt 10 Unidades<\/td>\n<\/tr>\n<tr>\n<td width=\"114\">1992-FO<\/td>\n<td width=\"531\">Espigao Rosca F.3-4Pol Npt X Escama 3-4Pol &#8211; Pt 10 Unidades<\/td>\n<\/tr>\n<\/tbody>\n<\/table>\n","protected":false},"excerpt":{"rendered":"<p>Em lat\u00e3o. Rosca: \u00f8 1\/4&#8243; NPT Escama: \u00f8 1\/4&#8243; Embalagem: 10 unidades Peso: 17 g Medidas: (L) 37 mm 1992-FA Espigao Rosca F.1-4Pol Npt X Escama 1-4Pol &#8211; Pt 10 Unidades 1992-FB Espigao Rosca F.1-4Pol Npt X Escama 5-16Pol &#8211; Pt 10 Unidades 1992-FC Espigao Rosca F.1-4Pol Npt X Escama 3-8Pol &#8211; Pt 10 Unidades [&hellip;]<\/p>\n","protected":false},"featured_media":5658,"comment_status":"open","ping_status":"closed","template":"","meta":{"_exactmetrics_skip_tracking":false,"_exactmetrics_sitenote_active":false,"_exactmetrics_sitenote_note":"","_exactmetrics_sitenote_category":0},"product_brand":[],"product_cat":[97],"product_tag":[],"class_list":{"0":"post-5657","1":"product","2":"type-product","3":"status-publish","4":"has-post-thumbnail","6":"product_cat-mangueiras-terminais-e-acessorios-para-mangueiras","8":"first","9":"instock","10":"shipping-taxable","11":"product-type-simple"},"_links":{"self":[{"href":"https:\/\/totallubri.com.br\/index.php?rest_route=\/wp\/v2\/product\/5657","targetHints":{"allow":["GET"]}}],"collection":[{"href":"https:\/\/totallubri.com.br\/index.php?rest_route=\/wp\/v2\/product"}],"about":[{"href":"https:\/\/totallubri.com.br\/index.php?rest_route=\/wp\/v2\/types\/product"}],"replies":[{"embeddable":true,"href":"https:\/\/totallubri.com.br\/index.php?rest_route=%2Fwp%2Fv2%2Fcomments&post=5657"}],"wp:featuredmedia":[{"embeddable":true,"href":"https:\/\/totallubri.com.br\/index.php?rest_route=\/wp\/v2\/media\/5658"}],"wp:attachment":[{"href":"https:\/\/totallubri.com.br\/index.php?rest_route=%2Fwp%2Fv2%2Fmedia&parent=5657"}],"wp:term":[{"taxonomy":"product_brand","embeddable":true,"href":"https:\/\/totallubri.com.br\/index.php?rest_route=%2Fwp%2Fv2%2Fproduct_brand&post=5657"},{"taxonomy":"product_cat","embeddable":true,"href":"https:\/\/totallubri.com.br\/index.php?rest_route=%2Fwp%2Fv2%2Fproduct_cat&post=5657"},{"taxonomy":"product_tag","embeddable":true,"href":"https:\/\/totallubri.com.br\/index.php?rest_route=%2Fwp%2Fv2%2Fproduct_tag&post=5657"}],"curies":[{"name":"wp","href":"https:\/\/api.w.org\/{rel}","templated":true}]}}