{"id":5684,"date":"2017-01-17T14:58:16","date_gmt":"2017-01-17T16:58:16","guid":{"rendered":"http:\/\/totallubri.com.br\/?post_type=product&#038;p=5684"},"modified":"2025-02-26T17:42:14","modified_gmt":"2025-02-26T20:42:14","slug":"bico-manual-2300-be-lupus","status":"publish","type":"product","link":"https:\/\/totallubri.com.br\/?product=bico-manual-2300-be-lupus","title":{"rendered":"Bico Manual \u2013 2300-BE \u2013 Lupus"},"content":{"rendered":"<p>Em alum\u00ednio.<\/p>\n<p>Vaz\u00e3o livre . <strong>300 L\/min<\/strong> .<\/p>\n<p>Ponteira . \u00f8 <strong>1 5\/8\u201d<br \/>\n<\/strong>Entrada rosca . \u00f8 <strong>1 1\/2\u201d NPT<\/strong><br \/>\nPress\u00e3o m\u00e1xima de opera\u00e7\u00e3o .<strong> 70 PSI<\/strong><\/p>\n<p>Peso: 2 kg . Medidas: (A) 380 mm x (L) 470 mm<\/p>\n","protected":false},"excerpt":{"rendered":"<p>Em alum\u00ednio. Vaz\u00e3o livre . 300 L\/min . Ponteira . \u00f8 1 5\/8\u201d Entrada rosca . \u00f8 1 1\/2\u201d NPT Press\u00e3o m\u00e1xima de opera\u00e7\u00e3o . 70 PSI Peso: 2 kg . Medidas: (A) 380 mm x (L) 470 mm<\/p>\n","protected":false},"featured_media":5685,"comment_status":"open","ping_status":"closed","template":"","meta":{"_exactmetrics_skip_tracking":false,"_exactmetrics_sitenote_active":false,"_exactmetrics_sitenote_note":"","_exactmetrics_sitenote_category":0},"product_brand":[],"product_cat":[106],"product_tag":[],"class_list":{"0":"post-5684","1":"product","2":"type-product","3":"status-publish","4":"has-post-thumbnail","6":"product_cat-bico-de-abastecimento-para-combustiveis","8":"first","9":"instock","10":"shipping-taxable","11":"product-type-simple"},"_links":{"self":[{"href":"https:\/\/totallubri.com.br\/index.php?rest_route=\/wp\/v2\/product\/5684","targetHints":{"allow":["GET"]}}],"collection":[{"href":"https:\/\/totallubri.com.br\/index.php?rest_route=\/wp\/v2\/product"}],"about":[{"href":"https:\/\/totallubri.com.br\/index.php?rest_route=\/wp\/v2\/types\/product"}],"replies":[{"embeddable":true,"href":"https:\/\/totallubri.com.br\/index.php?rest_route=%2Fwp%2Fv2%2Fcomments&post=5684"}],"wp:featuredmedia":[{"embeddable":true,"href":"https:\/\/totallubri.com.br\/index.php?rest_route=\/wp\/v2\/media\/5685"}],"wp:attachment":[{"href":"https:\/\/totallubri.com.br\/index.php?rest_route=%2Fwp%2Fv2%2Fmedia&parent=5684"}],"wp:term":[{"taxonomy":"product_brand","embeddable":true,"href":"https:\/\/totallubri.com.br\/index.php?rest_route=%2Fwp%2Fv2%2Fproduct_brand&post=5684"},{"taxonomy":"product_cat","embeddable":true,"href":"https:\/\/totallubri.com.br\/index.php?rest_route=%2Fwp%2Fv2%2Fproduct_cat&post=5684"},{"taxonomy":"product_tag","embeddable":true,"href":"https:\/\/totallubri.com.br\/index.php?rest_route=%2Fwp%2Fv2%2Fproduct_tag&post=5684"}],"curies":[{"name":"wp","href":"https:\/\/api.w.org\/{rel}","templated":true}]}}