{"id":5690,"date":"2017-01-17T15:08:42","date_gmt":"2017-01-17T17:08:42","guid":{"rendered":"http:\/\/totallubri.com.br\/?post_type=product&#038;p=5690"},"modified":"2025-02-26T17:36:54","modified_gmt":"2025-02-26T20:36:54","slug":"bico-automatico-2100-ba03-lupus","status":"publish","type":"product","link":"https:\/\/totallubri.com.br\/?product=bico-automatico-2100-ba03-lupus","title":{"rendered":"Bico Autom\u00e1tico \u2013 2100-BA03 \u2013 Lupus"},"content":{"rendered":"<div class=\"cont_produto\">\n<p>Em alum\u00ednio, na cor azul.<\/p>\n<p>Vaz\u00e3o livre . 50 L\/min .<\/p>\n<p>Ponteira <strong>. \u00f8 15\/16\u201d<br \/>\n<\/strong>Entrada rosca .<strong> \u00f8 3\/4\u201d NPT<br \/>\n<\/strong>Press\u00e3o m\u00e1xima de opera\u00e7\u00e3o . <strong>50 PSI<br \/>\n<\/strong><br \/>\n<strong>Peso: 1,2 kg . Medidas: (A) 130 mm x (L) 355 mm<\/strong><\/p>\n<\/div>\n<div><\/div>\n","protected":false},"excerpt":{"rendered":"<p>Em alum\u00ednio, na cor azul. Vaz\u00e3o livre . 50 L\/min . Ponteira . \u00f8 15\/16\u201d Entrada rosca . \u00f8 3\/4\u201d NPT Press\u00e3o m\u00e1xima de opera\u00e7\u00e3o . 50 PSI Peso: 1,2 kg . Medidas: (A) 130 mm x (L) 355 mm<\/p>\n","protected":false},"featured_media":5691,"comment_status":"open","ping_status":"closed","template":"","meta":{"_exactmetrics_skip_tracking":false,"_exactmetrics_sitenote_active":false,"_exactmetrics_sitenote_note":"","_exactmetrics_sitenote_category":0},"product_brand":[],"product_cat":[106],"product_tag":[],"class_list":{"0":"post-5690","1":"product","2":"type-product","3":"status-publish","4":"has-post-thumbnail","6":"product_cat-bico-de-abastecimento-para-combustiveis","8":"first","9":"instock","10":"shipping-taxable","11":"product-type-simple"},"_links":{"self":[{"href":"https:\/\/totallubri.com.br\/index.php?rest_route=\/wp\/v2\/product\/5690","targetHints":{"allow":["GET"]}}],"collection":[{"href":"https:\/\/totallubri.com.br\/index.php?rest_route=\/wp\/v2\/product"}],"about":[{"href":"https:\/\/totallubri.com.br\/index.php?rest_route=\/wp\/v2\/types\/product"}],"replies":[{"embeddable":true,"href":"https:\/\/totallubri.com.br\/index.php?rest_route=%2Fwp%2Fv2%2Fcomments&post=5690"}],"wp:featuredmedia":[{"embeddable":true,"href":"https:\/\/totallubri.com.br\/index.php?rest_route=\/wp\/v2\/media\/5691"}],"wp:attachment":[{"href":"https:\/\/totallubri.com.br\/index.php?rest_route=%2Fwp%2Fv2%2Fmedia&parent=5690"}],"wp:term":[{"taxonomy":"product_brand","embeddable":true,"href":"https:\/\/totallubri.com.br\/index.php?rest_route=%2Fwp%2Fv2%2Fproduct_brand&post=5690"},{"taxonomy":"product_cat","embeddable":true,"href":"https:\/\/totallubri.com.br\/index.php?rest_route=%2Fwp%2Fv2%2Fproduct_cat&post=5690"},{"taxonomy":"product_tag","embeddable":true,"href":"https:\/\/totallubri.com.br\/index.php?rest_route=%2Fwp%2Fv2%2Fproduct_tag&post=5690"}],"curies":[{"name":"wp","href":"https:\/\/api.w.org\/{rel}","templated":true}]}}