{"id":5692,"date":"2017-01-17T15:10:26","date_gmt":"2017-01-17T17:10:26","guid":{"rendered":"http:\/\/totallubri.com.br\/?post_type=product&#038;p=5692"},"modified":"2025-02-26T17:30:54","modified_gmt":"2025-02-26T20:30:54","slug":"bico-automatico-2100-ba04-lupus","status":"publish","type":"product","link":"https:\/\/totallubri.com.br\/?product=bico-automatico-2100-ba04-lupus","title":{"rendered":"Bico Autom\u00e1tico \u2013 2100-BA04 \u2013 Lupus"},"content":{"rendered":"<p align=\"left\">Em alum\u00ednio, na cor amarela.<\/p>\n<p align=\"left\"><span style=\"font-family: HelveticaNeue-LightCond;\">Vaz\u00e3o livre . <\/span><b><span style=\"font-family: HelveticaNeue-Bold;\">50 L\/min <\/span><\/b><span style=\"font-family: HelveticaNeue-LightCond;\">. <\/span><\/p>\n<p align=\"left\"><span style=\"font-family: HelveticaNeue-LightCond;\">Ponteira . <\/span><span style=\"font-family: HelveticaNeue-Light;\">\u00f8 15<\/span><b><span style=\"font-family: HelveticaNeue-Bold;\">\/16\u201d<br \/>\n<\/span><\/b><span style=\"font-family: HelveticaNeue-LightCond;\">Entrada rosca . <\/span><span style=\"font-family: HelveticaNeue-Light;\">\u00f8 <\/span><b><span style=\"font-family: HelveticaNeue-Bold;\">3\/4\u201d NPT<br \/>\n<\/span><\/b><span style=\"font-family: HelveticaNeue-LightCond;\">Press\u00e3o m\u00e1xima de opera\u00e7\u00e3o . 50<\/span><b><span style=\"font-family: HelveticaNeue-Bold;\">\u00a0PSI<\/span><\/b><\/p>\n<p><strong>Peso: 1,2 kg . Medidas: (A) 130 mm x (L) 355 mm<\/strong><\/p>\n<p>&nbsp;<\/p>\n","protected":false},"excerpt":{"rendered":"<p>Em alum\u00ednio, na cor amarela. Vaz\u00e3o livre . 50 L\/min . Ponteira . \u00f8 15\/16\u201d Entrada rosca . \u00f8 3\/4\u201d NPT Press\u00e3o m\u00e1xima de opera\u00e7\u00e3o . 50\u00a0PSI Peso: 1,2 kg . Medidas: (A) 130 mm x (L) 355 mm &nbsp;<\/p>\n","protected":false},"featured_media":5693,"comment_status":"open","ping_status":"closed","template":"","meta":{"_exactmetrics_skip_tracking":false,"_exactmetrics_sitenote_active":false,"_exactmetrics_sitenote_note":"","_exactmetrics_sitenote_category":0},"product_brand":[],"product_cat":[106],"product_tag":[],"class_list":{"0":"post-5692","1":"product","2":"type-product","3":"status-publish","4":"has-post-thumbnail","6":"product_cat-bico-de-abastecimento-para-combustiveis","8":"first","9":"instock","10":"shipping-taxable","11":"product-type-simple"},"_links":{"self":[{"href":"https:\/\/totallubri.com.br\/index.php?rest_route=\/wp\/v2\/product\/5692","targetHints":{"allow":["GET"]}}],"collection":[{"href":"https:\/\/totallubri.com.br\/index.php?rest_route=\/wp\/v2\/product"}],"about":[{"href":"https:\/\/totallubri.com.br\/index.php?rest_route=\/wp\/v2\/types\/product"}],"replies":[{"embeddable":true,"href":"https:\/\/totallubri.com.br\/index.php?rest_route=%2Fwp%2Fv2%2Fcomments&post=5692"}],"wp:featuredmedia":[{"embeddable":true,"href":"https:\/\/totallubri.com.br\/index.php?rest_route=\/wp\/v2\/media\/5693"}],"wp:attachment":[{"href":"https:\/\/totallubri.com.br\/index.php?rest_route=%2Fwp%2Fv2%2Fmedia&parent=5692"}],"wp:term":[{"taxonomy":"product_brand","embeddable":true,"href":"https:\/\/totallubri.com.br\/index.php?rest_route=%2Fwp%2Fv2%2Fproduct_brand&post=5692"},{"taxonomy":"product_cat","embeddable":true,"href":"https:\/\/totallubri.com.br\/index.php?rest_route=%2Fwp%2Fv2%2Fproduct_cat&post=5692"},{"taxonomy":"product_tag","embeddable":true,"href":"https:\/\/totallubri.com.br\/index.php?rest_route=%2Fwp%2Fv2%2Fproduct_tag&post=5692"}],"curies":[{"name":"wp","href":"https:\/\/api.w.org\/{rel}","templated":true}]}}