{"id":5710,"date":"2017-01-17T15:29:05","date_gmt":"2017-01-17T17:29:05","guid":{"rendered":"http:\/\/totallubri.com.br\/?post_type=product&#038;p=5710"},"modified":"2025-02-26T16:46:01","modified_gmt":"2025-02-26T19:46:01","slug":"bico-automatico-2100-bb05-lupus","status":"publish","type":"product","link":"https:\/\/totallubri.com.br\/?product=bico-automatico-2100-bb05-lupus","title":{"rendered":"Bico Autom\u00e1tico \u2013 2100-BB02 \u2013 Lupus"},"content":{"rendered":"<p>Em alum\u00ednio, na cor vermelha.<\/p>\n<p>Vaz\u00e3o livre . <strong>120 L\/min<\/strong> . Ponteira . \u00f8 <strong>1\u201d<br \/>\n<\/strong>Entrada rosca . \u00f8 <strong>1\u201d NPT<\/strong><br \/>\nPress\u00e3o m\u00e1xima de opera\u00e7\u00e3o .<strong> 50 PSI<\/strong><\/p>\n<p>Peso: 1,6 kg . Medidas: (A) 150 mm x (L) 360 mm<\/p>\n","protected":false},"excerpt":{"rendered":"<p>Em alum\u00ednio, na cor vermelha. Vaz\u00e3o livre . 120 L\/min . Ponteira . \u00f8 1\u201d Entrada rosca . \u00f8 1\u201d NPT Press\u00e3o m\u00e1xima de opera\u00e7\u00e3o . 50 PSI Peso: 1,6 kg . Medidas: (A) 150 mm x (L) 360 mm<\/p>\n","protected":false},"featured_media":5711,"comment_status":"open","ping_status":"closed","template":"","meta":{"_exactmetrics_skip_tracking":false,"_exactmetrics_sitenote_active":false,"_exactmetrics_sitenote_note":"","_exactmetrics_sitenote_category":0},"product_brand":[],"product_cat":[106],"product_tag":[],"class_list":{"0":"post-5710","1":"product","2":"type-product","3":"status-publish","4":"has-post-thumbnail","6":"product_cat-bico-de-abastecimento-para-combustiveis","8":"first","9":"instock","10":"shipping-taxable","11":"product-type-simple"},"_links":{"self":[{"href":"https:\/\/totallubri.com.br\/index.php?rest_route=\/wp\/v2\/product\/5710","targetHints":{"allow":["GET"]}}],"collection":[{"href":"https:\/\/totallubri.com.br\/index.php?rest_route=\/wp\/v2\/product"}],"about":[{"href":"https:\/\/totallubri.com.br\/index.php?rest_route=\/wp\/v2\/types\/product"}],"replies":[{"embeddable":true,"href":"https:\/\/totallubri.com.br\/index.php?rest_route=%2Fwp%2Fv2%2Fcomments&post=5710"}],"wp:featuredmedia":[{"embeddable":true,"href":"https:\/\/totallubri.com.br\/index.php?rest_route=\/wp\/v2\/media\/5711"}],"wp:attachment":[{"href":"https:\/\/totallubri.com.br\/index.php?rest_route=%2Fwp%2Fv2%2Fmedia&parent=5710"}],"wp:term":[{"taxonomy":"product_brand","embeddable":true,"href":"https:\/\/totallubri.com.br\/index.php?rest_route=%2Fwp%2Fv2%2Fproduct_brand&post=5710"},{"taxonomy":"product_cat","embeddable":true,"href":"https:\/\/totallubri.com.br\/index.php?rest_route=%2Fwp%2Fv2%2Fproduct_cat&post=5710"},{"taxonomy":"product_tag","embeddable":true,"href":"https:\/\/totallubri.com.br\/index.php?rest_route=%2Fwp%2Fv2%2Fproduct_tag&post=5710"}],"curies":[{"name":"wp","href":"https:\/\/api.w.org\/{rel}","templated":true}]}}