{"id":5728,"date":"2017-01-17T15:54:46","date_gmt":"2017-01-17T17:54:46","guid":{"rendered":"http:\/\/totallubri.com.br\/?post_type=product&#038;p=5728"},"modified":"2024-11-19T21:41:43","modified_gmt":"2024-11-20T00:41:43","slug":"unidade-de-filtragem-9180-db-lupus","status":"publish","type":"product","link":"https:\/\/totallubri.com.br\/?product=unidade-de-filtragem-9180-db-lupus","title":{"rendered":"Unidade de Filtragem &#8211; 9180-DB &#8211; Lupus"},"content":{"rendered":"<div class=\"cont_produto\">\n<p align=\"left\">Em a\u00e7o, com 02 rodas acopladas fixas, bomba com v\u00e1lvula by-pass, v\u00e1lvula ecol\u00f3gica<br \/>\nvantage, man\u00f4metro de sinaliza\u00e7\u00e3o de obstru\u00e7\u00e3o do filtro e suporte para bico de abastecimento.<\/p>\n<p>Vaz\u00e3o livre . <strong>30 L\/min<br \/>\n<\/strong>Alimenta\u00e7\u00e3o . <strong>12 V<br \/>\n<\/strong>Press\u00e3o m\u00e1xima de opera\u00e7\u00e3o . <strong>50 PSI<br \/>\n<\/strong>Mangueira para suc\u00e7\u00e3o . <strong>3 m \/ \u00f8 3\/4\u201d<br \/>\n<\/strong>Mangueira para descarga .<strong> 4 m \/ \u00f8 3\/4\u201d<br \/>\n<\/strong>Bico de abastecimento .<strong> manual \/ alum\u00ednio<br \/>\n<\/strong>Filtro part\u00edculas .<strong> 5 micra \/ tipo cartucho<\/strong><br \/>\nFiltro \u00e1gua . <strong>30 micra<br \/>\n<\/strong><br \/>\nPeso: 40 kg . Medidas: (A) 1300 mm x (L) 500 mm<\/p>\n<\/div>\n","protected":false},"excerpt":{"rendered":"<p>Em a\u00e7o, com 02 rodas acopladas fixas, bomba com v\u00e1lvula by-pass, v\u00e1lvula ecol\u00f3gica vantage, man\u00f4metro de sinaliza\u00e7\u00e3o de obstru\u00e7\u00e3o do filtro e suporte para bico de abastecimento. Vaz\u00e3o livre . 30 L\/min Alimenta\u00e7\u00e3o . 12 V Press\u00e3o m\u00e1xima de opera\u00e7\u00e3o . 50 PSI Mangueira para suc\u00e7\u00e3o . 3 m \/ \u00f8 3\/4\u201d Mangueira para descarga [&hellip;]<\/p>\n","protected":false},"featured_media":5729,"comment_status":"open","ping_status":"closed","template":"","meta":{"_exactmetrics_skip_tracking":false,"_exactmetrics_sitenote_active":false,"_exactmetrics_sitenote_note":"","_exactmetrics_sitenote_category":0},"product_brand":[],"product_cat":[93],"product_tag":[],"class_list":{"0":"post-5728","1":"product","2":"type-product","3":"status-publish","4":"has-post-thumbnail","6":"product_cat-filtros-e-elementos-filtrantes","8":"first","9":"instock","10":"shipping-taxable","11":"product-type-simple"},"_links":{"self":[{"href":"https:\/\/totallubri.com.br\/index.php?rest_route=\/wp\/v2\/product\/5728","targetHints":{"allow":["GET"]}}],"collection":[{"href":"https:\/\/totallubri.com.br\/index.php?rest_route=\/wp\/v2\/product"}],"about":[{"href":"https:\/\/totallubri.com.br\/index.php?rest_route=\/wp\/v2\/types\/product"}],"replies":[{"embeddable":true,"href":"https:\/\/totallubri.com.br\/index.php?rest_route=%2Fwp%2Fv2%2Fcomments&post=5728"}],"wp:featuredmedia":[{"embeddable":true,"href":"https:\/\/totallubri.com.br\/index.php?rest_route=\/wp\/v2\/media\/5729"}],"wp:attachment":[{"href":"https:\/\/totallubri.com.br\/index.php?rest_route=%2Fwp%2Fv2%2Fmedia&parent=5728"}],"wp:term":[{"taxonomy":"product_brand","embeddable":true,"href":"https:\/\/totallubri.com.br\/index.php?rest_route=%2Fwp%2Fv2%2Fproduct_brand&post=5728"},{"taxonomy":"product_cat","embeddable":true,"href":"https:\/\/totallubri.com.br\/index.php?rest_route=%2Fwp%2Fv2%2Fproduct_cat&post=5728"},{"taxonomy":"product_tag","embeddable":true,"href":"https:\/\/totallubri.com.br\/index.php?rest_route=%2Fwp%2Fv2%2Fproduct_tag&post=5728"}],"curies":[{"name":"wp","href":"https:\/\/api.w.org\/{rel}","templated":true}]}}