{"id":5735,"date":"2017-01-17T16:11:08","date_gmt":"2017-01-17T18:11:08","guid":{"rendered":"http:\/\/totallubri.com.br\/?post_type=product&#038;p=5735"},"modified":"2024-11-19T21:26:56","modified_gmt":"2024-11-20T00:26:56","slug":"filtro-para-absorcao-de-particulas-9180-fb-lupus","status":"publish","type":"product","link":"https:\/\/totallubri.com.br\/?product=filtro-para-absorcao-de-particulas-9180-fb-lupus","title":{"rendered":"Filtro para Absor\u00e7\u00e3o de Part\u00edculas &#8211; 9180-FB &#8211; Lupus"},"content":{"rendered":"<div class=\"cont_produto\">\n<p>Em a\u00e7o carbono, compat\u00edvel ao adaptador 9181-B.<\/p>\n<p>Filtragem . <strong>part\u00edculas<br \/>\n<\/strong>Vaz\u00e3o livre .<strong> 80 L\/min<br \/>\n<\/strong>Press\u00e3o m\u00e1xima de opera\u00e7\u00e3o <strong>100 PSI<br \/>\n<\/strong>Micragem . <strong>10 micra<\/strong><\/p>\n<p>Peso: 477 g<br \/>\nMedidas: (A) 140 mm x \u00d8) 100 mm<\/p>\n<\/div>\n","protected":false},"excerpt":{"rendered":"<p>Em a\u00e7o carbono, compat\u00edvel ao adaptador 9181-B. Filtragem . part\u00edculas Vaz\u00e3o livre . 80 L\/min Press\u00e3o m\u00e1xima de opera\u00e7\u00e3o 100 PSI Micragem . 10 micra Peso: 477 g Medidas: (A) 140 mm x \u00d8) 100 mm<\/p>\n","protected":false},"featured_media":5736,"comment_status":"open","ping_status":"closed","template":"","meta":{"_exactmetrics_skip_tracking":false,"_exactmetrics_sitenote_active":false,"_exactmetrics_sitenote_note":"","_exactmetrics_sitenote_category":0},"product_brand":[],"product_cat":[93],"product_tag":[],"class_list":{"0":"post-5735","1":"product","2":"type-product","3":"status-publish","4":"has-post-thumbnail","6":"product_cat-filtros-e-elementos-filtrantes","8":"first","9":"instock","10":"shipping-taxable","11":"product-type-simple"},"_links":{"self":[{"href":"https:\/\/totallubri.com.br\/index.php?rest_route=\/wp\/v2\/product\/5735","targetHints":{"allow":["GET"]}}],"collection":[{"href":"https:\/\/totallubri.com.br\/index.php?rest_route=\/wp\/v2\/product"}],"about":[{"href":"https:\/\/totallubri.com.br\/index.php?rest_route=\/wp\/v2\/types\/product"}],"replies":[{"embeddable":true,"href":"https:\/\/totallubri.com.br\/index.php?rest_route=%2Fwp%2Fv2%2Fcomments&post=5735"}],"wp:featuredmedia":[{"embeddable":true,"href":"https:\/\/totallubri.com.br\/index.php?rest_route=\/wp\/v2\/media\/5736"}],"wp:attachment":[{"href":"https:\/\/totallubri.com.br\/index.php?rest_route=%2Fwp%2Fv2%2Fmedia&parent=5735"}],"wp:term":[{"taxonomy":"product_brand","embeddable":true,"href":"https:\/\/totallubri.com.br\/index.php?rest_route=%2Fwp%2Fv2%2Fproduct_brand&post=5735"},{"taxonomy":"product_cat","embeddable":true,"href":"https:\/\/totallubri.com.br\/index.php?rest_route=%2Fwp%2Fv2%2Fproduct_cat&post=5735"},{"taxonomy":"product_tag","embeddable":true,"href":"https:\/\/totallubri.com.br\/index.php?rest_route=%2Fwp%2Fv2%2Fproduct_tag&post=5735"}],"curies":[{"name":"wp","href":"https:\/\/api.w.org\/{rel}","templated":true}]}}