{"id":5740,"date":"2017-01-17T16:21:45","date_gmt":"2017-01-17T18:21:45","guid":{"rendered":"http:\/\/totallubri.com.br\/?post_type=product&#038;p=5740"},"modified":"2024-11-19T21:40:11","modified_gmt":"2024-11-20T00:40:11","slug":"filtro-separador-de-agua-para-combustivel-9180-fw-lupus","status":"publish","type":"product","link":"https:\/\/totallubri.com.br\/?product=filtro-separador-de-agua-para-combustivel-9180-fw-lupus","title":{"rendered":"Filtro Separador de \u00c1gua para Combust\u00edvel &#8211; 9180-FW &#8211; Lupus"},"content":{"rendered":"<p>Em acr\u00edlico com v\u00e1lvula de dreno,<br \/>\npara \u00f3leo diesel, gasolina e<br \/>\ncombust\u00edveis com menos de<br \/>\n10% de \u00e1lcool.<\/p>\n<p>Filtragem . <strong>\u00e1gua<br \/>\n<\/strong>Vaz\u00e3o livre . <strong>100 L\/min<\/strong><br \/>\nPress\u00e3o m\u00e1x. de opera\u00e7\u00e3o . <strong>150 PSI<\/strong><br \/>\nEntrada e sa\u00edda . \u00f8<strong> 1\u201d<br \/>\n<\/strong>Micragem . <strong>10 micra<\/strong><\/p>\n<p>Peso: 530 g<br \/>\nMedidas: (A) 250mm x (\u00d8) 100mm<\/p>\n","protected":false},"excerpt":{"rendered":"<p>Em acr\u00edlico com v\u00e1lvula de dreno, para \u00f3leo diesel, gasolina e combust\u00edveis com menos de 10% de \u00e1lcool. Filtragem . \u00e1gua Vaz\u00e3o livre . 100 L\/min Press\u00e3o m\u00e1x. de opera\u00e7\u00e3o . 150 PSI Entrada e sa\u00edda . \u00f8 1\u201d Micragem . 10 micra Peso: 530 g Medidas: (A) 250mm x (\u00d8) 100mm<\/p>\n","protected":false},"featured_media":5741,"comment_status":"open","ping_status":"closed","template":"","meta":{"_exactmetrics_skip_tracking":false,"_exactmetrics_sitenote_active":false,"_exactmetrics_sitenote_note":"","_exactmetrics_sitenote_category":0},"product_brand":[],"product_cat":[93],"product_tag":[],"class_list":{"0":"post-5740","1":"product","2":"type-product","3":"status-publish","4":"has-post-thumbnail","6":"product_cat-filtros-e-elementos-filtrantes","8":"first","9":"instock","10":"shipping-taxable","11":"product-type-simple"},"_links":{"self":[{"href":"https:\/\/totallubri.com.br\/index.php?rest_route=\/wp\/v2\/product\/5740","targetHints":{"allow":["GET"]}}],"collection":[{"href":"https:\/\/totallubri.com.br\/index.php?rest_route=\/wp\/v2\/product"}],"about":[{"href":"https:\/\/totallubri.com.br\/index.php?rest_route=\/wp\/v2\/types\/product"}],"replies":[{"embeddable":true,"href":"https:\/\/totallubri.com.br\/index.php?rest_route=%2Fwp%2Fv2%2Fcomments&post=5740"}],"wp:featuredmedia":[{"embeddable":true,"href":"https:\/\/totallubri.com.br\/index.php?rest_route=\/wp\/v2\/media\/5741"}],"wp:attachment":[{"href":"https:\/\/totallubri.com.br\/index.php?rest_route=%2Fwp%2Fv2%2Fmedia&parent=5740"}],"wp:term":[{"taxonomy":"product_brand","embeddable":true,"href":"https:\/\/totallubri.com.br\/index.php?rest_route=%2Fwp%2Fv2%2Fproduct_brand&post=5740"},{"taxonomy":"product_cat","embeddable":true,"href":"https:\/\/totallubri.com.br\/index.php?rest_route=%2Fwp%2Fv2%2Fproduct_cat&post=5740"},{"taxonomy":"product_tag","embeddable":true,"href":"https:\/\/totallubri.com.br\/index.php?rest_route=%2Fwp%2Fv2%2Fproduct_tag&post=5740"}],"curies":[{"name":"wp","href":"https:\/\/api.w.org\/{rel}","templated":true}]}}