{"id":5764,"date":"2017-01-17T17:35:35","date_gmt":"2017-01-17T19:35:35","guid":{"rendered":"http:\/\/totallubri.com.br\/?post_type=product&#038;p=5764"},"modified":"2024-11-21T12:24:42","modified_gmt":"2024-11-21T15:24:42","slug":"bomba-de-transferencia-eletrica-9123p-100s-piusi","status":"publish","type":"product","link":"https:\/\/totallubri.com.br\/?product=bomba-de-transferencia-eletrica-9123p-100s-piusi","title":{"rendered":"BOMBA DE TRANSFER\u00caNCIA EL\u00c9TRICA &#8211; 9123P-100S &#8211; PIUSI"},"content":{"rendered":"<p>Bomba el\u00e9trica autoaspirante de palhetas com by-pass interno, para \u00f3leo diesel.<br \/>\nVaz\u00e3o livre: 100 L\/min<br \/>\nAlimenta\u00e7\u00e3o: 220 V<br \/>\nEntrada e sa\u00edda: \u00d81\u201d BSP \/<br \/>\nflangeado<br \/>\nBy-pass: 3 min<br \/>\nGrau de prote\u00e7\u00e3o: IP55<br \/>\nPeso: 15,6 Kg<br \/>\nMedidas: (A) 200 mm (L) 176 mm (C) 315 mm<\/p>\n","protected":false},"excerpt":{"rendered":"<p>Bomba el\u00e9trica autoaspirante de palhetas com by-pass interno, para \u00f3leo diesel. Vaz\u00e3o livre: 100 L\/min Alimenta\u00e7\u00e3o: 220 V Entrada e sa\u00edda: \u00d81\u201d BSP \/ flangeado By-pass: 3 min Grau de prote\u00e7\u00e3o: IP55 Peso: 15,6 Kg Medidas: (A) 200 mm (L) 176 mm (C) 315 mm<\/p>\n","protected":false},"featured_media":5765,"comment_status":"open","ping_status":"closed","template":"","meta":{"_exactmetrics_skip_tracking":false,"_exactmetrics_sitenote_active":false,"_exactmetrics_sitenote_note":"","_exactmetrics_sitenote_category":0},"product_brand":[],"product_cat":[96],"product_tag":[],"class_list":{"0":"post-5764","1":"product","2":"type-product","3":"status-publish","4":"has-post-thumbnail","6":"product_cat-bomba-de-transferencia-eletrica-e-bateria","8":"first","9":"instock","10":"shipping-taxable","11":"product-type-simple"},"_links":{"self":[{"href":"https:\/\/totallubri.com.br\/index.php?rest_route=\/wp\/v2\/product\/5764","targetHints":{"allow":["GET"]}}],"collection":[{"href":"https:\/\/totallubri.com.br\/index.php?rest_route=\/wp\/v2\/product"}],"about":[{"href":"https:\/\/totallubri.com.br\/index.php?rest_route=\/wp\/v2\/types\/product"}],"replies":[{"embeddable":true,"href":"https:\/\/totallubri.com.br\/index.php?rest_route=%2Fwp%2Fv2%2Fcomments&post=5764"}],"wp:featuredmedia":[{"embeddable":true,"href":"https:\/\/totallubri.com.br\/index.php?rest_route=\/wp\/v2\/media\/5765"}],"wp:attachment":[{"href":"https:\/\/totallubri.com.br\/index.php?rest_route=%2Fwp%2Fv2%2Fmedia&parent=5764"}],"wp:term":[{"taxonomy":"product_brand","embeddable":true,"href":"https:\/\/totallubri.com.br\/index.php?rest_route=%2Fwp%2Fv2%2Fproduct_brand&post=5764"},{"taxonomy":"product_cat","embeddable":true,"href":"https:\/\/totallubri.com.br\/index.php?rest_route=%2Fwp%2Fv2%2Fproduct_cat&post=5764"},{"taxonomy":"product_tag","embeddable":true,"href":"https:\/\/totallubri.com.br\/index.php?rest_route=%2Fwp%2Fv2%2Fproduct_tag&post=5764"}],"curies":[{"name":"wp","href":"https:\/\/api.w.org\/{rel}","templated":true}]}}