{"id":5782,"date":"2017-01-17T17:54:37","date_gmt":"2017-01-17T19:54:37","guid":{"rendered":"http:\/\/totallubri.com.br\/?post_type=product&#038;p=5782"},"modified":"2024-12-01T12:06:26","modified_gmt":"2024-12-01T15:06:26","slug":"medido-mecanico-a-prova-de-explosao-2100a-mc-fill-rite","status":"publish","type":"product","link":"https:\/\/totallubri.com.br\/?product=medido-mecanico-a-prova-de-explosao-2100a-mc-fill-rite","title":{"rendered":"MEDIDO MEC\u00c2NICO \u00c0 PROVA DE EXPLOS\u00c3O &#8211; 2100A-MC &#8211; FILL-RITE"},"content":{"rendered":"<p>Para \u00f3leo diesel, gasolina, solventes stoddard (similar ao querosene) e heptano.<br \/>\nVaz\u00e3o: 19 a 76 L\/min<br \/>\nEntrada e sa\u00edda: \u00f8 3\/4&#8243; NPT<br \/>\nPrecis\u00e3o: +\/- 1%<br \/>\nD\u00edgitos: 03<br \/>\nAcionamento por passagem do flu\u00eddo<br \/>\nPress\u00e3o m\u00e1x.: 50 PSI<br \/>\nCertifica\u00e7\u00e3o UL\/c UL\/CE<br \/>\nPeso: 2 Kg<br \/>\nMedidas (A) 250 mm (L) 190 mm<\/p>\n","protected":false},"excerpt":{"rendered":"<p>Para \u00f3leo diesel, gasolina, solventes stoddard (similar ao querosene) e heptano. Vaz\u00e3o: 19 a 76 L\/min Entrada e sa\u00edda: \u00f8 3\/4&#8243; NPT Precis\u00e3o: +\/- 1% D\u00edgitos: 03 Acionamento por passagem do flu\u00eddo Press\u00e3o m\u00e1x.: 50 PSI Certifica\u00e7\u00e3o UL\/c UL\/CE Peso: 2 Kg Medidas (A) 250 mm (L) 190 mm<\/p>\n","protected":false},"featured_media":5783,"comment_status":"open","ping_status":"closed","template":"","meta":{"_exactmetrics_skip_tracking":false,"_exactmetrics_sitenote_active":false,"_exactmetrics_sitenote_note":"","_exactmetrics_sitenote_category":0},"product_brand":[],"product_cat":[109],"product_tag":[],"class_list":{"0":"post-5782","1":"product","2":"type-product","3":"status-publish","4":"has-post-thumbnail","6":"product_cat-medidor-mecanico","8":"first","9":"instock","10":"shipping-taxable","11":"product-type-simple"},"_links":{"self":[{"href":"https:\/\/totallubri.com.br\/index.php?rest_route=\/wp\/v2\/product\/5782","targetHints":{"allow":["GET"]}}],"collection":[{"href":"https:\/\/totallubri.com.br\/index.php?rest_route=\/wp\/v2\/product"}],"about":[{"href":"https:\/\/totallubri.com.br\/index.php?rest_route=\/wp\/v2\/types\/product"}],"replies":[{"embeddable":true,"href":"https:\/\/totallubri.com.br\/index.php?rest_route=%2Fwp%2Fv2%2Fcomments&post=5782"}],"wp:featuredmedia":[{"embeddable":true,"href":"https:\/\/totallubri.com.br\/index.php?rest_route=\/wp\/v2\/media\/5783"}],"wp:attachment":[{"href":"https:\/\/totallubri.com.br\/index.php?rest_route=%2Fwp%2Fv2%2Fmedia&parent=5782"}],"wp:term":[{"taxonomy":"product_brand","embeddable":true,"href":"https:\/\/totallubri.com.br\/index.php?rest_route=%2Fwp%2Fv2%2Fproduct_brand&post=5782"},{"taxonomy":"product_cat","embeddable":true,"href":"https:\/\/totallubri.com.br\/index.php?rest_route=%2Fwp%2Fv2%2Fproduct_cat&post=5782"},{"taxonomy":"product_tag","embeddable":true,"href":"https:\/\/totallubri.com.br\/index.php?rest_route=%2Fwp%2Fv2%2Fproduct_tag&post=5782"}],"curies":[{"name":"wp","href":"https:\/\/api.w.org\/{rel}","templated":true}]}}