{"id":5792,"date":"2017-01-17T18:03:02","date_gmt":"2017-01-17T20:03:02","guid":{"rendered":"http:\/\/totallubri.com.br\/?post_type=product&#038;p=5792"},"modified":"2024-12-01T12:59:21","modified_gmt":"2024-12-01T15:59:21","slug":"medidor-registrador-2200-mpbs-lupus-2","status":"publish","type":"product","link":"https:\/\/totallubri.com.br\/?product=medidor-registrador-2200-mpbs-lupus-2","title":{"rendered":"MEDIDOR REGISTRADOR &#8211; 2200-MPBS &#8211; LUPUS"},"content":{"rendered":"<p>Em alum\u00ednio, para combust\u00edveis com veda\u00e7\u00f5es de viton.<br \/>\nD\u00edgitos: 04<br \/>\nVaz\u00e3o livre: 150 L\/min<br \/>\nPress\u00e3o m\u00e1x. de opera\u00e7\u00e3o: 50 PSI<br \/>\nEntrada e sa\u00edda .<br \/>\n\u00d8 11\/2&#8243;\/flangeda a conex\u00e3o<br \/>\nPrecis\u00e3o: 0,3%<br \/>\nPeso: 14 Kg<br \/>\nMedidas: (A) 500 mm (L) 340 mm<\/p>\n","protected":false},"excerpt":{"rendered":"<p>Em alum\u00ednio, para combust\u00edveis com veda\u00e7\u00f5es de viton. D\u00edgitos: 04 Vaz\u00e3o livre: 150 L\/min Press\u00e3o m\u00e1x. de opera\u00e7\u00e3o: 50 PSI Entrada e sa\u00edda . \u00d8 11\/2&#8243;\/flangeda a conex\u00e3o Precis\u00e3o: 0,3% Peso: 14 Kg Medidas: (A) 500 mm (L) 340 mm<\/p>\n","protected":false},"featured_media":5793,"comment_status":"open","ping_status":"closed","template":"","meta":{"_exactmetrics_skip_tracking":false,"_exactmetrics_sitenote_active":false,"_exactmetrics_sitenote_note":"","_exactmetrics_sitenote_category":0},"product_brand":[],"product_cat":[109],"product_tag":[],"class_list":{"0":"post-5792","1":"product","2":"type-product","3":"status-publish","4":"has-post-thumbnail","6":"product_cat-medidor-mecanico","8":"first","9":"instock","10":"shipping-taxable","11":"product-type-simple"},"_links":{"self":[{"href":"https:\/\/totallubri.com.br\/index.php?rest_route=\/wp\/v2\/product\/5792","targetHints":{"allow":["GET"]}}],"collection":[{"href":"https:\/\/totallubri.com.br\/index.php?rest_route=\/wp\/v2\/product"}],"about":[{"href":"https:\/\/totallubri.com.br\/index.php?rest_route=\/wp\/v2\/types\/product"}],"replies":[{"embeddable":true,"href":"https:\/\/totallubri.com.br\/index.php?rest_route=%2Fwp%2Fv2%2Fcomments&post=5792"}],"wp:featuredmedia":[{"embeddable":true,"href":"https:\/\/totallubri.com.br\/index.php?rest_route=\/wp\/v2\/media\/5793"}],"wp:attachment":[{"href":"https:\/\/totallubri.com.br\/index.php?rest_route=%2Fwp%2Fv2%2Fmedia&parent=5792"}],"wp:term":[{"taxonomy":"product_brand","embeddable":true,"href":"https:\/\/totallubri.com.br\/index.php?rest_route=%2Fwp%2Fv2%2Fproduct_brand&post=5792"},{"taxonomy":"product_cat","embeddable":true,"href":"https:\/\/totallubri.com.br\/index.php?rest_route=%2Fwp%2Fv2%2Fproduct_cat&post=5792"},{"taxonomy":"product_tag","embeddable":true,"href":"https:\/\/totallubri.com.br\/index.php?rest_route=%2Fwp%2Fv2%2Fproduct_tag&post=5792"}],"curies":[{"name":"wp","href":"https:\/\/api.w.org\/{rel}","templated":true}]}}