{"id":5794,"date":"2017-01-17T18:04:34","date_gmt":"2017-01-17T20:04:34","guid":{"rendered":"http:\/\/totallubri.com.br\/?post_type=product&#038;p=5794"},"modified":"2024-12-21T16:55:29","modified_gmt":"2024-12-21T19:55:29","slug":"medidor-mecanico-2171-fill-rite","status":"publish","type":"product","link":"https:\/\/totallubri.com.br\/?product=medidor-mecanico-2171-fill-rite","title":{"rendered":"MEDIDOR MEC\u00c2NICO &#8211; 2171 &#8211; FILL-RITE"},"content":{"rendered":"<p>Para combust\u00edveis de avia\u00e7\u00e3o (flu\u00eddos de at\u00e9 380 CST). Com corpo em alum\u00ednio anodizado, selos em viton e acionamento por passagem de flu\u00eddo.<br \/>\nVaz\u00e3o Livre: 150 L\/min<br \/>\nEntrada e sa\u00edda: \u00d8 1&#8243; NPT<br \/>\nPress\u00e3o m\u00e1xima de opera\u00e7\u00e3o: 150 PSI<br \/>\nSistema de medi\u00e7\u00e3o: engrenagens ovais<br \/>\nPeso: 23 Kg<br \/>\nMedidas: (A) 350 mm x (L) 290 mm x (C) 290 mm<\/p>\n","protected":false},"excerpt":{"rendered":"<p>Para combust\u00edveis de avia\u00e7\u00e3o (flu\u00eddos de at\u00e9 380 CST). Com corpo em alum\u00ednio anodizado, selos em viton e acionamento por passagem de flu\u00eddo. Vaz\u00e3o Livre: 150 L\/min Entrada e sa\u00edda: \u00d8 1&#8243; NPT Press\u00e3o m\u00e1xima de opera\u00e7\u00e3o: 150 PSI Sistema de medi\u00e7\u00e3o: engrenagens ovais Peso: 23 Kg Medidas: (A) 350 mm x (L) 290 mm [&hellip;]<\/p>\n","protected":false},"featured_media":5795,"comment_status":"open","ping_status":"closed","template":"","meta":{"_exactmetrics_skip_tracking":false,"_exactmetrics_sitenote_active":false,"_exactmetrics_sitenote_note":"","_exactmetrics_sitenote_category":0},"product_brand":[],"product_cat":[109,50],"product_tag":[],"class_list":{"0":"post-5794","1":"product","2":"type-product","3":"status-publish","4":"has-post-thumbnail","6":"product_cat-medidor-mecanico","7":"product_cat-aviacao","9":"first","10":"instock","11":"shipping-taxable","12":"product-type-simple"},"_links":{"self":[{"href":"https:\/\/totallubri.com.br\/index.php?rest_route=\/wp\/v2\/product\/5794","targetHints":{"allow":["GET"]}}],"collection":[{"href":"https:\/\/totallubri.com.br\/index.php?rest_route=\/wp\/v2\/product"}],"about":[{"href":"https:\/\/totallubri.com.br\/index.php?rest_route=\/wp\/v2\/types\/product"}],"replies":[{"embeddable":true,"href":"https:\/\/totallubri.com.br\/index.php?rest_route=%2Fwp%2Fv2%2Fcomments&post=5794"}],"wp:featuredmedia":[{"embeddable":true,"href":"https:\/\/totallubri.com.br\/index.php?rest_route=\/wp\/v2\/media\/5795"}],"wp:attachment":[{"href":"https:\/\/totallubri.com.br\/index.php?rest_route=%2Fwp%2Fv2%2Fmedia&parent=5794"}],"wp:term":[{"taxonomy":"product_brand","embeddable":true,"href":"https:\/\/totallubri.com.br\/index.php?rest_route=%2Fwp%2Fv2%2Fproduct_brand&post=5794"},{"taxonomy":"product_cat","embeddable":true,"href":"https:\/\/totallubri.com.br\/index.php?rest_route=%2Fwp%2Fv2%2Fproduct_cat&post=5794"},{"taxonomy":"product_tag","embeddable":true,"href":"https:\/\/totallubri.com.br\/index.php?rest_route=%2Fwp%2Fv2%2Fproduct_tag&post=5794"}],"curies":[{"name":"wp","href":"https:\/\/api.w.org\/{rel}","templated":true}]}}