{"id":5796,"date":"2017-01-17T18:05:21","date_gmt":"2017-01-17T20:05:21","guid":{"rendered":"http:\/\/totallubri.com.br\/?post_type=product&#038;p=5796"},"modified":"2024-12-01T12:41:15","modified_gmt":"2024-12-01T15:41:15","slug":"medidor-mecanico-2172-fill-rite","status":"publish","type":"product","link":"https:\/\/totallubri.com.br\/?product=medidor-mecanico-2172-fill-rite","title":{"rendered":"MEDIDOR MEC\u00c2NICO \u2013 2172 \u2013 FILL-RITE-LUPUS"},"content":{"rendered":"<p>Com corpo em alum\u00ednio anodizado , selos em viton, filtro, eliminador de ar, registrador mec\u00e2nico em litros, preset com v\u00e1lvula de duplo estado e acionamento por passagem de flu\u00eddo.<br \/>\nVaz\u00e3o Livre: 230 L\/min<br \/>\nEntrada e sa\u00edda: \u00d8 1.1\/2&#8243; NPT<br \/>\nPress\u00e3o m\u00e1xima de opera\u00e7\u00e3o 150 PSI.<br \/>\nSistema de medi\u00e7\u00e3o: engrenagens ovais<\/p>\n<p>Peso: 44 Kg<br \/>\nMedidas: (A) 440 mm x (L) 540 mm x (C) 480 mm<\/p>\n","protected":false},"excerpt":{"rendered":"<p>Com corpo em alum\u00ednio anodizado , selos em viton, filtro, eliminador de ar, registrador mec\u00e2nico em litros, preset com v\u00e1lvula de duplo estado e acionamento por passagem de flu\u00eddo. Vaz\u00e3o Livre: 230 L\/min Entrada e sa\u00edda: \u00d8 1.1\/2&#8243; NPT Press\u00e3o m\u00e1xima de opera\u00e7\u00e3o 150 PSI. Sistema de medi\u00e7\u00e3o: engrenagens ovais Peso: 44 Kg Medidas: (A) [&hellip;]<\/p>\n","protected":false},"featured_media":5797,"comment_status":"open","ping_status":"closed","template":"","meta":{"_exactmetrics_skip_tracking":false,"_exactmetrics_sitenote_active":false,"_exactmetrics_sitenote_note":"","_exactmetrics_sitenote_category":0},"product_brand":[],"product_cat":[109],"product_tag":[],"class_list":{"0":"post-5796","1":"product","2":"type-product","3":"status-publish","4":"has-post-thumbnail","6":"product_cat-medidor-mecanico","8":"first","9":"instock","10":"shipping-taxable","11":"product-type-simple"},"_links":{"self":[{"href":"https:\/\/totallubri.com.br\/index.php?rest_route=\/wp\/v2\/product\/5796","targetHints":{"allow":["GET"]}}],"collection":[{"href":"https:\/\/totallubri.com.br\/index.php?rest_route=\/wp\/v2\/product"}],"about":[{"href":"https:\/\/totallubri.com.br\/index.php?rest_route=\/wp\/v2\/types\/product"}],"replies":[{"embeddable":true,"href":"https:\/\/totallubri.com.br\/index.php?rest_route=%2Fwp%2Fv2%2Fcomments&post=5796"}],"wp:featuredmedia":[{"embeddable":true,"href":"https:\/\/totallubri.com.br\/index.php?rest_route=\/wp\/v2\/media\/5797"}],"wp:attachment":[{"href":"https:\/\/totallubri.com.br\/index.php?rest_route=%2Fwp%2Fv2%2Fmedia&parent=5796"}],"wp:term":[{"taxonomy":"product_brand","embeddable":true,"href":"https:\/\/totallubri.com.br\/index.php?rest_route=%2Fwp%2Fv2%2Fproduct_brand&post=5796"},{"taxonomy":"product_cat","embeddable":true,"href":"https:\/\/totallubri.com.br\/index.php?rest_route=%2Fwp%2Fv2%2Fproduct_cat&post=5796"},{"taxonomy":"product_tag","embeddable":true,"href":"https:\/\/totallubri.com.br\/index.php?rest_route=%2Fwp%2Fv2%2Fproduct_tag&post=5796"}],"curies":[{"name":"wp","href":"https:\/\/api.w.org\/{rel}","templated":true}]}}