{"id":5798,"date":"2017-01-17T18:06:12","date_gmt":"2017-01-17T20:06:12","guid":{"rendered":"http:\/\/totallubri.com.br\/?post_type=product&#038;p=5798"},"modified":"2024-12-21T16:54:03","modified_gmt":"2024-12-21T19:54:03","slug":"medidor-mecanico-2173-fill-rite","status":"publish","type":"product","link":"https:\/\/totallubri.com.br\/?product=medidor-mecanico-2173-fill-rite","title":{"rendered":"MEDIDOR MEC\u00c2NICO &#8211; 2173 &#8211; FILL-RITE"},"content":{"rendered":"<p>Para combust\u00edveis de avia\u00e7\u00e3o (flu\u00eddos de at\u00e9 980 CST). Com corpo em alum\u00ednio anodizado, selos em viton, filtro de entrada para o medidor de fluxo, coador de alta capacidade para a alta velocidade de servi\u00e7o de caminh\u00e3o diesel, eliminador de ar montado no filtro v\u00e1lvula de contrapress\u00e3o para elimina\u00e7\u00e3o de ar refor\u00e7ada em caminh\u00f5es, v\u00e1lvula preset mec\u00e2nica e acionamento por passagem de flu\u00eddo.<br \/>\nVaz\u00e3o Livre: 150 L\/min<br \/>\nEntrada e sa\u00edda: \u00d8 2&#8243; NPT<br \/>\nPress\u00e3o m\u00e1xima de opera\u00e7\u00e3o: 570 PSI<br \/>\nSistema de medi\u00e7\u00e3o: engrenagens ovais<br \/>\nPeso: 50 Kg<br \/>\nMedidas: (A) 490 mm x (L) 600 mm x (C) 480 mm<\/p>\n","protected":false},"excerpt":{"rendered":"<p>Para combust\u00edveis de avia\u00e7\u00e3o (flu\u00eddos de at\u00e9 980 CST). Com corpo em alum\u00ednio anodizado, selos em viton, filtro de entrada para o medidor de fluxo, coador de alta capacidade para a alta velocidade de servi\u00e7o de caminh\u00e3o diesel, eliminador de ar montado no filtro v\u00e1lvula de contrapress\u00e3o para elimina\u00e7\u00e3o de ar refor\u00e7ada em caminh\u00f5es, v\u00e1lvula [&hellip;]<\/p>\n","protected":false},"featured_media":5799,"comment_status":"open","ping_status":"closed","template":"","meta":{"_exactmetrics_skip_tracking":false,"_exactmetrics_sitenote_active":false,"_exactmetrics_sitenote_note":"","_exactmetrics_sitenote_category":0},"product_brand":[],"product_cat":[109,50],"product_tag":[],"class_list":{"0":"post-5798","1":"product","2":"type-product","3":"status-publish","4":"has-post-thumbnail","6":"product_cat-medidor-mecanico","7":"product_cat-aviacao","9":"first","10":"instock","11":"shipping-taxable","12":"product-type-simple"},"_links":{"self":[{"href":"https:\/\/totallubri.com.br\/index.php?rest_route=\/wp\/v2\/product\/5798","targetHints":{"allow":["GET"]}}],"collection":[{"href":"https:\/\/totallubri.com.br\/index.php?rest_route=\/wp\/v2\/product"}],"about":[{"href":"https:\/\/totallubri.com.br\/index.php?rest_route=\/wp\/v2\/types\/product"}],"replies":[{"embeddable":true,"href":"https:\/\/totallubri.com.br\/index.php?rest_route=%2Fwp%2Fv2%2Fcomments&post=5798"}],"wp:featuredmedia":[{"embeddable":true,"href":"https:\/\/totallubri.com.br\/index.php?rest_route=\/wp\/v2\/media\/5799"}],"wp:attachment":[{"href":"https:\/\/totallubri.com.br\/index.php?rest_route=%2Fwp%2Fv2%2Fmedia&parent=5798"}],"wp:term":[{"taxonomy":"product_brand","embeddable":true,"href":"https:\/\/totallubri.com.br\/index.php?rest_route=%2Fwp%2Fv2%2Fproduct_brand&post=5798"},{"taxonomy":"product_cat","embeddable":true,"href":"https:\/\/totallubri.com.br\/index.php?rest_route=%2Fwp%2Fv2%2Fproduct_cat&post=5798"},{"taxonomy":"product_tag","embeddable":true,"href":"https:\/\/totallubri.com.br\/index.php?rest_route=%2Fwp%2Fv2%2Fproduct_tag&post=5798"}],"curies":[{"name":"wp","href":"https:\/\/api.w.org\/{rel}","templated":true}]}}